{"id":4050,"date":"2017-09-11T09:56:05","date_gmt":"2017-09-11T07:56:05","guid":{"rendered":"http:\/\/www.distribution.fluides-service.com\/os-nossos-setores-de-atividade\/energias\/"},"modified":"2019-07-02T15:52:04","modified_gmt":"2019-07-02T13:52:04","slug":"energias","status":"publish","type":"page","link":"https:\/\/www.distribution.fluides-service.com\/pt-pt\/os-nossos-setores-de-atividade\/energias\/","title":{"rendered":"Energias"},"content":{"rendered":"[mk_page_section bg_image=&#8221;https:\/\/www.distribution.fluides-service.com\/wp-content\/uploads\/2017\/06\/3-image1.jpg&#8221; bg_position=&#8221;center center&#8221; bg_repeat=&#8221;no-repeat&#8221; bg_stretch=&#8221;true&#8221; video_loop=&#8221;false&#8221; full_height=&#8221;true&#8221; padding_top=&#8221;&#8221; padding_bottom=&#8221;&#8221; skip_arrow=&#8221;true&#8221; sidebar=&#8221;sidebar-1&#8243;][vc_column css=&#8221;.vc_custom_1499273361776{padding-top: 20% !important;}&#8221;][vc_column_text disable_pattern=&#8221;false&#8221; css=&#8221;.vc_custom_1562075519011{margin-bottom: 0px !important;}&#8221;]<img decoding=\"async\" loading=\"lazy\" class=\"opaque alignnone wp-image-172\" src=\"https:\/\/www.distribution.fluides-service.com\/wp-content\/uploads\/2017\/06\/energy-fluides-services-distribution.png\" alt=\"\" width=\"80\" height=\"80\" srcset=\"https:\/\/www.distribution.fluides-service.com\/wp-content\/uploads\/2017\/06\/energy-fluides-services-distribution.png 110w, https:\/\/www.distribution.fluides-service.com\/wp-content\/uploads\/2017\/06\/energy-fluides-services-distribution-300x300.png 300w\" sizes=\"(max-width: 80px) 100vw, 80px\" \/><\/p>\n<h2><span style=\"background-color: rgba(255,255,255,0.6);\">Energias<\/span><\/h2>\n<p>&nbsp;<\/p>\n<h3><span style=\"background-color: rgba(255, 255, 255, 0.6);\">Associado a um grupo de provis\u00f5es industriais franc\u00eas h\u00e1 mais de 150 anos, presente junto de atores da energia h\u00e1 d\u00e9cadas, conhecemos os seus desafios. Propomos-lhe solu\u00e7\u00f5es fi\u00e1veis para proteger as suas provis\u00f5es e garantir a sua produ\u00e7\u00e3o. <\/span><\/h3>\n[\/vc_column_text][\/vc_column][\/mk_page_section][vc_row][vc_column width=&#8221;1\/4&#8243; css=&#8221;.vc_custom_1506443035604{padding-top: 5% !important;padding-bottom: 5% !important;}&#8221;][vc_single_image image=&#8221;327&#8243; img_size=&#8221;80&#215;80&#8243; alignment=&#8221;center&#8221;][vc_column_text align=&#8221;center&#8221; css=&#8221;.vc_custom_1505310115002{margin-bottom: 0px !important;}&#8221;]\n<h6>ESTANQUEIDADE<\/h6>\n[\/vc_column_text][vc_separator color=&#8221;juicy_pink&#8221; el_width=&#8221;30&#8243;][vc_column_text align=&#8221;center&#8221; css=&#8221;.vc_custom_1505310082380{margin-bottom: 0px !important;}&#8221;]Cintas mec\u00e2nicas de bombas, juntas, vedantes, espirais, pratos, com rebordo, especiais\u2026<br \/>\n\u00c0 unidade ou em kit, cortado ou em placa.[\/vc_column_text][\/vc_column][vc_column width=&#8221;1\/4&#8243; css=&#8221;.vc_custom_1506443028810{padding-top: 5% !important;padding-bottom: 5% !important;}&#8221;][vc_single_image image=&#8221;324&#8243; img_size=&#8221;80&#215;80&#8243; alignment=&#8221;center&#8221;][vc_column_text disable_pattern=&#8221;false&#8221; align=&#8221;center&#8221; css=&#8221;.vc_custom_1505310035320{margin-bottom: 0px !important;}&#8221;]\n<h6>COMPONENTES HIDR\u00c1ULICOS E PNEUM\u00c1TICOS<\/h6>\n[\/vc_column_text][vc_separator color=&#8221;juicy_pink&#8221; el_width=&#8221;30&#8243;][vc_column_text disable_pattern=&#8221;false&#8221; align=&#8221;center&#8221; css=&#8221;.vc_custom_1505310045348{margin-bottom: 0px !important;}&#8221;]Compressores de ar, acionadores hidr\u00e1ulicos, macacos, motores e acess\u00f3rios, filtros de ar ou hidr\u00e1ulicos, purgadores, separadores, secadores de ar e dessecantes\u2026[\/vc_column_text][\/vc_column][vc_column width=&#8221;1\/4&#8243; css=&#8221;.vc_custom_1506443022885{padding-top: 5% !important;padding-bottom: 5% !important;}&#8221;][vc_single_image image=&#8221;326&#8243; img_size=&#8221;80&#215;80&#8243; alignment=&#8221;center&#8221;][vc_column_text disable_pattern=&#8221;false&#8221; align=&#8221;center&#8221; css=&#8221;.vc_custom_1505310282795{margin-bottom: 0px !important;}&#8221;]\n<h6>EQUIPAMENTOS DE OFICINA<\/h6>\n[\/vc_column_text][vc_separator color=&#8221;juicy_pink&#8221; el_width=&#8221;30&#8243;][vc_column_text disable_pattern=&#8221;false&#8221; align=&#8221;center&#8221; css=&#8221;.vc_custom_1505310290047{margin-bottom: 0px !important;}&#8221;]Ferramentas de corte (fresas, brocas, tarraxas, mandris, pastilhas carbonetos\u2026), material de soldadura (postes, lanternas, acess\u00f3rios, consum\u00edveis certificados e ferramentas de montagem\u2026)[\/vc_column_text][\/vc_column][vc_column width=&#8221;1\/4&#8243; css=&#8221;.vc_custom_1506443016341{padding-top: 5% !important;padding-bottom: 5% !important;}&#8221;][vc_single_image image=&#8221;330&#8243; img_size=&#8221;80&#215;80&#8243; alignment=&#8221;center&#8221;][vc_column_text disable_pattern=&#8221;false&#8221; align=&#8221;center&#8221; css=&#8221;.vc_custom_1505309995298{margin-bottom: 0px !important;}&#8221;]\n<h6>FERRAMENTAS<\/h6>\n[\/vc_column_text][vc_separator color=&#8221;juicy_pink&#8221; el_width=&#8221;30&#8243;][vc_column_text disable_pattern=&#8221;false&#8221; align=&#8221;center&#8221; css=&#8221;.vc_custom_1505309987083{margin-bottom: 0px !important;}&#8221;]V\u00e1rias gamas de ferramentas manuais, el\u00e9tricas port\u00e1teis com as maiores marcas para as suas perfuradoras, desbastadoras, chaves de fendas e outras ferramentas port\u00e1teis\u2026[\/vc_column_text][\/vc_column][\/vc_row][vc_row][vc_column width=&#8221;1\/4&#8243; css=&#8221;.vc_custom_1506443035604{padding-top: 5% !important;padding-bottom: 5% !important;}&#8221;][vc_single_image image=&#8221;333&#8243; img_size=&#8221;80&#215;80&#8243; alignment=&#8221;center&#8221;][vc_column_text disable_pattern=&#8221;false&#8221; align=&#8221;center&#8221; css=&#8221;.vc_custom_1505310240140{margin-bottom: 0px !important;}&#8221;]\n<h6>TRANSFER\u00caNCIA DE FLUIDOS<\/h6>\n[\/vc_column_text][vc_separator color=&#8221;juicy_pink&#8221; el_width=&#8221;30&#8243;][vc_column_text disable_pattern=&#8221;false&#8221; align=&#8221;center&#8221; css=&#8221;.vc_custom_1505310250906{margin-bottom: 0px !important;}&#8221;]Pe\u00e7as de uni\u00e3o hidr\u00e1ulicas, pe\u00e7as de uni\u00e3o bombeiro, expresso, acopladores, adaptadores, distribuidores, comandos hidr\u00e1ulicos, flex\u00edveis baixa e alta press\u00e3o, ganhos, conectores\u2026[\/vc_column_text][\/vc_column][vc_column width=&#8221;1\/4&#8243; css=&#8221;.vc_custom_1506443028810{padding-top: 5% !important;padding-bottom: 5% !important;}&#8221;][vc_single_image image=&#8221;325&#8243; img_size=&#8221;80&#215;80&#8243; alignment=&#8221;center&#8221;][vc_column_text disable_pattern=&#8221;false&#8221; align=&#8221;center&#8221; css=&#8221;.vc_custom_1505310143013{margin-bottom: 0px !important;}&#8221;]\n<h6>EPI (para EQUIPAMENTOS DE PROTE\u00c7\u00c3O INDIVIDUAL)<\/h6>\n[\/vc_column_text][vc_separator color=&#8221;juicy_pink&#8221; el_width=&#8221;30&#8243;][vc_column_text disable_pattern=&#8221;false&#8221; align=&#8221;center&#8221; css=&#8221;.vc_custom_1505310159705{margin-bottom: 0px !important;}&#8221;]Prote\u00e7\u00e3o da cabe\u00e7a, dos olhos, das m\u00e3os, dos p\u00e9s, prote\u00e7\u00e3o antirru\u00eddo, respirat\u00f3ria, contra o afogamento, roupa de trabalho[\/vc_column_text][\/vc_column][vc_column width=&#8221;1\/4&#8243; css=&#8221;.vc_custom_1506443022885{padding-top: 5% !important;padding-bottom: 5% !important;}&#8221;][vc_single_image image=&#8221;334&#8243; img_size=&#8221;80&#215;80&#8243; alignment=&#8221;center&#8221;][vc_column_text align=&#8221;center&#8221; css=&#8221;.vc_custom_1505310012617{margin-bottom: 0px !important;}&#8221;]\n<h6>TRANSMISS\u00c3O MEC\u00c2NICA<\/h6>\n[\/vc_column_text][vc_separator color=&#8221;juicy_pink&#8221; el_width=&#8221;30&#8243;][vc_column_text align=&#8221;center&#8221; css=&#8221;.vc_custom_1505310020350{margin-bottom: 0px !important;}&#8221;]Rolamentos, correias, polias, acoplamentos, correntes, cardans, redutores\u2026[\/vc_column_text][\/vc_column][vc_column width=&#8221;1\/4&#8243; css=&#8221;.vc_custom_1506443016341{padding-top: 5% !important;padding-bottom: 5% !important;}&#8221;][vc_single_image image=&#8221;331&#8243; img_size=&#8221;80&#215;80&#8243; alignment=&#8221;center&#8221;][vc_column_text align=&#8221;center&#8221; css=&#8221;.vc_custom_1505310423283{margin-bottom: 0px !important;}&#8221;]\n<h6>V\u00c1LVULAS<\/h6>\n[\/vc_column_text][vc_separator color=&#8221;juicy_pink&#8221; el_width=&#8221;30&#8243;][vc_column_text align=&#8221;center&#8221; css=&#8221;.vc_custom_1505310433312{margin-bottom: 0px !important;}&#8221;]Da v\u00e1lvula do instrumento \u00e0 v\u00e1lvula de conduta. Da v\u00e1lvula manual \u00e0 v\u00e1lvula pneum\u00e1tica ou el\u00e9trica. Conforme as especifica\u00e7\u00f5es, com certificados e inspe\u00e7\u00e3o\u2026[\/vc_column_text][\/vc_column][\/vc_row][vc_row][vc_column width=&#8221;1\/4&#8243; css=&#8221;.vc_custom_1506443035604{padding-top: 5% !important;padding-bottom: 5% !important;}&#8221;][vc_single_image image=&#8221;323&#8243; img_size=&#8221;80&#215;80&#8243; alignment=&#8221;center&#8221;][vc_column_text align=&#8221;center&#8221; css=&#8221;.vc_custom_1505310309656{margin-bottom: 0px !important;}&#8221;]\n<h6>COLAS E LUBRIFICANTES<\/h6>\n[\/vc_column_text][vc_separator color=&#8221;juicy_pink&#8221; el_width=&#8221;30&#8243;][vc_column_text align=&#8221;center&#8221; css=&#8221;.vc_custom_1505310316065{margin-bottom: 0px !important;}&#8221;]Cola em tubo, em cartucho, produtos desengordurantes, produtos de limpeza, produtos de estanqueidade\u2026[\/vc_column_text][\/vc_column][vc_column width=&#8221;1\/4&#8243; css=&#8221;.vc_custom_1506443028810{padding-top: 5% !important;padding-bottom: 5% !important;}&#8221;][vc_single_image image=&#8221;328&#8243; img_size=&#8221;80&#215;80&#8243; alignment=&#8221;center&#8221;][vc_column_text align=&#8221;center&#8221; css=&#8221;.vc_custom_1505310380758{margin-bottom: 0px !important;}&#8221;]\n<h6>FILTRA\u00c7\u00c3O<\/h6>\n[\/vc_column_text][vc_separator color=&#8221;juicy_pink&#8221; el_width=&#8221;30&#8243;][vc_column_text align=&#8221;center&#8221; css=&#8221;.vc_custom_1505310372340{margin-bottom: 0px !important;}&#8221;]Filtros de ar de baixa e alta press\u00e3o (com cartuchos adapt\u00e1veis), filtros hidr\u00e1ulicos, purgadores, separadores\u2026[\/vc_column_text][\/vc_column][vc_column width=&#8221;1\/4&#8243; css=&#8221;.vc_custom_1506443022885{padding-top: 5% !important;padding-bottom: 5% !important;}&#8221;][vc_single_image image=&#8221;329&#8243; img_size=&#8221;80&#215;80&#8243; alignment=&#8221;center&#8221;][vc_column_text align=&#8221;center&#8221; css=&#8221;.vc_custom_1505310393489{margin-bottom: 0px !important;}&#8221;]\n<h6>INSTRUMENTOS<\/h6>\n[\/vc_column_text][vc_separator color=&#8221;juicy_pink&#8221; el_width=&#8221;30&#8243;][vc_column_text align=&#8221;center&#8221; css=&#8221;.vc_custom_1505310408238{margin-bottom: 0px !important;}&#8221;]Instrumentos de medi\u00e7\u00e3o, transmissores, sondas, man\u00f3metros, analisadores, indicadores de n\u00edvel. Tubagem, encaixes, coletor, caixa de jun\u00e7\u00e3o, cabo, caminho de cabo&#8230;[\/vc_column_text][\/vc_column][vc_column width=&#8221;1\/4&#8243; css=&#8221;.vc_custom_1506443016341{padding-top: 5% !important;padding-bottom: 5% !important;}&#8221;][vc_single_image image=&#8221;332&#8243; img_size=&#8221;80&#215;80&#8243; alignment=&#8221;center&#8221;][vc_column_text align=&#8221;center&#8221; css=&#8221;.vc_custom_1505310183040{margin-bottom: 0px !important;}&#8221;]\n<h6>TERCI\u00c1RIO<\/h6>\n[\/vc_column_text][vc_separator color=&#8221;juicy_pink&#8221; el_width=&#8221;30&#8243;][vc_column_text align=&#8221;center&#8221; css=&#8221;.vc_custom_1505310193798{margin-bottom: 0px !important;}&#8221;]Provis\u00f5es, produtos alimentares (c\u00e1psulas de caf\u00e9, alimentos com respeito \u00e0 cadeia do frio\u2026), ve\u00edculos (cl\u00e1ssicos ou modificados GNV) para condi\u00e7\u00f5es b\u00e1sicas de vida e locais[\/vc_column_text][\/vc_column][\/vc_row]\n","protected":false},"excerpt":{"rendered":"<p>Aprovisionamentos seguros em prazos e qualidade, garantia de uma produ\u00e7\u00e3o assegurada.<\/p>\n","protected":false},"author":1,"featured_media":1827,"parent":4019,"menu_order":0,"comment_status":"closed","ping_status":"closed","template":"","meta":{"footnotes":""},"_links":{"self":[{"href":"https:\/\/www.distribution.fluides-service.com\/pt-pt\/wp-json\/wp\/v2\/pages\/4050"}],"collection":[{"href":"https:\/\/www.distribution.fluides-service.com\/pt-pt\/wp-json\/wp\/v2\/pages"}],"about":[{"href":"https:\/\/www.distribution.fluides-service.com\/pt-pt\/wp-json\/wp\/v2\/types\/page"}],"author":[{"embeddable":true,"href":"https:\/\/www.distribution.fluides-service.com\/pt-pt\/wp-json\/wp\/v2\/users\/1"}],"replies":[{"embeddable":true,"href":"https:\/\/www.distribution.fluides-service.com\/pt-pt\/wp-json\/wp\/v2\/comments?post=4050"}],"version-history":[{"count":1,"href":"https:\/\/www.distribution.fluides-service.com\/pt-pt\/wp-json\/wp\/v2\/pages\/4050\/revisions"}],"predecessor-version":[{"id":6379,"href":"https:\/\/www.distribution.fluides-service.com\/pt-pt\/wp-json\/wp\/v2\/pages\/4050\/revisions\/6379"}],"up":[{"embeddable":true,"href":"https:\/\/www.distribution.fluides-service.com\/pt-pt\/wp-json\/wp\/v2\/pages\/4019"}],"wp:featuredmedia":[{"embeddable":true,"href":"https:\/\/www.distribution.fluides-service.com\/pt-pt\/wp-json\/wp\/v2\/media\/1827"}],"wp:attachment":[{"href":"https:\/\/www.distribution.fluides-service.com\/pt-pt\/wp-json\/wp\/v2\/media?parent=4050"}],"curies":[{"name":"wp","href":"https:\/\/api.w.org\/{rel}","templated":true}]}}