{"id":4021,"date":"2017-09-11T09:49:58","date_gmt":"2017-09-11T07:49:58","guid":{"rendered":"http:\/\/www.distribution.fluides-service.com\/os-nossos-setores-de-atividade\/petroleo-e-gas\/"},"modified":"2019-07-02T16:07:17","modified_gmt":"2019-07-02T14:07:17","slug":"petroleo-e-gas","status":"publish","type":"page","link":"https:\/\/www.distribution.fluides-service.com\/pt-pt\/os-nossos-setores-de-atividade\/petroleo-e-gas\/","title":{"rendered":"Petr\u00f3leo e G\u00e1s"},"content":{"rendered":"[mk_page_section bg_image=&#8221;https:\/\/www.distribution.fluides-service.com\/wp-content\/uploads\/2017\/06\/slide-fluides-services-activite-oil-et-gas.jpg&#8221; bg_position=&#8221;right bottom&#8221; bg_repeat=&#8221;no-repeat&#8221; bg_stretch=&#8221;true&#8221; video_loop=&#8221;false&#8221; full_height=&#8221;true&#8221; padding_top=&#8221;&#8221; padding_bottom=&#8221;&#8221; skip_arrow=&#8221;true&#8221; sidebar=&#8221;sidebar-1&#8243;][vc_column css=&#8221;.vc_custom_1499273361776{padding-top: 20% !important;}&#8221;][vc_column_text disable_pattern=&#8221;false&#8221; css=&#8221;.vc_custom_1562076432227{margin-bottom: 0px !important;}&#8221;]<img decoding=\"async\" loading=\"lazy\" class=\"opaque alignnone wp-image-174 size-full\" src=\"https:\/\/www.distribution.fluides-service.com\/wp-content\/uploads\/2017\/06\/oilgas-fluides-services-distribution.png\" alt=\"\" width=\"110\" height=\"110\" srcset=\"https:\/\/www.distribution.fluides-service.com\/wp-content\/uploads\/2017\/06\/oilgas-fluides-services-distribution.png 110w, https:\/\/www.distribution.fluides-service.com\/wp-content\/uploads\/2017\/06\/oilgas-fluides-services-distribution-300x300.png 300w\" sizes=\"(max-width: 110px) 100vw, 110px\" \/><\/p>\n<h2><span style=\"background-color: rgba(255, 255, 255, 0.6);\">Petr\u00f3leo e G\u00e1s <\/span><\/h2>\n<p>&nbsp;<\/p>\n<h3><span style=\"background-color: rgba(255, 255, 255, 0.6);\"> Desde h\u00e1 mais de 40 anos a seu lado, temos um excelente conhecimento dos seus equipamentos, mesmo os antigos, e das suas limita\u00e7\u00f5es e normas. Como Fluides Service Technologies, fabricante de m\u00e1quinas especiais, temos a mesma identidade t\u00e9cnica. Dos consum\u00edveis aos produtos com gest\u00e3o documental ou projetos especiais conforme as especifica\u00e7\u00f5es, acompanhamo-lo no conjunto das suas miss\u00f5es, em todo o mundo.<\/span><\/h3>\n[\/vc_column_text][\/vc_column][\/mk_page_section][vc_row][vc_column width=&#8221;1\/4&#8243; css=&#8221;.vc_custom_1506443035604{padding-top: 5% !important;padding-bottom: 5% !important;}&#8221;][vc_single_image image=&#8221;527&#8243; img_size=&#8221;80&#215;80&#8243; alignment=&#8221;center&#8221;][vc_column_text align=&#8221;center&#8221; css=&#8221;.vc_custom_1505308031720{margin-bottom: 0px !important;}&#8221;]\n<h6>MATERIAL ANTIDEFLAGRANTE<\/h6>\n[\/vc_column_text][vc_separator color=&#8221;juicy_pink&#8221; el_width=&#8221;30&#8243;][vc_column_text align=&#8221;center&#8221; css=&#8221;.vc_custom_1505308040888{margin-bottom: 0px !important;}&#8221;]Material seguro e adaptado \u00e0s diferentes zonas ATEX: a nossa atividade principal h\u00e1 mais de 40 anos.[\/vc_column_text][\/vc_column][vc_column width=&#8221;1\/4&#8243; css=&#8221;.vc_custom_1506443028810{padding-top: 5% !important;padding-bottom: 5% !important;}&#8221;][vc_single_image image=&#8221;350&#8243; img_size=&#8221;80&#215;80&#8243; alignment=&#8221;center&#8221;][vc_column_text align=&#8221;center&#8221; css=&#8221;.vc_custom_1505308196712{margin-bottom: 0px !important;}&#8221;]\n<h6>M\u00c1QUINAS ROTATIVAS<\/h6>\n[\/vc_column_text][vc_separator color=&#8221;juicy_pink&#8221; el_width=&#8221;30&#8243;][vc_column_text align=&#8221;center&#8221; css=&#8221;.vc_custom_1505308204773{margin-bottom: 0px !important;}&#8221;]Motores simples ou acoplados, skid de bombeio, motores kit refinaria, compressores ATEX, kits e acess\u00f3rios\u2026[\/vc_column_text][\/vc_column][vc_column width=&#8221;1\/4&#8243; css=&#8221;.vc_custom_1506443022885{padding-top: 5% !important;padding-bottom: 5% !important;}&#8221;][vc_single_image image=&#8221;334&#8243; img_size=&#8221;80&#215;80&#8243; alignment=&#8221;center&#8221;][vc_column_text align=&#8221;center&#8221; css=&#8221;.vc_custom_1505308159978{margin-bottom: 0px !important;}&#8221;]\n<h6>TRANSMISS\u00c3O MEC\u00c2NICA<\/h6>\n[\/vc_column_text][vc_separator color=&#8221;juicy_pink&#8221; el_width=&#8221;30&#8243;][vc_column_text align=&#8221;center&#8221; css=&#8221;.vc_custom_1505308166821{margin-bottom: 0px !important;}&#8221;]Rolamentos, correias, polias, acoplamentos, correntes, cardans, redutores\u2026[\/vc_column_text][\/vc_column][vc_column width=&#8221;1\/4&#8243; css=&#8221;.vc_custom_1506443016341{padding-top: 5% !important;padding-bottom: 5% !important;}&#8221;][vc_single_image image=&#8221;329&#8243; img_size=&#8221;80&#215;80&#8243; alignment=&#8221;center&#8221;][vc_column_text align=&#8221;center&#8221; css=&#8221;.vc_custom_1505308250074{margin-bottom: 0px !important;}&#8221;]\n<h6>INSTRUMENTOS<\/h6>\n[\/vc_column_text][vc_separator color=&#8221;juicy_pink&#8221; el_width=&#8221;30&#8243;][vc_column_text align=&#8221;center&#8221; css=&#8221;.vc_custom_1505308256835{margin-bottom: 0px !important;}&#8221;]As maiores marcas de instrumentos espec\u00edficos do setor Petr\u00f3leo e G\u00e1s (instrumentos, sondas, analisadores, man\u00f3metros, tubagem&#8230;) Entregues com certificados.[\/vc_column_text][\/vc_column][\/vc_row][vc_row][vc_column width=&#8221;1\/4&#8243; css=&#8221;.vc_custom_1506443035604{padding-top: 5% !important;padding-bottom: 5% !important;}&#8221;][vc_single_image image=&#8221;331&#8243; img_size=&#8221;80&#215;80&#8243; alignment=&#8221;center&#8221;][vc_column_text align=&#8221;center&#8221; css=&#8221;.vc_custom_1505308293027{margin-bottom: 0px !important;}&#8221;]\n<h6>V\u00c1LVULAS<\/h6>\n[\/vc_column_text][vc_separator color=&#8221;juicy_pink&#8221; el_width=&#8221;30&#8243;][vc_column_text align=&#8221;center&#8221; css=&#8221;.vc_custom_1505308281199{margin-bottom: 0px !important;}&#8221;]Da v\u00e1lvula do instrumento \u00e0 v\u00e1lvula de conduta. Da v\u00e1lvula manual \u00e0 v\u00e1lvula pneum\u00e1tica ou el\u00e9trica. Conforme as especifica\u00e7\u00f5es, com certificados e inspe\u00e7\u00e3o\u2026[\/vc_column_text][\/vc_column][vc_column width=&#8221;1\/4&#8243; css=&#8221;.vc_custom_1506443028810{padding-top: 5% !important;padding-bottom: 5% !important;}&#8221;][vc_single_image image=&#8221;325&#8243; img_size=&#8221;80&#215;80&#8243; alignment=&#8221;center&#8221;][vc_column_text align=&#8221;center&#8221; css=&#8221;.vc_custom_1505308122045{margin-bottom: 0px !important;}&#8221;]\n<h6>EPI (para EQUIPAMENTOS DE PROTE\u00c7\u00c3O INDIVIDUAL)<\/h6>\n[\/vc_column_text][vc_separator color=&#8221;juicy_pink&#8221; el_width=&#8221;30&#8243;][vc_column_text align=&#8221;center&#8221; css=&#8221;.vc_custom_1505308132673{margin-bottom: 0px !important;}&#8221;]Prote\u00e7\u00e3o da cabe\u00e7a, dos olhos, das m\u00e3os, dos p\u00e9s, prote\u00e7\u00e3o antirru\u00eddo, respirat\u00f3ria, contra o afogamento, roupa de trabalho[\/vc_column_text][\/vc_column][vc_column width=&#8221;1\/4&#8243; css=&#8221;.vc_custom_1506443022885{padding-top: 5% !important;padding-bottom: 5% !important;}&#8221;][vc_single_image image=&#8221;503&#8243; img_size=&#8221;80&#215;80&#8243; alignment=&#8221;center&#8221;][vc_column_text disable_pattern=&#8221;false&#8221; align=&#8221;center&#8221; css=&#8221;.vc_custom_1505308102753{margin-bottom: 0px !important;}&#8221;]\n<h6>LIGA\u00c7\u00d5ES<\/h6>\n[\/vc_column_text][vc_separator color=&#8221;juicy_pink&#8221; el_width=&#8221;30&#8243;][vc_column_text disable_pattern=&#8221;false&#8221; align=&#8221;center&#8221; css=&#8221;.vc_custom_1505308093616{margin-bottom: 0px !important;}&#8221;]Bridas, tubagem, DBB, SBB, pe\u00e7as de uni\u00e3o, parafusos, juntas\u2026<br \/>\nCom ou sem pintura ou tratamento de superf\u00edcie. Com certificados. Montados, pr\u00e9-montados, hidro-testados\u2026[\/vc_column_text][\/vc_column][vc_column width=&#8221;1\/4&#8243; css=&#8221;.vc_custom_1506443016341{padding-top: 5% !important;padding-bottom: 5% !important;}&#8221;][vc_single_image image=&#8221;349&#8243; img_size=&#8221;80&#215;80&#8243; alignment=&#8221;center&#8221;][vc_column_text disable_pattern=&#8221;false&#8221; align=&#8221;center&#8221; css=&#8221;.vc_custom_1505308342105{margin-bottom: 0px !important;}&#8221;]\n<h6>ELEVA\u00c7\u00c3O OFFSHORE<\/h6>\n[\/vc_column_text][vc_separator color=&#8221;juicy_pink&#8221; el_width=&#8221;30&#8243;][vc_column_text disable_pattern=&#8221;false&#8221; align=&#8221;center&#8221; css=&#8221;.vc_custom_1505308351455{margin-bottom: 0px !important;}&#8221;]Produtos de eleva\u00e7\u00e3o com alto desempenho e adaptados \u00e0s suas limita\u00e7\u00f5es (offshore, inspe\u00e7\u00e3o por terceiros&#8230;).<br \/>\nComponentes \u00e0 unidade ou conjuntos montados e certificados\u2026[\/vc_column_text][\/vc_column][\/vc_row][vc_row][vc_column width=&#8221;1\/4&#8243; css=&#8221;.vc_custom_1506443035604{padding-top: 5% !important;padding-bottom: 5% !important;}&#8221;][vc_single_image image=&#8221;500&#8243; img_size=&#8221;80&#215;80&#8243; alignment=&#8221;center&#8221;][vc_column_text disable_pattern=&#8221;false&#8221; align=&#8221;center&#8221; css=&#8221;.vc_custom_1505307962754{margin-bottom: 0px !important;}&#8221;]\n<h6>GEST\u00c3O DE PROJETOS<\/h6>\n[\/vc_column_text][vc_separator color=&#8221;juicy_pink&#8221; el_width=&#8221;30&#8243;][vc_column_text disable_pattern=&#8221;false&#8221; align=&#8221;center&#8221; css=&#8221;.vc_custom_1505307972713{margin-bottom: 0px !important;}&#8221;]Tomada em conta \u00e0 medida dos seus requisitos de projetos: projeto novo ou reformula\u00e7\u00e3o, conforme as especifica\u00e7\u00f5es, gest\u00e3o de normas, com inspe\u00e7\u00e3o por terceiros (BV Marinha, DNV, ABS\u2026)[\/vc_column_text][\/vc_column][vc_column width=&#8221;1\/4&#8243; css=&#8221;.vc_custom_1506443028810{padding-top: 5% !important;padding-bottom: 5% !important;}&#8221;][vc_single_image image=&#8221;502&#8243; img_size=&#8221;80&#215;80&#8243; alignment=&#8221;center&#8221;][vc_column_text disable_pattern=&#8221;false&#8221; align=&#8221;center&#8221; css=&#8221;.vc_custom_1505307950426{margin-bottom: 0px !important;}&#8221;]\n<h6>MATERIAL SEGUNDO ESPECIFICA\u00c7\u00d5ES<\/h6>\n[\/vc_column_text][vc_separator color=&#8221;juicy_pink&#8221; el_width=&#8221;30&#8243;][vc_column_text disable_pattern=&#8221;false&#8221; align=&#8221;center&#8221; css=&#8221;.vc_custom_1505307939381{margin-bottom: 0px !important;}&#8221;]Material definido conforme as especifica\u00e7\u00f5es, com certificados e inspe\u00e7\u00e3o\u2026[\/vc_column_text][\/vc_column][vc_column width=&#8221;1\/4&#8243; css=&#8221;.vc_custom_1506443022885{padding-top: 5% !important;padding-bottom: 5% !important;}&#8221;][vc_single_image image=&#8221;501&#8243; img_size=&#8221;80&#215;80&#8243; alignment=&#8221;center&#8221;][vc_column_text align=&#8221;center&#8221; css=&#8221;.vc_custom_1505307887635{margin-bottom: 0px !important;}&#8221;]\n<h6>SUBSTITUI\u00c7\u00c3O DE PRODUTOS OBSOLETOS<\/h6>\n[\/vc_column_text][vc_separator color=&#8221;juicy_pink&#8221; el_width=&#8221;30&#8243;][vc_column_text align=&#8221;center&#8221; css=&#8221;.vc_custom_1505307904919{margin-bottom: 0px !important;}&#8221;]Todos os tipos de solu\u00e7\u00f5es para as pe\u00e7as obsoletas, as substitui\u00e7\u00f5es, os prolongamentos de dura\u00e7\u00e3o de vida, normas espec\u00edficas, fabrico de pe\u00e7as em plano\u2026[\/vc_column_text][\/vc_column][vc_column width=&#8221;1\/4&#8243; css=&#8221;.vc_custom_1506443016341{padding-top: 5% !important;padding-bottom: 5% !important;}&#8221;][vc_single_image image=&#8221;326&#8243; img_size=&#8221;80&#215;80&#8243; alignment=&#8221;center&#8221;][vc_column_text disable_pattern=&#8221;false&#8221; align=&#8221;center&#8221; css=&#8221;.vc_custom_1505307988598{margin-bottom: 0px !important;}&#8221;]\n<h6>COMPRESSORES<\/h6>\n[\/vc_column_text][vc_separator color=&#8221;juicy_pink&#8221; el_width=&#8221;30&#8243;][vc_column_text disable_pattern=&#8221;false&#8221; align=&#8221;center&#8221; css=&#8221;.vc_custom_1505307999342{margin-bottom: 0px !important;}&#8221;]Compressores de ar: com pist\u00f5es, centr\u00edfugos, com parafusos, lubrificados ou n\u00e3o, ATEX ou standard, acess\u00f3rios&#8230;[\/vc_column_text][\/vc_column][\/vc_row]\n","protected":false},"excerpt":{"rendered":"<p>40 anos de especializa\u00e7\u00e3o, dos consum\u00edveis aos produtos com especifica\u00e7\u00f5es e gest\u00e3o documental.<\/p>\n","protected":false},"author":1,"featured_media":2487,"parent":4019,"menu_order":0,"comment_status":"closed","ping_status":"closed","template":"","meta":{"footnotes":""},"_links":{"self":[{"href":"https:\/\/www.distribution.fluides-service.com\/pt-pt\/wp-json\/wp\/v2\/pages\/4021"}],"collection":[{"href":"https:\/\/www.distribution.fluides-service.com\/pt-pt\/wp-json\/wp\/v2\/pages"}],"about":[{"href":"https:\/\/www.distribution.fluides-service.com\/pt-pt\/wp-json\/wp\/v2\/types\/page"}],"author":[{"embeddable":true,"href":"https:\/\/www.distribution.fluides-service.com\/pt-pt\/wp-json\/wp\/v2\/users\/1"}],"replies":[{"embeddable":true,"href":"https:\/\/www.distribution.fluides-service.com\/pt-pt\/wp-json\/wp\/v2\/comments?post=4021"}],"version-history":[{"count":2,"href":"https:\/\/www.distribution.fluides-service.com\/pt-pt\/wp-json\/wp\/v2\/pages\/4021\/revisions"}],"predecessor-version":[{"id":6392,"href":"https:\/\/www.distribution.fluides-service.com\/pt-pt\/wp-json\/wp\/v2\/pages\/4021\/revisions\/6392"}],"up":[{"embeddable":true,"href":"https:\/\/www.distribution.fluides-service.com\/pt-pt\/wp-json\/wp\/v2\/pages\/4019"}],"wp:featuredmedia":[{"embeddable":true,"href":"https:\/\/www.distribution.fluides-service.com\/pt-pt\/wp-json\/wp\/v2\/media\/2487"}],"wp:attachment":[{"href":"https:\/\/www.distribution.fluides-service.com\/pt-pt\/wp-json\/wp\/v2\/media?parent=4021"}],"curies":[{"name":"wp","href":"https:\/\/api.w.org\/{rel}","templated":true}]}}