{"id":4010,"date":"2017-09-11T09:47:04","date_gmt":"2017-09-11T07:47:04","guid":{"rendered":"http:\/\/www.distribution.fluides-service.com\/os-nossos-produtos\/outros\/"},"modified":"2019-07-02T13:04:34","modified_gmt":"2019-07-02T11:04:34","slug":"outros","status":"publish","type":"page","link":"https:\/\/www.distribution.fluides-service.com\/pt-pt\/os-nossos-produtos\/outros\/","title":{"rendered":"Outros"},"content":{"rendered":"[mk_page_section bg_image=&#8221;http:\/\/www.distribution.fluides-service.com\/wp-content\/uploads\/2017\/06\/slide-autre-fluides-services-distribution-toulouse.jpg&#8221; bg_position=&#8221;center center&#8221; bg_repeat=&#8221;no-repeat&#8221; bg_stretch=&#8221;true&#8221; video_loop=&#8221;false&#8221; full_height=&#8221;true&#8221; padding_top=&#8221;&#8221; padding_bottom=&#8221;&#8221; skip_arrow=&#8221;true&#8221; sidebar=&#8221;sidebar-1&#8243;][vc_column css=&#8221;.vc_custom_1499272999294{padding-top: 20% !important;}&#8221;][vc_column_text disable_pattern=&#8221;false&#8221; css=&#8221;.vc_custom_1562065422105{margin-bottom: 0px !important;}&#8221;]<img decoding=\"async\" loading=\"lazy\" class=\"opaque alignnone wp-image-99 size-full\" src=\"https:\/\/www.distribution.fluides-service.com\/wp-content\/uploads\/2017\/06\/plus-fluides-services-distribution.png\" alt=\"\" width=\"110\" height=\"110\" srcset=\"https:\/\/www.distribution.fluides-service.com\/wp-content\/uploads\/2017\/06\/plus-fluides-services-distribution.png 110w, https:\/\/www.distribution.fluides-service.com\/wp-content\/uploads\/2017\/06\/plus-fluides-services-distribution-300x300.png 300w\" sizes=\"(max-width: 110px) 100vw, 110px\" \/><\/p>\n<h2><span style=\"background-color: rgba(255, 255, 255, 0.6);\">Outros<\/span><\/h2>\n<p>&nbsp;<\/p>\n<h3><span style=\"background-color: rgba(255, 255, 255, 0.6);\">Um acompanhamento nos seus locais para lhe facilitar a vida.<\/span><\/h3>\n[\/vc_column_text][\/vc_column][\/mk_page_section][vc_row][vc_column width=&#8221;1\/4&#8243; css=&#8221;.vc_custom_1506443035604{padding-top: 5% !important;padding-bottom: 5% !important;}&#8221;][vc_single_image image=&#8221;952&#8243; img_size=&#8221;80&#215;80&#8243; alignment=&#8221;center&#8221;][vc_column_text align=&#8221;center&#8221; css=&#8221;.vc_custom_1505126622542{margin-bottom: 0px !important;}&#8221;]\n<h6>Ve\u00edculos e acess\u00f3rios<\/h6>\n[\/vc_column_text][vc_separator color=&#8221;custom&#8221; el_width=&#8221;30&#8243; accent_color=&#8221;#d0382a&#8221;][vc_column_text align=&#8221;center&#8221; css=&#8221;.vc_custom_1505126629203{margin-bottom: 0px !important;}&#8221;]\n<p class=\"western\"><span style=\"font-family: Helvetica, serif;\"><span lang=\"pt-PT\">Modifica\u00e7\u00f5es de ve\u00edculos para utiliza\u00e7\u00e3o do GNV. <\/span><\/span><\/p>\n[\/vc_column_text][\/vc_column][vc_column width=&#8221;1\/4&#8243; css=&#8221;.vc_custom_1506443028810{padding-top: 5% !important;padding-bottom: 5% !important;}&#8221;][vc_single_image image=&#8221;473&#8243; img_size=&#8221;80&#215;80&#8243; alignment=&#8221;center&#8221;][vc_column_text disable_pattern=&#8221;false&#8221; align=&#8221;center&#8221; css=&#8221;.vc_custom_1505126643367{margin-bottom: 0px !important;}&#8221;]\n<h6>Mobili\u00e1rio e acess\u00f3rios<\/h6>\n[\/vc_column_text][vc_separator color=&#8221;custom&#8221; el_width=&#8221;30&#8243; accent_color=&#8221;#d0382a&#8221;][vc_column_text disable_pattern=&#8221;false&#8221; align=&#8221;center&#8221; css=&#8221;.vc_custom_1505126653148{margin-bottom: 0px !important;}&#8221;]Mobili\u00e1rio e acess\u00f3rios para os acampamentos de base e as instala\u00e7\u00f5es.[\/vc_column_text][\/vc_column][vc_column width=&#8221;1\/4&#8243; css=&#8221;.vc_custom_1506443022885{padding-top: 5% !important;padding-bottom: 5% !important;}&#8221;][vc_single_image image=&#8221;474&#8243; img_size=&#8221;80&#215;80&#8243; alignment=&#8221;center&#8221;][vc_column_text disable_pattern=&#8221;false&#8221; align=&#8221;center&#8221; css=&#8221;.vc_custom_1505126665259{margin-bottom: 0px !important;}&#8221;]\n<h6>Produtos alimentares<\/h6>\n[\/vc_column_text][vc_separator color=&#8221;custom&#8221; el_width=&#8221;30&#8243; accent_color=&#8221;#d0382a&#8221;][vc_column_text disable_pattern=&#8221;false&#8221; align=&#8221;center&#8221; css=&#8221;.vc_custom_1505126674801{margin-bottom: 0px !important;}&#8221;]\n<p class=\"western\"><span style=\"font-family: Helvetica, serif;\"><span lang=\"pt-PT\">Produtos alimentares (caf\u00e9, alimentos com respeito pela cadeia de refrigera\u00e7\u00e3o\u2026) para acampamentos de base e instala\u00e7\u00f5es. <\/span><\/span><\/p>\n[\/vc_column_text][\/vc_column][vc_column width=&#8221;1\/4&#8243; css=&#8221;.vc_custom_1506443016341{padding-top: 5% !important;padding-bottom: 5% !important;}&#8221;][vc_single_image image=&#8221;929&#8243; img_size=&#8221;80&#215;80&#8243; alignment=&#8221;center&#8221;][vc_column_text disable_pattern=&#8221;false&#8221; align=&#8221;center&#8221; css=&#8221;.vc_custom_1506451092171{margin-bottom: 0px !important;}&#8221;]\n<h6>Outros<\/h6>\n[\/vc_column_text][vc_separator color=&#8221;custom&#8221; el_width=&#8221;30&#8243; accent_color=&#8221;#d0382a&#8221;][vc_column_text disable_pattern=&#8221;false&#8221; align=&#8221;center&#8221; css=&#8221;.vc_custom_1505126702883{margin-bottom: 0px !important;}&#8221;]Embora n\u00e3o seja a nossa atividade principal, facilitamos-lhe as tarefas por meio de in\u00fameros servi\u00e7os para os seus acampamentos de base. [\/vc_column_text][\/vc_column][\/vc_row][vc_row fullwidth=&#8221;true&#8221; id=&#8221;historique&#8221;][vc_column][vc_column_text el_class=&#8221;titres-qui&#8221; css=&#8221;.vc_custom_1505126720668{margin-bottom: 0px !important;}&#8221;]\n<h2>Principais marcas parceiras:<\/h2>\n[\/vc_column_text][vc_separator color=&#8221;custom&#8221; align=&#8221;align_left&#8221; border_width=&#8221;5&#8243; el_width=&#8221;20&#8243; accent_color=&#8221;#d0382a&#8221; el_class=&#8221;partenaire&#8221;][\/vc_column][\/vc_row][vc_row id=&#8221;historique&#8221;][vc_column css=&#8221;.vc_custom_1499274240066{padding-top: 4% !important;padding-bottom: 8% !important;}&#8221;][vc_column_text css=&#8221;.vc_custom_1505126732352{margin-bottom: 0px !important;}&#8221;]Propomos outras grandes marcas, n\u00e3o hesite em <a href=\"http:\/\/www.distribution.fluides-service.com\/pt-pt\/contacto\/\">contactar-nos<\/a> para obter mais detalhes.[\/vc_column_text][mk_clients style=&#8221;column&#8221; column=&#8221;6&#8243; count=&#8221;-1&#8243; orderby=&#8221;title&#8221; height=&#8221;100&#8243; autoplay=&#8221;false&#8221; margin_bottom=&#8221;&#8221; clients=&#8221;4471, 4446, 4431, 4476, 4461, 4466, 4436, 4416, 4451, 4456, 4441, 4411&#8243;][\/vc_column][\/vc_row]\n","protected":false},"excerpt":{"rendered":"<p>[mk_page_section bg_image=&#8221;http:\/\/www.distribution.fluides-service.com\/wp-content\/uploads\/2017\/06\/slide-autre-fluides-services-distribution-toulouse.jpg&#8221; bg_position=&#8221;center center&#8221; bg_repeat=&#8221;no-repeat&#8221; bg_stretch=&#8221;true&#8221; video_loop=&#8221;false&#8221; full_height=&#8221;true&#8221; padding_top=&#8221;&#8221; padding_bottom=&#8221;&#8221; skip_arrow=&#8221;true&#8221; sidebar=&#8221;sidebar-1&#8243;][vc_column css=&#8221;.vc_custom_1499272999294{padding-top: 20% !important;}&#8221;][vc_column_text disable_pattern=&#8221;false&#8221; css=&#8221;.vc_custom_1562065422105{margin-bottom: 0px !important;}&#8221;] Outros &nbsp; Um acompanhamento nos seus locais para lhe facilitar a vida. [\/vc_column_text][\/vc_column][\/mk_page_section][vc_row][vc_column width=&#8221;1\/4&#8243; css=&#8221;.vc_custom_1506443035604{padding-top: 5% !important;padding-bottom: 5% !important;}&#8221;][vc_single_image image=&#8221;952&#8243; img_size=&#8221;80&#215;80&#8243; alignment=&#8221;center&#8221;][vc_column_text align=&#8221;center&#8221; css=&#8221;.vc_custom_1505126622542{margin-bottom: 0px !important;}&#8221;] Ve\u00edculos e acess\u00f3rios [\/vc_column_text][vc_separator color=&#8221;custom&#8221; el_width=&#8221;30&#8243; accent_color=&#8221;#d0382a&#8221;][vc_column_text align=&#8221;center&#8221; css=&#8221;.vc_custom_1505126629203{margin-bottom: 0px [&hellip;]<\/p>\n","protected":false},"author":1,"featured_media":5998,"parent":3945,"menu_order":0,"comment_status":"closed","ping_status":"closed","template":"","meta":{"footnotes":""},"_links":{"self":[{"href":"https:\/\/www.distribution.fluides-service.com\/pt-pt\/wp-json\/wp\/v2\/pages\/4010"}],"collection":[{"href":"https:\/\/www.distribution.fluides-service.com\/pt-pt\/wp-json\/wp\/v2\/pages"}],"about":[{"href":"https:\/\/www.distribution.fluides-service.com\/pt-pt\/wp-json\/wp\/v2\/types\/page"}],"author":[{"embeddable":true,"href":"https:\/\/www.distribution.fluides-service.com\/pt-pt\/wp-json\/wp\/v2\/users\/1"}],"replies":[{"embeddable":true,"href":"https:\/\/www.distribution.fluides-service.com\/pt-pt\/wp-json\/wp\/v2\/comments?post=4010"}],"version-history":[{"count":2,"href":"https:\/\/www.distribution.fluides-service.com\/pt-pt\/wp-json\/wp\/v2\/pages\/4010\/revisions"}],"predecessor-version":[{"id":6285,"href":"https:\/\/www.distribution.fluides-service.com\/pt-pt\/wp-json\/wp\/v2\/pages\/4010\/revisions\/6285"}],"up":[{"embeddable":true,"href":"https:\/\/www.distribution.fluides-service.com\/pt-pt\/wp-json\/wp\/v2\/pages\/3945"}],"wp:featuredmedia":[{"embeddable":true,"href":"https:\/\/www.distribution.fluides-service.com\/pt-pt\/wp-json\/wp\/v2\/media\/5998"}],"wp:attachment":[{"href":"https:\/\/www.distribution.fluides-service.com\/pt-pt\/wp-json\/wp\/v2\/media?parent=4010"}],"curies":[{"name":"wp","href":"https:\/\/api.w.org\/{rel}","templated":true}]}}