{"id":3997,"date":"2017-09-11T09:46:03","date_gmt":"2017-09-11T07:46:03","guid":{"rendered":"http:\/\/www.distribution.fluides-service.com\/os-nossos-produtos\/equipamento-de-seguranca-pessoal\/"},"modified":"2019-07-02T13:41:23","modified_gmt":"2019-07-02T11:41:23","slug":"equipamento-de-seguranca-pessoal","status":"publish","type":"page","link":"https:\/\/www.distribution.fluides-service.com\/pt-pt\/os-nossos-produtos\/equipamento-de-seguranca-pessoal\/","title":{"rendered":"Equipamento de Seguran\u00e7a Pessoal"},"content":{"rendered":"[mk_page_section bg_image=&#8221;https:\/\/www.distribution.fluides-service.com\/wp-content\/uploads\/2017\/06\/slide-equipement-et-protection-individuelle.jpg&#8221; bg_position=&#8221;center center&#8221; bg_repeat=&#8221;no-repeat&#8221; bg_stretch=&#8221;true&#8221; video_loop=&#8221;false&#8221; full_height=&#8221;true&#8221; padding_top=&#8221;&#8221; padding_bottom=&#8221;&#8221; skip_arrow=&#8221;true&#8221; sidebar=&#8221;sidebar-1&#8243;][vc_column css=&#8221;.vc_custom_1499272999294{padding-top: 20% !important;}&#8221;][vc_column_text disable_pattern=&#8221;false&#8221; css=&#8221;.vc_custom_1562067586566{margin-bottom: 0px !important;}&#8221;]<img decoding=\"async\" loading=\"lazy\" class=\"opaque alignnone wp-image-118 size-full\" src=\"https:\/\/www.distribution.fluides-service.com\/wp-content\/uploads\/2017\/06\/epi-fluides-services-distribution.png\" alt=\"\" width=\"110\" height=\"110\" srcset=\"https:\/\/www.distribution.fluides-service.com\/wp-content\/uploads\/2017\/06\/epi-fluides-services-distribution.png 110w, https:\/\/www.distribution.fluides-service.com\/wp-content\/uploads\/2017\/06\/epi-fluides-services-distribution-300x300.png 300w\" sizes=\"(max-width: 110px) 100vw, 110px\" \/><\/p>\n<h2><span style=\"background-color: rgba(255, 255, 255, 0.6);\">Equipamento de Seguran\u00e7a Pessoal <\/span><\/h2>\n<p>&nbsp;<\/p>\n<h3><span style=\"background-color: rgba(255, 255, 255, 0.6);\">Uma gama completa para uma resposta global com toda a seguran\u00e7a. <\/span><\/h3>\n[\/vc_column_text][\/vc_column][\/mk_page_section][vc_row][vc_column width=&#8221;1\/4&#8243; css=&#8221;.vc_custom_1506443035604{padding-top: 5% !important;padding-bottom: 5% !important;}&#8221;][vc_single_image image=&#8221;481&#8243; img_size=&#8221;80&#215;80&#8243; alignment=&#8221;center&#8221;][vc_column_text align=&#8221;center&#8221; css=&#8221;.vc_custom_1505126222277{margin-bottom: 0px !important;}&#8221;]\n<h6>Prote\u00e7\u00e3o da cabe\u00e7a<\/h6>\n[\/vc_column_text][vc_separator color=&#8221;custom&#8221; el_width=&#8221;30&#8243; accent_color=&#8221;#d0382a&#8221;][vc_column_text align=&#8221;center&#8221; css=&#8221;.vc_custom_1505126235565{margin-bottom: 0px !important;}&#8221;]Capacetes cl\u00e1ssicos de estaleiro, para bombeiros, florestais, capacetes espec\u00edficos, capacetes de seguran\u00e7a, complementos de retorno para queixo, polegar, jugular\u2026 [\/vc_column_text][\/vc_column][vc_column width=&#8221;1\/4&#8243; css=&#8221;.vc_custom_1506443028810{padding-top: 5% !important;padding-bottom: 5% !important;}&#8221;][vc_single_image image=&#8221;475&#8243; img_size=&#8221;80&#215;80&#8243; alignment=&#8221;center&#8221;][vc_column_text disable_pattern=&#8221;false&#8221; align=&#8221;center&#8221; css=&#8221;.vc_custom_1505126249130{margin-bottom: 0px !important;}&#8221;]\n<h6>Prote\u00e7\u00e3o antirru\u00eddo<\/h6>\n[\/vc_column_text][vc_separator color=&#8221;custom&#8221; el_width=&#8221;30&#8243; accent_color=&#8221;#d0382a&#8221;][vc_column_text disable_pattern=&#8221;false&#8221; align=&#8221;center&#8221; css=&#8221;.vc_custom_1505126279374{margin-bottom: 0px !important;}&#8221;]\n<p class=\"western\"><span style=\"font-family: Helvetica, serif;\"><span lang=\"pt-PT\">Tamp\u00f5es descart\u00e1veis, capacetes antirru\u00eddo, coquilhas para capacete de estaleiro ou tamp\u00f5es moldados\u2026<\/span><\/span><\/p>\n[\/vc_column_text][\/vc_column][vc_column width=&#8221;1\/4&#8243; css=&#8221;.vc_custom_1506443022885{padding-top: 5% !important;padding-bottom: 5% !important;}&#8221;][vc_single_image image=&#8221;478&#8243; img_size=&#8221;80&#215;80&#8243; alignment=&#8221;center&#8221;][vc_column_text disable_pattern=&#8221;false&#8221; align=&#8221;center&#8221; css=&#8221;.vc_custom_1505126289007{margin-bottom: 0px !important;}&#8221;]\n<h6>Prote\u00e7\u00e3o dos olhos<\/h6>\n[\/vc_column_text][vc_separator color=&#8221;custom&#8221; el_width=&#8221;30&#8243; accent_color=&#8221;#d0382a&#8221;][vc_column_text disable_pattern=&#8221;false&#8221; align=&#8221;center&#8221; css=&#8221;.vc_custom_1505126298208{margin-bottom: 0px !important;}&#8221;]\n<p class=\"western\"><span style=\"font-family: Helvetica, serif;\"><span lang=\"pt-PT\">\u00d3culos de prote\u00e7\u00e3o, sobre-\u00f3culos, \u00f3culos-m\u00e1scaras, m\u00e1scara de soldar, viseira para capacete\u2026 <\/span><\/span><\/p>\n[\/vc_column_text][\/vc_column][vc_column width=&#8221;1\/4&#8243; css=&#8221;.vc_custom_1506443016341{padding-top: 5% !important;padding-bottom: 5% !important;}&#8221;][vc_single_image image=&#8221;480&#8243; img_size=&#8221;80&#215;80&#8243; alignment=&#8221;center&#8221;][vc_column_text disable_pattern=&#8221;false&#8221; align=&#8221;center&#8221; css=&#8221;.vc_custom_1506450996839{margin-bottom: 0px !important;}&#8221;]\n<h6>Prote\u00e7\u00e3o respirat\u00f3ria<\/h6>\n[\/vc_column_text][vc_separator color=&#8221;custom&#8221; el_width=&#8221;30&#8243; accent_color=&#8221;#d0382a&#8221;][vc_column_text disable_pattern=&#8221;false&#8221; align=&#8221;center&#8221; css=&#8221;.vc_custom_1505126344287{margin-bottom: 0px !important;}&#8221;]\n<p class=\"western\"><span style=\"font-family: Helvetica, serif;\"><span lang=\"pt-PT\">M\u00e1scara descart\u00e1vel anti-p\u00f3 ou part\u00edculas t\u00f3xicas, m\u00e1scara reutiliz\u00e1vel com filtro ou cartuchos, m\u00e1scara de fuga, m\u00e1scara de alimenta\u00e7\u00e3o de ar\u2026 <\/span><\/span><\/p>\n[\/vc_column_text][\/vc_column][\/vc_row][vc_row][vc_column width=&#8221;1\/4&#8243; css=&#8221;.vc_custom_1506443035604{padding-top: 5% !important;padding-bottom: 5% !important;}&#8221;][vc_single_image image=&#8221;476&#8243; img_size=&#8221;80&#215;80&#8243; alignment=&#8221;center&#8221;][vc_column_text align=&#8221;center&#8221; css=&#8221;.vc_custom_1505126363897{margin-bottom: 0px !important;}&#8221;]\n<h6>Prote\u00e7\u00e3o das m\u00e3os<\/h6>\n[\/vc_column_text][vc_separator color=&#8221;custom&#8221; el_width=&#8221;30&#8243; accent_color=&#8221;#d0382a&#8221;][vc_column_text align=&#8221;center&#8221; css=&#8221;.vc_custom_1505126377630{margin-bottom: 0px !important;}&#8221;]\n<p class=\"western\"><span style=\"font-family: Helvetica, serif;\"><span lang=\"pt-PT\">Das simples luvas anti-corte \u00e0s luvas anti-choque passando pelas luvas de couro para soldadores, luvas de prote\u00e7\u00e3o qu\u00edmica, luvas isolantes, luvas de manga comprida\u2026<\/span><\/span><\/p>\n[\/vc_column_text][\/vc_column][vc_column width=&#8221;1\/4&#8243; css=&#8221;.vc_custom_1506443028810{padding-top: 5% !important;padding-bottom: 5% !important;}&#8221;][vc_single_image image=&#8221;957&#8243; img_size=&#8221;80&#215;80&#8243; alignment=&#8221;center&#8221;][vc_column_text align=&#8221;center&#8221; css=&#8221;.vc_custom_1505126387907{margin-bottom: 0px !important;}&#8221;]\n<h6>Vestu\u00e1rio de trabalho<\/h6>\n[\/vc_column_text][vc_separator color=&#8221;custom&#8221; el_width=&#8221;30&#8243; accent_color=&#8221;#d0382a&#8221;][vc_column_text disable_pattern=&#8221;false&#8221; align=&#8221;center&#8221; css=&#8221;.vc_custom_1505126397551{margin-bottom: 0px !important;}&#8221;]\n<p class=\"western\"><span style=\"font-family: Helvetica, serif;\"><span lang=\"pt-PT\">Vestu\u00e1rio de trabalho e de prote\u00e7\u00e3o. Standard, alta visibilidade, sem propaga\u00e7\u00e3o de chama, ATEX, para soldadores. Vestu\u00e1rio quente, repelente de chuva\u2026 S\u00e3o todos personaliz\u00e1veis. <\/span><\/span><\/p>\n[\/vc_column_text][\/vc_column][vc_column width=&#8221;1\/4&#8243; css=&#8221;.vc_custom_1506443022885{padding-top: 5% !important;padding-bottom: 5% !important;}&#8221;][vc_single_image image=&#8221;477&#8243; img_size=&#8221;80&#215;80&#8243; alignment=&#8221;center&#8221;][vc_column_text align=&#8221;center&#8221; css=&#8221;.vc_custom_1505126451663{margin-bottom: 0px !important;}&#8221;]\n<h6>Prote\u00e7\u00e3o dos p\u00e9s<\/h6>\n[\/vc_column_text][vc_separator color=&#8221;custom&#8221; el_width=&#8221;30&#8243; accent_color=&#8221;#d0382a&#8221;][vc_column_text disable_pattern=&#8221;false&#8221; align=&#8221;center&#8221; css=&#8221;.vc_custom_1505126461708{margin-bottom: 0px !important;}&#8221;]\n<p class=\"western\"><span style=\"font-family: Helvetica, serif;\"><span lang=\"pt-PT\">As maiores marcas de cal\u00e7ado e botas de prote\u00e7\u00e3o, dos mais leves aos mais espec\u00edficos. Perneiras anti-veneno\u2026 <\/span><\/span><\/p>\n[\/vc_column_text][\/vc_column][vc_column width=&#8221;1\/4&#8243; css=&#8221;.vc_custom_1506443016341{padding-top: 5% !important;padding-bottom: 5% !important;}&#8221;][vc_single_image image=&#8221;479&#8243; img_size=&#8221;80&#215;80&#8243; alignment=&#8221;center&#8221;][vc_column_text align=&#8221;center&#8221; css=&#8221;.vc_custom_1506450979720{margin-bottom: 0px !important;}&#8221;]\n<h6>Prote\u00e7\u00e3o contra afogamento<\/h6>\n[\/vc_column_text][vc_separator color=&#8221;custom&#8221; el_width=&#8221;30&#8243; accent_color=&#8221;#d0382a&#8221;][vc_column_text disable_pattern=&#8221;false&#8221; align=&#8221;center&#8221; css=&#8221;.vc_custom_1505126486615{margin-bottom: 0px !important;}&#8221;]Coletes de salva\u00e7\u00e3o e b\u00f3ias conforme os requisitos dos operadores Offshore. Prote\u00e7\u00e3o anti-queda\u2026<br \/>\n[\/vc_column_text][\/vc_column][\/vc_row][vc_row fullwidth=&#8221;true&#8221; id=&#8221;historique&#8221;][vc_column][vc_column_text el_class=&#8221;titres-qui&#8221; css=&#8221;.vc_custom_1505126506372{margin-bottom: 0px !important;}&#8221;]\n<h2>Principais marcas parceiras:<\/h2>\n[\/vc_column_text][vc_separator color=&#8221;custom&#8221; align=&#8221;align_left&#8221; border_width=&#8221;5&#8243; el_width=&#8221;20&#8243; accent_color=&#8221;#d0382a&#8221; el_class=&#8221;partenaire&#8221;][\/vc_column][\/vc_row][vc_row id=&#8221;historique&#8221;][vc_column css=&#8221;.vc_custom_1499274240066{padding-top: 4% !important;padding-bottom: 8% !important;}&#8221;][vc_column_text css=&#8221;.vc_custom_1505126518403{margin-bottom: 0px !important;}&#8221;]Propomos outras grandes marcas, n\u00e3o hesite em <a href=\"http:\/\/www.distribution.fluides-service.com\/pt-pt\/contacto\/\">contactar-nos<\/a> para obter mais detalhes.[\/vc_column_text][mk_clients style=&#8221;column&#8221; column=&#8221;6&#8243; count=&#8221;-1&#8243; orderby=&#8221;title&#8221; height=&#8221;100&#8243; autoplay=&#8221;false&#8221; margin_bottom=&#8221;&#8221; clients=&#8221;4828, 4984, 4803, 5019, 4648, 4838, 4713, 4738, 4909, 4728, 4521, 4567, 4673, 4638, 4622, 4768, 4486, 4668, 4879, 5009, 4833, 4597, 5024, 4904&#8243;][\/vc_column][\/vc_row]\n","protected":false},"excerpt":{"rendered":"<p>[mk_page_section bg_image=&#8221;https:\/\/www.distribution.fluides-service.com\/wp-content\/uploads\/2017\/06\/slide-equipement-et-protection-individuelle.jpg&#8221; bg_position=&#8221;center center&#8221; bg_repeat=&#8221;no-repeat&#8221; bg_stretch=&#8221;true&#8221; video_loop=&#8221;false&#8221; full_height=&#8221;true&#8221; padding_top=&#8221;&#8221; padding_bottom=&#8221;&#8221; skip_arrow=&#8221;true&#8221; sidebar=&#8221;sidebar-1&#8243;][vc_column css=&#8221;.vc_custom_1499272999294{padding-top: 20% !important;}&#8221;][vc_column_text disable_pattern=&#8221;false&#8221; css=&#8221;.vc_custom_1562067586566{margin-bottom: 0px !important;}&#8221;] Equipamento de Seguran\u00e7a Pessoal &nbsp; Uma gama completa para uma resposta global com toda a seguran\u00e7a. [\/vc_column_text][\/vc_column][\/mk_page_section][vc_row][vc_column width=&#8221;1\/4&#8243; css=&#8221;.vc_custom_1506443035604{padding-top: 5% !important;padding-bottom: 5% !important;}&#8221;][vc_single_image image=&#8221;481&#8243; img_size=&#8221;80&#215;80&#8243; alignment=&#8221;center&#8221;][vc_column_text align=&#8221;center&#8221; css=&#8221;.vc_custom_1505126222277{margin-bottom: 0px !important;}&#8221;] Prote\u00e7\u00e3o da cabe\u00e7a [\/vc_column_text][vc_separator color=&#8221;custom&#8221; el_width=&#8221;30&#8243; [&hellip;]<\/p>\n","protected":false},"author":1,"featured_media":5992,"parent":3945,"menu_order":0,"comment_status":"closed","ping_status":"closed","template":"","meta":{"footnotes":""},"_links":{"self":[{"href":"https:\/\/www.distribution.fluides-service.com\/pt-pt\/wp-json\/wp\/v2\/pages\/3997"}],"collection":[{"href":"https:\/\/www.distribution.fluides-service.com\/pt-pt\/wp-json\/wp\/v2\/pages"}],"about":[{"href":"https:\/\/www.distribution.fluides-service.com\/pt-pt\/wp-json\/wp\/v2\/types\/page"}],"author":[{"embeddable":true,"href":"https:\/\/www.distribution.fluides-service.com\/pt-pt\/wp-json\/wp\/v2\/users\/1"}],"replies":[{"embeddable":true,"href":"https:\/\/www.distribution.fluides-service.com\/pt-pt\/wp-json\/wp\/v2\/comments?post=3997"}],"version-history":[{"count":2,"href":"https:\/\/www.distribution.fluides-service.com\/pt-pt\/wp-json\/wp\/v2\/pages\/3997\/revisions"}],"predecessor-version":[{"id":6298,"href":"https:\/\/www.distribution.fluides-service.com\/pt-pt\/wp-json\/wp\/v2\/pages\/3997\/revisions\/6298"}],"up":[{"embeddable":true,"href":"https:\/\/www.distribution.fluides-service.com\/pt-pt\/wp-json\/wp\/v2\/pages\/3945"}],"wp:featuredmedia":[{"embeddable":true,"href":"https:\/\/www.distribution.fluides-service.com\/pt-pt\/wp-json\/wp\/v2\/media\/5992"}],"wp:attachment":[{"href":"https:\/\/www.distribution.fluides-service.com\/pt-pt\/wp-json\/wp\/v2\/media?parent=3997"}],"curies":[{"name":"wp","href":"https:\/\/api.w.org\/{rel}","templated":true}]}}