{"id":3985,"date":"2017-09-11T09:44:22","date_gmt":"2017-09-11T07:44:22","guid":{"rendered":"http:\/\/www.distribution.fluides-service.com\/os-nossos-produtos\/hidraulica-pneumatica\/"},"modified":"2019-07-02T14:22:50","modified_gmt":"2019-07-02T12:22:50","slug":"hidraulica-pneumatica","status":"publish","type":"page","link":"https:\/\/www.distribution.fluides-service.com\/pt-pt\/os-nossos-produtos\/hidraulica-pneumatica\/","title":{"rendered":"Hidr\u00e1ulica \/ Pneum\u00e1tica"},"content":{"rendered":"[mk_page_section bg_image=&#8221;https:\/\/www.distribution.fluides-service.com\/wp-content\/uploads\/2017\/06\/image-produits-hydraulique-pneumatique-fluides-services.jpg&#8221; bg_position=&#8221;center center&#8221; bg_repeat=&#8221;no-repeat&#8221; bg_stretch=&#8221;true&#8221; video_loop=&#8221;false&#8221; full_height=&#8221;true&#8221; padding_top=&#8221;&#8221; padding_bottom=&#8221;&#8221; skip_arrow=&#8221;true&#8221; sidebar=&#8221;sidebar-1&#8243;][vc_column css=&#8221;.vc_custom_1499272999294{padding-top: 20% !important;}&#8221;][vc_column_text disable_pattern=&#8221;false&#8221; css=&#8221;.vc_custom_1562070101408{margin-bottom: 0px !important;}&#8221;]<img decoding=\"async\" loading=\"lazy\" class=\"opaque alignnone wp-image-153 size-full\" src=\"https:\/\/www.distribution.fluides-service.com\/wp-content\/uploads\/2017\/06\/1hydraulique-fluides-services-distribution.png\" alt=\"\" width=\"110\" height=\"110\" srcset=\"https:\/\/www.distribution.fluides-service.com\/wp-content\/uploads\/2017\/06\/1hydraulique-fluides-services-distribution.png 110w, https:\/\/www.distribution.fluides-service.com\/wp-content\/uploads\/2017\/06\/1hydraulique-fluides-services-distribution-300x300.png 300w\" sizes=\"(max-width: 110px) 100vw, 110px\" \/><\/p>\n<h2><span style=\"background-color: rgba(255, 255, 255, 0.6);\">Hidr\u00e1ulica \/ Pneum\u00e1tica <\/span><\/h2>\n<p>&nbsp;<\/p>\n<h3><span style=\"background-color: rgba(255, 255, 255, 0.6);\">O saber-fazer da Fluides Service, do equipamento standard \u00e0 medida <\/span><\/h3>\n[\/vc_column_text][\/vc_column][\/mk_page_section][vc_row][vc_column width=&#8221;1\/4&#8243; css=&#8221;.vc_custom_1506443035604{padding-top: 5% !important;padding-bottom: 5% !important;}&#8221;][vc_single_image image=&#8221;324&#8243; img_size=&#8221;80&#215;80&#8243; alignment=&#8221;center&#8221;][vc_column_text align=&#8221;center&#8221; css=&#8221;.vc_custom_1505125727672{margin-bottom: 0px !important;}&#8221;]\n<h6>Atuadores hidr\u00e1ulicos<\/h6>\n[\/vc_column_text][vc_separator color=&#8221;custom&#8221; el_width=&#8221;30&#8243; accent_color=&#8221;#d0382a&#8221;][vc_column_text align=&#8221;center&#8221; css=&#8221;.vc_custom_1505125738255{margin-bottom: 0px !important;}&#8221;]\n<p class=\"western\"><span style=\"font-family: Helvetica, serif;\"><span lang=\"pt-PT\">Acionadores hidr\u00e1ulicos, macacos, motores e acess\u00f3rios\u2026<\/span><\/span><\/p>\n[\/vc_column_text][\/vc_column][vc_column width=&#8221;1\/4&#8243; css=&#8221;.vc_custom_1506443028810{padding-top: 5% !important;padding-bottom: 5% !important;}&#8221;][vc_single_image image=&#8221;333&#8243; img_size=&#8221;80&#215;80&#8243; alignment=&#8221;center&#8221;][vc_column_text disable_pattern=&#8221;false&#8221; align=&#8221;center&#8221; css=&#8221;.vc_custom_1505125754644{margin-bottom: 0px !important;}&#8221;]\n<h6>Flex\u00edveis hidr\u00e1ulicos<\/h6>\n[\/vc_column_text][vc_separator color=&#8221;custom&#8221; el_width=&#8221;30&#8243; accent_color=&#8221;#d0382a&#8221;][vc_column_text disable_pattern=&#8221;false&#8221; align=&#8221;center&#8221; css=&#8221;.vc_custom_1505125766178{margin-bottom: 0px !important;}&#8221;]\n<p class=\"western\"><span style=\"font-family: Helvetica, serif;\"><span lang=\"pt-PT\">Flex\u00edveis de baixa e alta press\u00e3o, em diferentes mat\u00e9rias (pl\u00e1stico, borracha, metal\u2026). Flex\u00edveis de vazamento, ganhos, conectores\u2026 <\/span><\/span><\/p>\n[\/vc_column_text][\/vc_column][vc_column width=&#8221;1\/4&#8243; css=&#8221;.vc_custom_1506443022885{padding-top: 5% !important;padding-bottom: 5% !important;}&#8221;][vc_single_image image=&#8221;482&#8243; img_size=&#8221;80&#215;80&#8243; alignment=&#8221;center&#8221;][vc_column_text disable_pattern=&#8221;false&#8221; align=&#8221;center&#8221; css=&#8221;.vc_custom_1505125850879{margin-bottom: 0px !important;}&#8221;]\n<h6>Liga\u00e7\u00f5es hidr\u00e1ulicas<\/h6>\n[\/vc_column_text][vc_separator color=&#8221;custom&#8221; el_width=&#8221;30&#8243; accent_color=&#8221;#d0382a&#8221;][vc_column_text disable_pattern=&#8221;false&#8221; align=&#8221;center&#8221; css=&#8221;.vc_custom_1505125861512{margin-bottom: 0px !important;}&#8221;]\n<p class=\"western\"><span style=\"font-family: Helvetica, serif;\"><span lang=\"pt-PT\">Liga\u00e7\u00f5es hidr\u00e1ulicas, baixa, alta e muito alta press\u00e3o. Liga\u00e7\u00f5es bombeiro, sim\u00e9tricas, expresso, com cames. Acopladores, adaptadores\u2026 <\/span><\/span><\/p>\n[\/vc_column_text][\/vc_column][vc_column width=&#8221;1\/4&#8243; css=&#8221;.vc_custom_1506443016341{padding-top: 5% !important;padding-bottom: 5% !important;}&#8221;][vc_single_image image=&#8221;956&#8243; img_size=&#8221;80&#215;80&#8243; alignment=&#8221;center&#8221;][vc_column_text disable_pattern=&#8221;false&#8221; align=&#8221;center&#8221; css=&#8221;.vc_custom_1506450844091{margin-bottom: 0px !important;}&#8221;]\n<h6>Distribuidores<\/h6>\n[\/vc_column_text][vc_separator color=&#8221;custom&#8221; el_width=&#8221;30&#8243; accent_color=&#8221;#d0382a&#8221;][vc_column_text disable_pattern=&#8221;false&#8221; align=&#8221;center&#8221; css=&#8221;.vc_custom_1505125885823{margin-bottom: 0px !important;}&#8221;]\n<p class=\"western\"><span style=\"font-family: Helvetica, serif;\"><span lang=\"pt-PT\">Distribuidores manuais ou el\u00e9tricos, comandos, dispositivos a servomotor hidr\u00e1ulicos\u2026 <\/span><\/span><\/p>\n[\/vc_column_text][\/vc_column][\/vc_row][vc_row][vc_column width=&#8221;1\/4&#8243; css=&#8221;.vc_custom_1506443035604{padding-top: 5% !important;padding-bottom: 5% !important;}&#8221;][vc_single_image image=&#8221;326&#8243; img_size=&#8221;80&#215;80&#8243; alignment=&#8221;center&#8221;][vc_column_text align=&#8221;center&#8221; css=&#8221;.vc_custom_1505125914452{margin-bottom: 0px !important;}&#8221;]\n<h6>Compressores<\/h6>\n[\/vc_column_text][vc_separator color=&#8221;custom&#8221; el_width=&#8221;30&#8243; accent_color=&#8221;#d0382a&#8221;][vc_column_text align=&#8221;center&#8221; css=&#8221;.vc_custom_1505125931354{margin-bottom: 0px !important;}&#8221;]\n<p class=\"western\"><span style=\"font-family: Helvetica, serif;\"><span lang=\"pt-PT\">Compressores de ar: com pist\u00f5es, centr\u00edfugos, com parafusos, lubrificados ou n\u00e3o, ATEX ou standard, acess\u00f3rios&#8230; <\/span><\/span><\/p>\n[\/vc_column_text][\/vc_column][vc_column width=&#8221;1\/4&#8243; css=&#8221;.vc_custom_1506443028810{padding-top: 5% !important;padding-bottom: 5% !important;}&#8221;][vc_single_image image=&#8221;327&#8243; img_size=&#8221;80&#215;80&#8243; alignment=&#8221;center&#8221;][vc_column_text align=&#8221;center&#8221; css=&#8221;.vc_custom_1505125944899{margin-bottom: 0px !important;}&#8221;]\n<h6>Estanqueidade<\/h6>\n[\/vc_column_text][vc_separator color=&#8221;custom&#8221; el_width=&#8221;30&#8243; accent_color=&#8221;#d0382a&#8221;][vc_column_text disable_pattern=&#8221;false&#8221; align=&#8221;center&#8221; css=&#8221;.vc_custom_1505125954758{margin-bottom: 0px !important;}&#8221;]\n<p class=\"western\"><span style=\"font-family: Helvetica, serif;\"><span lang=\"pt-PT\">Cintas mec\u00e2nicas de bombas, juntas, vedantes, espirais, pratos, com rebordo, especiais\u2026 \u00c0 unidade ou em kit, cortado ou em placa. <\/span><\/span><\/p>\n[\/vc_column_text][\/vc_column][vc_column width=&#8221;1\/4&#8243; css=&#8221;.vc_custom_1506443022885{padding-top: 5% !important;padding-bottom: 5% !important;}&#8221;][vc_single_image image=&#8221;328&#8243; img_size=&#8221;80&#215;80&#8243; alignment=&#8221;center&#8221;][vc_column_text align=&#8221;center&#8221; css=&#8221;.vc_custom_1505125968097{margin-bottom: 0px !important;}&#8221;]\n<h6>Filtra\u00e7\u00e3o<\/h6>\n[\/vc_column_text][vc_separator color=&#8221;custom&#8221; el_width=&#8221;30&#8243; accent_color=&#8221;#d0382a&#8221;][vc_column_text disable_pattern=&#8221;false&#8221; align=&#8221;center&#8221; css=&#8221;.vc_custom_1505125980415{margin-bottom: 0px !important;}&#8221;]Filtros de ar de baixa e alta press\u00e3o (com cartuchos adapt\u00e1veis), filtros hidr\u00e1ulicos, purgadores, separadores\u2026[\/vc_column_text][\/vc_column][vc_column width=&#8221;1\/4&#8243; css=&#8221;.vc_custom_1506443016341{padding-top: 5% !important;padding-bottom: 5% !important;}&#8221;][vc_single_image image=&#8221;483&#8243; img_size=&#8221;80&#215;80&#8243; alignment=&#8221;center&#8221;][vc_column_text align=&#8221;center&#8221; css=&#8221;.vc_custom_1506450827206{margin-bottom: 0px !important;}&#8221;]\n<h6>Secadores de ar<\/h6>\n[\/vc_column_text][vc_separator color=&#8221;custom&#8221; el_width=&#8221;30&#8243; accent_color=&#8221;#d0382a&#8221;][vc_column_text disable_pattern=&#8221;false&#8221; align=&#8221;center&#8221; css=&#8221;.vc_custom_1505126008117{margin-bottom: 0px !important;}&#8221;]Secadores de ar por refrigera\u00e7\u00e3o, absor\u00e7\u00e3o, adsor\u00e7\u00e3o, standard ou fabrico \u00e0 medida\u2026 Dessecantes: Alumina, peneira molecular\u2026 [\/vc_column_text][\/vc_column][\/vc_row][vc_row fullwidth=&#8221;true&#8221; id=&#8221;historique&#8221;][vc_column][vc_column_text el_class=&#8221;titres-qui&#8221; css=&#8221;.vc_custom_1505126023923{margin-bottom: 0px !important;}&#8221;]\n<h2>Principais marcas parceiras:<\/h2>\n[\/vc_column_text][vc_separator color=&#8221;custom&#8221; align=&#8221;align_left&#8221; border_width=&#8221;5&#8243; accent_color=&#8221;#d0382a&#8221; el_class=&#8221;partenaire&#8221;][\/vc_column][\/vc_row][vc_row id=&#8221;historique&#8221;][vc_column css=&#8221;.vc_custom_1499274240066{padding-top: 4% !important;padding-bottom: 8% !important;}&#8221;][vc_column_text css=&#8221;.vc_custom_1505126037773{margin-bottom: 0px !important;}&#8221;]Propomos outras grandes marcas, n\u00e3o hesite em <a href=\"http:\/\/www.distribution.fluides-service.com\/pt-pt\/contacto\/\">contactar-nos<\/a> para obter mais detalhes.[\/vc_column_text][mk_clients style=&#8221;column&#8221; column=&#8221;6&#8243; count=&#8221;-1&#8243; orderby=&#8221;title&#8221; height=&#8221;100&#8243; autoplay=&#8221;false&#8221; margin_bottom=&#8221;&#8221; clients=&#8221;4858, 4633, 4863, 4944, 4547, 4526, 4813, 4733, 4743, 4994, 4808, 4959, 4511, 4924, 4843, 4939, 4653, 4914, 4582, 4587, 4748, 4818, 4602, 4703&#8243;][\/vc_column][\/vc_row]\n","protected":false},"excerpt":{"rendered":"<p>[mk_page_section bg_image=&#8221;https:\/\/www.distribution.fluides-service.com\/wp-content\/uploads\/2017\/06\/image-produits-hydraulique-pneumatique-fluides-services.jpg&#8221; bg_position=&#8221;center center&#8221; bg_repeat=&#8221;no-repeat&#8221; bg_stretch=&#8221;true&#8221; video_loop=&#8221;false&#8221; full_height=&#8221;true&#8221; padding_top=&#8221;&#8221; padding_bottom=&#8221;&#8221; skip_arrow=&#8221;true&#8221; sidebar=&#8221;sidebar-1&#8243;][vc_column css=&#8221;.vc_custom_1499272999294{padding-top: 20% !important;}&#8221;][vc_column_text disable_pattern=&#8221;false&#8221; css=&#8221;.vc_custom_1562070101408{margin-bottom: 0px !important;}&#8221;] Hidr\u00e1ulica \/ Pneum\u00e1tica &nbsp; O saber-fazer da Fluides Service, do equipamento standard \u00e0 medida [\/vc_column_text][\/vc_column][\/mk_page_section][vc_row][vc_column width=&#8221;1\/4&#8243; css=&#8221;.vc_custom_1506443035604{padding-top: 5% !important;padding-bottom: 5% !important;}&#8221;][vc_single_image image=&#8221;324&#8243; img_size=&#8221;80&#215;80&#8243; alignment=&#8221;center&#8221;][vc_column_text align=&#8221;center&#8221; css=&#8221;.vc_custom_1505125727672{margin-bottom: 0px !important;}&#8221;] Atuadores hidr\u00e1ulicos [\/vc_column_text][vc_separator color=&#8221;custom&#8221; el_width=&#8221;30&#8243; accent_color=&#8221;#d0382a&#8221;][vc_column_text align=&#8221;center&#8221; css=&#8221;.vc_custom_1505125738255{margin-bottom: [&hellip;]<\/p>\n","protected":false},"author":1,"featured_media":6040,"parent":3945,"menu_order":0,"comment_status":"closed","ping_status":"closed","template":"","meta":{"footnotes":""},"_links":{"self":[{"href":"https:\/\/www.distribution.fluides-service.com\/pt-pt\/wp-json\/wp\/v2\/pages\/3985"}],"collection":[{"href":"https:\/\/www.distribution.fluides-service.com\/pt-pt\/wp-json\/wp\/v2\/pages"}],"about":[{"href":"https:\/\/www.distribution.fluides-service.com\/pt-pt\/wp-json\/wp\/v2\/types\/page"}],"author":[{"embeddable":true,"href":"https:\/\/www.distribution.fluides-service.com\/pt-pt\/wp-json\/wp\/v2\/users\/1"}],"replies":[{"embeddable":true,"href":"https:\/\/www.distribution.fluides-service.com\/pt-pt\/wp-json\/wp\/v2\/comments?post=3985"}],"version-history":[{"count":2,"href":"https:\/\/www.distribution.fluides-service.com\/pt-pt\/wp-json\/wp\/v2\/pages\/3985\/revisions"}],"predecessor-version":[{"id":6322,"href":"https:\/\/www.distribution.fluides-service.com\/pt-pt\/wp-json\/wp\/v2\/pages\/3985\/revisions\/6322"}],"up":[{"embeddable":true,"href":"https:\/\/www.distribution.fluides-service.com\/pt-pt\/wp-json\/wp\/v2\/pages\/3945"}],"wp:featuredmedia":[{"embeddable":true,"href":"https:\/\/www.distribution.fluides-service.com\/pt-pt\/wp-json\/wp\/v2\/media\/6040"}],"wp:attachment":[{"href":"https:\/\/www.distribution.fluides-service.com\/pt-pt\/wp-json\/wp\/v2\/media?parent=3985"}],"curies":[{"name":"wp","href":"https:\/\/api.w.org\/{rel}","templated":true}]}}