{"id":3973,"date":"2017-09-11T09:41:25","date_gmt":"2017-09-11T07:41:25","guid":{"rendered":"http:\/\/www.distribution.fluides-service.com\/os-nossos-produtos\/instrumentos-medicao\/"},"modified":"2019-07-02T14:36:02","modified_gmt":"2019-07-02T12:36:02","slug":"instrumentos-medicao","status":"publish","type":"page","link":"https:\/\/www.distribution.fluides-service.com\/pt-pt\/os-nossos-produtos\/instrumentos-medicao\/","title":{"rendered":"Instrumentos \/ Medi\u00e7\u00e3o"},"content":{"rendered":"[mk_page_section bg_image=&#8221;https:\/\/www.distribution.fluides-service.com\/wp-content\/uploads\/2017\/06\/image-produits-instrumentation-fluides-services.jpg&#8221; bg_position=&#8221;center center&#8221; bg_repeat=&#8221;no-repeat&#8221; bg_stretch=&#8221;true&#8221; video_loop=&#8221;false&#8221; full_height=&#8221;true&#8221; padding_top=&#8221;&#8221; padding_bottom=&#8221;&#8221; skip_arrow=&#8221;true&#8221; sidebar=&#8221;sidebar-1&#8243;][vc_column css=&#8221;.vc_custom_1499272999294{padding-top: 20% !important;}&#8221;][vc_column_text disable_pattern=&#8221;false&#8221; css=&#8221;.vc_custom_1562070893629{margin-bottom: 0px !important;}&#8221;]<img decoding=\"async\" loading=\"lazy\" class=\"opaque alignnone wp-image-159 size-full\" src=\"https:\/\/www.distribution.fluides-service.com\/wp-content\/uploads\/2017\/06\/instrumentation-fluides-services-distribution.png\" alt=\"\" width=\"110\" height=\"110\" srcset=\"https:\/\/www.distribution.fluides-service.com\/wp-content\/uploads\/2017\/06\/instrumentation-fluides-services-distribution.png 110w, https:\/\/www.distribution.fluides-service.com\/wp-content\/uploads\/2017\/06\/instrumentation-fluides-services-distribution-300x300.png 300w\" sizes=\"(max-width: 110px) 100vw, 110px\" \/><\/p>\n<h2><span style=\"background-color: rgba(255, 255, 255, 0.6); padding-bottom: 5px;\">Instrumentos \/ Medi\u00e7\u00e3o <\/span><\/h2>\n<p>&nbsp;<\/p>\n<h3><span style=\"background-color: rgba(255, 255, 255, 0.6);\">Fabricantes de renome para tecnologias dominadas<\/span><\/h3>\n[\/vc_column_text][\/vc_column][\/mk_page_section][vc_row][vc_column width=&#8221;1\/4&#8243; css=&#8221;.vc_custom_1506443035604{padding-top: 5% !important;padding-bottom: 5% !important;}&#8221;][vc_single_image image=&#8221;329&#8243; img_size=&#8221;80&#215;80&#8243; alignment=&#8221;center&#8221;][vc_column_text align=&#8221;center&#8221; css=&#8221;.vc_custom_1505124039051{margin-bottom: 0px !important;}&#8221;]\n<h6>Instrumenta\u00e7\u00e3o<\/h6>\n[\/vc_column_text][vc_separator color=&#8221;custom&#8221; el_width=&#8221;30&#8243; accent_color=&#8221;#d0382a&#8221;][vc_column_text align=&#8221;center&#8221; css=&#8221;.vc_custom_1505124050684{margin-bottom: 0px !important;}&#8221;]\n<p class=\"western\"><span style=\"font-family: Helvetica, serif;\"><span lang=\"pt-PT\">Instrumentos de medi\u00e7\u00e3o, transmissores, sondas, man\u00f3metros, analisadores, indicadores de n\u00edvel. Tubagem, encaixes, coletor, caixa de jun\u00e7\u00e3o, cabo, caminho de cabo&#8230;<\/span><\/span><\/p>\n[\/vc_column_text][\/vc_column][vc_column width=&#8221;1\/4&#8243; css=&#8221;.vc_custom_1506443028810{padding-top: 5% !important;padding-bottom: 5% !important;}&#8221;][vc_single_image image=&#8221;529&#8243; img_size=&#8221;80&#215;80&#8243; alignment=&#8221;center&#8221;][vc_column_text disable_pattern=&#8221;false&#8221; align=&#8221;center&#8221; css=&#8221;.vc_custom_1505124066056{margin-bottom: 0px !important;}&#8221;]\n<h6>Ferramenta de medi\u00e7\u00e3o mec\u00e2nica<\/h6>\n[\/vc_column_text][vc_separator color=&#8221;custom&#8221; el_width=&#8221;30&#8243; accent_color=&#8221;#d0382a&#8221;][vc_column_text disable_pattern=&#8221;false&#8221; align=&#8221;center&#8221; css=&#8221;.vc_custom_1505124080029{margin-bottom: 0px !important;}&#8221;]Instrumentos de controlos em oficina\u2026[\/vc_column_text][\/vc_column][vc_column width=&#8221;1\/4&#8243; css=&#8221;.vc_custom_1506443022885{padding-top: 5% !important;padding-bottom: 5% !important;}&#8221;][vc_single_image image=&#8221;531&#8243; img_size=&#8221;80&#215;80&#8243; alignment=&#8221;center&#8221;][vc_column_text disable_pattern=&#8221;false&#8221; align=&#8221;center&#8221; css=&#8221;.vc_custom_1505124098153{margin-bottom: 0px !important;}&#8221;]\n<h6>Tubagem<\/h6>\n[\/vc_column_text][vc_separator color=&#8221;custom&#8221; el_width=&#8221;30&#8243; accent_color=&#8221;#d0382a&#8221;][vc_column_text disable_pattern=&#8221;false&#8221; align=&#8221;center&#8221; css=&#8221;.vc_custom_1505124114896{margin-bottom: 0px !important;}&#8221;]Tubagem de instrumentos, em inox 316 at\u00e9 em superduplex. Certificados e inspe\u00e7\u00f5es poss\u00edveis\u2026 [\/vc_column_text][\/vc_column][vc_column width=&#8221;1\/4&#8243; css=&#8221;.vc_custom_1506443016341{padding-top: 5% !important;padding-bottom: 5% !important;}&#8221;][vc_single_image image=&#8221;530&#8243; img_size=&#8221;80&#215;80&#8243; alignment=&#8221;center&#8221;][vc_column_text disable_pattern=&#8221;false&#8221; align=&#8221;center&#8221; css=&#8221;.vc_custom_1506450359062{margin-bottom: 0px !important;}&#8221;]\n<h6>Encaixes<\/h6>\n[\/vc_column_text][vc_separator color=&#8221;custom&#8221; el_width=&#8221;30&#8243; accent_color=&#8221;#d0382a&#8221;][vc_column_text disable_pattern=&#8221;false&#8221; align=&#8221;center&#8221; css=&#8221;.vc_custom_1505124153550{margin-bottom: 0px !important;}&#8221;]\n<p class=\"western\"><span style=\"font-family: Helvetica, serif;\"><span lang=\"pt-PT\">Liga\u00e7\u00f5es e adaptadores simples ou duplo aro, liga\u00e7\u00f5es r\u00e1pidas, liga\u00e7\u00f5es para soldar, liga\u00e7\u00f5es de alta pureza, liga\u00e7\u00f5es de alta resist\u00eancia, acess\u00f3rios\u2026 <\/span><\/span><\/p>\n[\/vc_column_text][\/vc_column][\/vc_row][vc_row][vc_column width=&#8221;1\/4&#8243; css=&#8221;.vc_custom_1506443035604{padding-top: 5% !important;padding-bottom: 5% !important;}&#8221;][vc_single_image image=&#8221;532&#8243; img_size=&#8221;80&#215;80&#8243; alignment=&#8221;center&#8221;][vc_column_text align=&#8221;center&#8221; css=&#8221;.vc_custom_1505124177769{margin-bottom: 0px !important;}&#8221;]\n<h6>Man\u00f3metros<\/h6>\n[\/vc_column_text][vc_separator color=&#8221;custom&#8221; el_width=&#8221;30&#8243; accent_color=&#8221;#d0382a&#8221;][vc_column_text align=&#8221;center&#8221; css=&#8221;.vc_custom_1505124189091{margin-bottom: 0px !important;}&#8221;]\n<p class=\"western\"><span style=\"font-family: Helvetica, serif;\"><span lang=\"pt-PT\">Man\u00f3metros de liga\u00e7\u00f5es: da v\u00e1lvula simples de agulha ao duplo block and bleed (DBB) conforme as especifica\u00e7\u00f5es <\/span><\/span><\/p>\n[\/vc_column_text][\/vc_column][vc_column width=&#8221;1\/4&#8243; css=&#8221;.vc_custom_1506443028810{padding-top: 5% !important;padding-bottom: 5% !important;}&#8221;][vc_single_image image=&#8221;487&#8243; img_size=&#8221;80&#215;80&#8243; alignment=&#8221;center&#8221;][vc_column_text align=&#8221;center&#8221; css=&#8221;.vc_custom_1505124215485{margin-bottom: 0px !important;}&#8221;]\n<h6>Caminhos de cabo<\/h6>\n[\/vc_column_text][vc_separator color=&#8221;custom&#8221; el_width=&#8221;30&#8243; accent_color=&#8221;#d0382a&#8221;][vc_column_text disable_pattern=&#8221;false&#8221; align=&#8221;center&#8221; css=&#8221;.vc_custom_1505124201635{margin-bottom: 0px !important;}&#8221;]\n<p class=\"western\"><span style=\"font-family: Helvetica, serif;\"><span lang=\"pt-PT\">Todos os produtos para proteger as suas instala\u00e7\u00f5es de cabos em meio industrial.<\/span><\/span><\/p>\n[\/vc_column_text][\/vc_column][vc_column width=&#8221;1\/4&#8243; css=&#8221;.vc_custom_1506443022885{padding-top: 5% !important;padding-bottom: 5% !important;}&#8221;][vc_single_image image=&#8221;486&#8243; img_size=&#8221;80&#215;80&#8243; alignment=&#8221;center&#8221;][vc_column_text align=&#8221;center&#8221; css=&#8221;.vc_custom_1505124229872{margin-bottom: 0px !important;}&#8221;]\n<h6>Cabos el\u00e9tricos<\/h6>\n[\/vc_column_text][vc_separator color=&#8221;custom&#8221; el_width=&#8221;30&#8243; accent_color=&#8221;#d0382a&#8221;][vc_column_text disable_pattern=&#8221;false&#8221; align=&#8221;center&#8221; css=&#8221;.vc_custom_1505124242876{margin-bottom: 0px !important;}&#8221;]Do cabo standard ao cabo espec\u00edfico, conforme as suas necessidades. Com ou sem certifica\u00e7\u00e3o, com ou sem receita de f\u00e1brica. [\/vc_column_text][\/vc_column][vc_column width=&#8221;1\/4&#8243; css=&#8221;.vc_custom_1506443016341{padding-top: 5% !important;padding-bottom: 5% !important;}&#8221;][vc_single_image image=&#8221;485&#8243; img_size=&#8221;80&#215;80&#8243; alignment=&#8221;center&#8221;][vc_column_text align=&#8221;center&#8221; css=&#8221;.vc_custom_1506450381237{margin-bottom: 0px !important;}&#8221;]\n<h6>Caixas de jun\u00e7\u00e3o<\/h6>\n[\/vc_column_text][vc_separator color=&#8221;custom&#8221; el_width=&#8221;30&#8243; accent_color=&#8221;#d0382a&#8221;][vc_column_text disable_pattern=&#8221;false&#8221; align=&#8221;center&#8221; css=&#8221;.vc_custom_1505124265360{margin-bottom: 0px !important;}&#8221;]\n<p class=\"western\"><span style=\"font-family: Helvetica, serif;\"><span lang=\"pt-PT\">Todos os elementos de liga\u00e7\u00e3o para os seus instrumentos, caixas, prensas-estopas, rebordos e rails, acess\u00f3rios\u2026<\/span><\/span><\/p>\n[\/vc_column_text][\/vc_column][\/vc_row][vc_row fullwidth=&#8221;true&#8221; id=&#8221;historique&#8221;][vc_column][vc_column_text el_class=&#8221;titres-qui&#8221; css=&#8221;.vc_custom_1505124285517{margin-bottom: 0px !important;}&#8221;]\n<h2>Principais marcas parceiras:<\/h2>\n[\/vc_column_text][vc_separator color=&#8221;custom&#8221; align=&#8221;align_left&#8221; border_width=&#8221;5&#8243; accent_color=&#8221;#d0382a&#8221; el_class=&#8221;partenaire&#8221;][\/vc_column][\/vc_row][vc_row id=&#8221;historique&#8221;][vc_column css=&#8221;.vc_custom_1499274240066{padding-top: 4% !important;padding-bottom: 8% !important;}&#8221;][vc_column_text css=&#8221;.vc_custom_1505124299833{margin-bottom: 0px !important;}&#8221;]Propomos outras grandes marcas, n\u00e3o hesite em <a href=\"http:\/\/www.distribution.fluides-service.com\/pt-pt\/contacto\/\">contactar-nos<\/a> para obter mais detalhes.[\/vc_column_text][mk_clients style=&#8221;column&#8221; column=&#8221;6&#8243; count=&#8221;-1&#8243; orderby=&#8221;title&#8221; height=&#8221;100&#8243; autoplay=&#8221;false&#8221; margin_bottom=&#8221;&#8221; clients=&#8221;4889, 4491, 4989, 4823, 4999, 5014, 4718, 4628, 4853, 4552, 4633, 4562, 4934, 4658, 4929, 4894, 4708, 4967, 4678, 4572, 4537, 4683, 4763, 4783, 4964&#8243;][\/vc_column][\/vc_row]\n","protected":false},"excerpt":{"rendered":"<p>[mk_page_section bg_image=&#8221;https:\/\/www.distribution.fluides-service.com\/wp-content\/uploads\/2017\/06\/image-produits-instrumentation-fluides-services.jpg&#8221; bg_position=&#8221;center center&#8221; bg_repeat=&#8221;no-repeat&#8221; bg_stretch=&#8221;true&#8221; video_loop=&#8221;false&#8221; full_height=&#8221;true&#8221; padding_top=&#8221;&#8221; padding_bottom=&#8221;&#8221; skip_arrow=&#8221;true&#8221; sidebar=&#8221;sidebar-1&#8243;][vc_column css=&#8221;.vc_custom_1499272999294{padding-top: 20% !important;}&#8221;][vc_column_text disable_pattern=&#8221;false&#8221; css=&#8221;.vc_custom_1562070893629{margin-bottom: 0px !important;}&#8221;] Instrumentos \/ Medi\u00e7\u00e3o &nbsp; Fabricantes de renome para tecnologias dominadas [\/vc_column_text][\/vc_column][\/mk_page_section][vc_row][vc_column width=&#8221;1\/4&#8243; css=&#8221;.vc_custom_1506443035604{padding-top: 5% !important;padding-bottom: 5% !important;}&#8221;][vc_single_image image=&#8221;329&#8243; img_size=&#8221;80&#215;80&#8243; alignment=&#8221;center&#8221;][vc_column_text align=&#8221;center&#8221; css=&#8221;.vc_custom_1505124039051{margin-bottom: 0px !important;}&#8221;] Instrumenta\u00e7\u00e3o [\/vc_column_text][vc_separator color=&#8221;custom&#8221; el_width=&#8221;30&#8243; accent_color=&#8221;#d0382a&#8221;][vc_column_text align=&#8221;center&#8221; css=&#8221;.vc_custom_1505124050684{margin-bottom: 0px !important;}&#8221;] Instrumentos de medi\u00e7\u00e3o, [&hellip;]<\/p>\n","protected":false},"author":1,"featured_media":3112,"parent":3945,"menu_order":0,"comment_status":"closed","ping_status":"closed","template":"","meta":{"footnotes":""},"_links":{"self":[{"href":"https:\/\/www.distribution.fluides-service.com\/pt-pt\/wp-json\/wp\/v2\/pages\/3973"}],"collection":[{"href":"https:\/\/www.distribution.fluides-service.com\/pt-pt\/wp-json\/wp\/v2\/pages"}],"about":[{"href":"https:\/\/www.distribution.fluides-service.com\/pt-pt\/wp-json\/wp\/v2\/types\/page"}],"author":[{"embeddable":true,"href":"https:\/\/www.distribution.fluides-service.com\/pt-pt\/wp-json\/wp\/v2\/users\/1"}],"replies":[{"embeddable":true,"href":"https:\/\/www.distribution.fluides-service.com\/pt-pt\/wp-json\/wp\/v2\/comments?post=3973"}],"version-history":[{"count":2,"href":"https:\/\/www.distribution.fluides-service.com\/pt-pt\/wp-json\/wp\/v2\/pages\/3973\/revisions"}],"predecessor-version":[{"id":6334,"href":"https:\/\/www.distribution.fluides-service.com\/pt-pt\/wp-json\/wp\/v2\/pages\/3973\/revisions\/6334"}],"up":[{"embeddable":true,"href":"https:\/\/www.distribution.fluides-service.com\/pt-pt\/wp-json\/wp\/v2\/pages\/3945"}],"wp:featuredmedia":[{"embeddable":true,"href":"https:\/\/www.distribution.fluides-service.com\/pt-pt\/wp-json\/wp\/v2\/media\/3112"}],"wp:attachment":[{"href":"https:\/\/www.distribution.fluides-service.com\/pt-pt\/wp-json\/wp\/v2\/media?parent=3973"}],"curies":[{"name":"wp","href":"https:\/\/api.w.org\/{rel}","templated":true}]}}