{"id":3948,"date":"2017-09-11T09:37:52","date_gmt":"2017-09-11T07:37:52","guid":{"rendered":"http:\/\/www.distribution.fluides-service.com\/os-nossos-produtos\/provisao-industrial\/"},"modified":"2025-04-13T16:49:03","modified_gmt":"2025-04-13T14:49:03","slug":"provisao-industrial","status":"publish","type":"page","link":"https:\/\/www.distribution.fluides-service.com\/pt-pt\/os-nossos-produtos\/provisao-industrial\/","title":{"rendered":"Provis\u00e3o industrial"},"content":{"rendered":"[mk_page_section bg_image=&#8221;https:\/\/www.distribution.fluides-service.com\/wp-content\/uploads\/2017\/06\/3-image-1.jpg&#8221; bg_position=&#8221;center center&#8221; bg_repeat=&#8221;no-repeat&#8221; bg_stretch=&#8221;true&#8221; video_loop=&#8221;false&#8221; full_height=&#8221;true&#8221; padding_top=&#8221;&#8221; padding_bottom=&#8221;&#8221; skip_arrow=&#8221;true&#8221; sidebar=&#8221;sidebar-1&#8243;][vc_column css=&#8221;.vc_custom_1499272999294{padding-top: 20% !important;}&#8221;][vc_column_text disable_pattern=&#8221;false&#8221; css=&#8221;.vc_custom_1562068840414{margin-bottom: 0px !important;}&#8221;]<img decoding=\"async\" loading=\"lazy\" class=\"opaque alignnone wp-image-156 size-full\" src=\"https:\/\/www.distribution.fluides-service.com\/wp-content\/uploads\/2017\/06\/fournitures-industrielles-fluides-services-distribution.png\" alt=\"\" width=\"110\" height=\"110\" srcset=\"https:\/\/www.distribution.fluides-service.com\/wp-content\/uploads\/2017\/06\/fournitures-industrielles-fluides-services-distribution.png 110w, https:\/\/www.distribution.fluides-service.com\/wp-content\/uploads\/2017\/06\/fournitures-industrielles-fluides-services-distribution-300x300.png 300w\" sizes=\"(max-width: 110px) 100vw, 110px\" \/><\/p>\n<h2><span style=\"background-color: rgba(255, 255, 255, 0.6); padding-bottom: 5px;\">Provis\u00e3o industrial<\/span><\/h2>\n<p>&nbsp;<\/p>\n<h3><span style=\"background-color: rgba(255, 255, 255, 0.6);\">Stock de 30M\u20ac com mais de 100 000 refer\u00eancias dispon\u00edveis<\/span><\/h3>\n[\/vc_column_text][\/vc_column][\/mk_page_section][vc_row column_padding=&#8221;2&#8243;][vc_column width=&#8221;1\/4&#8243; css=&#8221;.vc_custom_1506358075289{padding-top: 5% !important;padding-bottom: 5% !important;}&#8221;][vc_single_image image=&#8221;330&#8243; img_size=&#8221;80&#215;80&#8243; alignment=&#8221;center&#8221;][vc_column_text disable_pattern=&#8221;false&#8221; align=&#8221;center&#8221; css=&#8221;.vc_custom_1505122591540{margin-bottom: 25px !important;}&#8221;]\n<h6>Ferramentas Manuais<\/h6>\n[\/vc_column_text][vc_separator color=&#8221;custom&#8221; el_width=&#8221;30&#8243; accent_color=&#8221;#d0382a&#8221;][vc_column_text align=&#8221;center&#8221; css=&#8221;.vc_custom_1505122603188{margin-bottom: 0px !important;}&#8221;]\n<p class=\"western\"><span style=\"font-family: Helvetica, serif;\"><span lang=\"pt-PT\">V\u00e1rias gamas de ferramentas adaptadas \u00e0s suas necessidades e ao seu or\u00e7amento\u2026<\/span><\/span><\/p>\n[\/vc_column_text][\/vc_column][vc_column width=&#8221;1\/4&#8243; css=&#8221;.vc_custom_1506358081473{padding-top: 5% !important;padding-bottom: 5% !important;}&#8221;][vc_single_image image=&#8221;352&#8243; img_size=&#8221;80&#215;80&#8243; alignment=&#8221;center&#8221;][vc_column_text disable_pattern=&#8221;false&#8221; align=&#8221;center&#8221; css=&#8221;.vc_custom_1505122622723{margin-bottom: 25px !important;}&#8221;]\n<h6>El\u00e9tricas Port\u00e1teis<\/h6>\n[\/vc_column_text][vc_separator color=&#8221;custom&#8221; el_width=&#8221;30&#8243; accent_color=&#8221;#d0382a&#8221;][vc_column_text disable_pattern=&#8221;false&#8221; align=&#8221;center&#8221; css=&#8221;.vc_custom_1505122629297{margin-bottom: 0px !important;}&#8221;]\n<p class=\"western\"><span style=\"font-family: Helvetica, serif;\"><span lang=\"pt-PT\">V\u00e1rias gamas de ferramentas manuais, el\u00e9tricas port\u00e1teis com as maiores marcas para as suas perfuradoras, desbastadoras, chaves de fendas e outras ferramentas port\u00e1teis\u2026<\/span><\/span><\/p>\n[\/vc_column_text][\/vc_column][vc_column width=&#8221;1\/4&#8243; css=&#8221;.vc_custom_1506358086808{padding-top: 5% !important;padding-bottom: 5% !important;}&#8221;][vc_single_image image=&#8221;955&#8243; img_size=&#8221;80&#215;80&#8243; alignment=&#8221;center&#8221;][vc_column_text disable_pattern=&#8221;false&#8221; align=&#8221;center&#8221; css=&#8221;.vc_custom_1505122650992{margin-bottom: 25px !important;}&#8221;]\n<h6>Ferramentas de corte<\/h6>\n[\/vc_column_text][vc_separator color=&#8221;custom&#8221; el_width=&#8221;30&#8243; accent_color=&#8221;#d0382a&#8221;][vc_column_text disable_pattern=&#8221;false&#8221; align=&#8221;center&#8221; css=&#8221;.vc_custom_1505122662749{margin-bottom: 0px !important;}&#8221;]\n<p class=\"western\"><span style=\"font-family: Helvetica, serif;\"><span lang=\"pt-PT\">Fresas, brocas, tarraxas, mandris, pastilhas carbonetos\u2026 Do mais simples ao mais t\u00e9cnico. <\/span><\/span><\/p>\n[\/vc_column_text][\/vc_column][vc_column width=&#8221;1\/4&#8243; css=&#8221;.vc_custom_1506358093601{padding-top: 5% !important;padding-bottom: 5% !important;}&#8221;][vc_single_image image=&#8221;349&#8243; img_size=&#8221;80&#215;80&#8243; alignment=&#8221;center&#8221;][vc_column_text disable_pattern=&#8221;false&#8221; align=&#8221;center&#8221; css=&#8221;.vc_custom_1505122679936{margin-bottom: 25px !important;}&#8221;]\n<h6>Eleva\u00e7\u00e3o<\/h6>\n[\/vc_column_text][vc_separator color=&#8221;custom&#8221; el_width=&#8221;30&#8243; accent_color=&#8221;#d0382a&#8221;][vc_column_text disable_pattern=&#8221;false&#8221; align=&#8221;center&#8221; css=&#8221;.vc_custom_1505122691217{margin-bottom: 0px !important;}&#8221;]\n<p class=\"western\"><span style=\"font-family: Helvetica, serif;\"><span lang=\"pt-PT\">Componentes \u00e0 unidade ou conjuntos montados e certificados\u2026<\/span><\/span><\/p>\n[\/vc_column_text][\/vc_column][\/vc_row][vc_row][vc_column width=&#8221;1\/4&#8243; css=&#8221;.vc_custom_1506358115688{padding-top: 5% !important;padding-bottom: 5% !important;}&#8221;][vc_single_image image=&#8221;353&#8243; img_size=&#8221;80&#215;80&#8243; alignment=&#8221;center&#8221;][vc_column_text disable_pattern=&#8221;false&#8221; align=&#8221;center&#8221; css=&#8221;.vc_custom_1505122707950{margin-bottom: 25px !important;}&#8221;]\n<h6>Equipamento para soldagem<\/h6>\n[\/vc_column_text][vc_separator color=&#8221;custom&#8221; el_width=&#8221;30&#8243; accent_color=&#8221;#d0382a&#8221;][vc_column_text align=&#8221;center&#8221; css=&#8221;.vc_custom_1505122720343{margin-bottom: 0px !important;}&#8221;]\n<p class=\"western\"><span style=\"font-family: Helvetica, serif;\"><span lang=\"pt-PT\">Postes, lanternas, acess\u00f3rios, consum\u00edveis certificados e ferramentas de montagem\u2026<\/span><\/span><\/p>\n[\/vc_column_text][\/vc_column][vc_column width=&#8221;1\/4&#8243; css=&#8221;.vc_custom_1506358110521{padding-top: 5% !important;padding-bottom: 5% !important;}&#8221;][vc_single_image image=&#8221;323&#8243; img_size=&#8221;80&#215;80&#8243; alignment=&#8221;center&#8221;][vc_column_text disable_pattern=&#8221;false&#8221; align=&#8221;center&#8221; css=&#8221;.vc_custom_1505122739106{margin-bottom: 25px !important;}&#8221;]\n<h6>Produtos de colagem e lubrificantes<\/h6>\n[\/vc_column_text][vc_separator color=&#8221;custom&#8221; el_width=&#8221;30&#8243; accent_color=&#8221;#d0382a&#8221;][vc_column_text disable_pattern=&#8221;false&#8221; align=&#8221;center&#8221; css=&#8221;.vc_custom_1505122750732{margin-bottom: 0px !important;}&#8221;]\n<p class=\"western\"><span style=\"font-family: Helvetica, serif;\"><span lang=\"pt-PT\">Cola em tubo, em cartucho, produtos desengordurantes, produtos de limpeza, produtos de estanqueidade\u2026<\/span><\/span><\/p>\n[\/vc_column_text][\/vc_column][vc_column width=&#8221;1\/4&#8243; css=&#8221;.vc_custom_1506358104681{padding-top: 5% !important;padding-bottom: 5% !important;}&#8221;][vc_single_image image=&#8221;350&#8243; img_size=&#8221;80&#215;80&#8243; alignment=&#8221;center&#8221;][vc_column_text disable_pattern=&#8221;false&#8221; align=&#8221;center&#8221; css=&#8221;.vc_custom_1505122768271{margin-bottom: 25px !important;}&#8221;]\n<h6>M\u00e1quinas rotativas<\/h6>\n[\/vc_column_text][vc_separator color=&#8221;custom&#8221; el_width=&#8221;30&#8243; accent_color=&#8221;#d0382a&#8221;][vc_column_text disable_pattern=&#8221;false&#8221; align=&#8221;center&#8221; css=&#8221;.vc_custom_1505122780150{margin-bottom: 0px !important;}&#8221;]\n<p class=\"western\"><span style=\"font-family: Helvetica, serif;\"><span lang=\"pt-PT\">Motores simples ou acoplados, skid de bombeio, grupos eletrog\u00e9neos, motores marinhos e industriais, grupos hidr\u00e1ulicos\u2026 <\/span><\/span><\/p>\n[\/vc_column_text][\/vc_column][vc_column width=&#8221;1\/4&#8243; css=&#8221;.vc_custom_1506358099192{padding-top: 5% !important;padding-bottom: 5% !important;}&#8221;][vc_single_image image=&#8221;334&#8243; img_size=&#8221;80&#215;80&#8243; alignment=&#8221;center&#8221;][vc_column_text align=&#8221;center&#8221; css=&#8221;.vc_custom_1505122795657{margin-bottom: 25px !important;}&#8221;]\n<h6>Transmiss\u00e3o mec\u00e2nica<\/h6>\n[\/vc_column_text][vc_separator color=&#8221;custom&#8221; el_width=&#8221;30&#8243; accent_color=&#8221;#d0382a&#8221;][vc_column_text disable_pattern=&#8221;false&#8221; align=&#8221;center&#8221; css=&#8221;.vc_custom_1505122808215{margin-bottom: 0px !important;}&#8221;]Rolamentos, correias, polias, acoplamentos, correntes, cardans, redutores\u2026[\/vc_column_text][\/vc_column][\/vc_row][vc_row fullwidth=&#8221;true&#8221; id=&#8221;historique&#8221;][vc_column][vc_column_text el_class=&#8221;titres-qui&#8221; css=&#8221;.vc_custom_1505122823686{margin-bottom: 0px !important;}&#8221;]\n<h2>Principais marcas parceiras:<\/h2>\n[\/vc_column_text][vc_separator color=&#8221;custom&#8221; align=&#8221;align_left&#8221; border_width=&#8221;5&#8243; accent_color=&#8221;#d0382a&#8221; el_class=&#8221;partenaire&#8221;][\/vc_column][\/vc_row][vc_row id=&#8221;historique&#8221;][vc_column css=&#8221;.vc_custom_1499274240066{padding-top: 4% !important;padding-bottom: 8% !important;}&#8221;][vc_column_text css=&#8221;.vc_custom_1505122934643{margin-bottom: 0px !important;}&#8221;]Propomos outras grandes marcas, n\u00e3o hesite em <a href=\"http:\/\/www.distribution.fluides-service.com\/pt-pt\/contacto\/\">contactar-nos<\/a> para obter mais detalhes. [\/vc_column_text][mk_clients style=&#8221;column&#8221; column=&#8221;6&#8243; count=&#8221;-1&#8243; orderby=&#8221;title&#8221; height=&#8221;100&#8243; autoplay=&#8221;false&#8221; margin_bottom=&#8221;&#8221; clients=&#8221;4874, 4506, 4979, 4663, 4728, 4542, 4628, 4788, 4949, 4516, 4919, 5004, 4884, 4421, 4693, 4532, 4994, 4758, 4501, 4607, 4592, 4954, 4773, 4723, 6503, 6610&#8243;][\/vc_column][\/vc_row]\n","protected":false},"excerpt":{"rendered":"<p>[mk_page_section bg_image=&#8221;https:\/\/www.distribution.fluides-service.com\/wp-content\/uploads\/2017\/06\/3-image-1.jpg&#8221; bg_position=&#8221;center center&#8221; bg_repeat=&#8221;no-repeat&#8221; bg_stretch=&#8221;true&#8221; video_loop=&#8221;false&#8221; full_height=&#8221;true&#8221; padding_top=&#8221;&#8221; padding_bottom=&#8221;&#8221; skip_arrow=&#8221;true&#8221; sidebar=&#8221;sidebar-1&#8243;][vc_column css=&#8221;.vc_custom_1499272999294{padding-top: 20% !important;}&#8221;][vc_column_text disable_pattern=&#8221;false&#8221; css=&#8221;.vc_custom_1562068840414{margin-bottom: 0px !important;}&#8221;] Provis\u00e3o industrial &nbsp; Stock de 30M\u20ac com mais de 100 000 refer\u00eancias dispon\u00edveis [\/vc_column_text][\/vc_column][\/mk_page_section][vc_row column_padding=&#8221;2&#8243;][vc_column width=&#8221;1\/4&#8243; css=&#8221;.vc_custom_1506358075289{padding-top: 5% !important;padding-bottom: 5% !important;}&#8221;][vc_single_image image=&#8221;330&#8243; img_size=&#8221;80&#215;80&#8243; alignment=&#8221;center&#8221;][vc_column_text disable_pattern=&#8221;false&#8221; align=&#8221;center&#8221; css=&#8221;.vc_custom_1505122591540{margin-bottom: 25px !important;}&#8221;] Ferramentas Manuais [\/vc_column_text][vc_separator color=&#8221;custom&#8221; el_width=&#8221;30&#8243; accent_color=&#8221;#d0382a&#8221;][vc_column_text align=&#8221;center&#8221; [&hellip;]<\/p>\n","protected":false},"author":1,"featured_media":2472,"parent":3945,"menu_order":0,"comment_status":"closed","ping_status":"closed","template":"","meta":{"footnotes":""},"_links":{"self":[{"href":"https:\/\/www.distribution.fluides-service.com\/pt-pt\/wp-json\/wp\/v2\/pages\/3948"}],"collection":[{"href":"https:\/\/www.distribution.fluides-service.com\/pt-pt\/wp-json\/wp\/v2\/pages"}],"about":[{"href":"https:\/\/www.distribution.fluides-service.com\/pt-pt\/wp-json\/wp\/v2\/types\/page"}],"author":[{"embeddable":true,"href":"https:\/\/www.distribution.fluides-service.com\/pt-pt\/wp-json\/wp\/v2\/users\/1"}],"replies":[{"embeddable":true,"href":"https:\/\/www.distribution.fluides-service.com\/pt-pt\/wp-json\/wp\/v2\/comments?post=3948"}],"version-history":[{"count":7,"href":"https:\/\/www.distribution.fluides-service.com\/pt-pt\/wp-json\/wp\/v2\/pages\/3948\/revisions"}],"predecessor-version":[{"id":6612,"href":"https:\/\/www.distribution.fluides-service.com\/pt-pt\/wp-json\/wp\/v2\/pages\/3948\/revisions\/6612"}],"up":[{"embeddable":true,"href":"https:\/\/www.distribution.fluides-service.com\/pt-pt\/wp-json\/wp\/v2\/pages\/3945"}],"wp:featuredmedia":[{"embeddable":true,"href":"https:\/\/www.distribution.fluides-service.com\/pt-pt\/wp-json\/wp\/v2\/media\/2472"}],"wp:attachment":[{"href":"https:\/\/www.distribution.fluides-service.com\/pt-pt\/wp-json\/wp\/v2\/media?parent=3948"}],"curies":[{"name":"wp","href":"https:\/\/api.w.org\/{rel}","templated":true}]}}