{"id":3936,"date":"2017-09-11T09:35:35","date_gmt":"2017-09-11T07:35:35","guid":{"rendered":"http:\/\/www.distribution.fluides-service.com\/quem-somos\/"},"modified":"2019-07-02T20:39:39","modified_gmt":"2019-07-02T18:39:39","slug":"quem-somos","status":"publish","type":"page","link":"https:\/\/www.distribution.fluides-service.com\/pt-pt\/quem-somos\/","title":{"rendered":"Quem somos?"},"content":{"rendered":"[mk_page_section bg_image=&#8221;http:\/\/www.distribution.fluides-service.com\/wp-content\/uploads\/2017\/10\/qui-sommes-nous-image.jpg&#8221; bg_position=&#8221;center center&#8221; bg_repeat=&#8221;no-repeat&#8221; bg_stretch=&#8221;true&#8221; video_loop=&#8221;false&#8221; full_height=&#8221;true&#8221; padding_top=&#8221;&#8221; padding_bottom=&#8221;&#8221; margin_bottom=&#8221;&#8221; skip_arrow=&#8221;true&#8221; sidebar=&#8221;sidebar-1&#8243;][vc_column width=&#8221;1\/2&#8243; css=&#8221;.vc_custom_1499268919934{padding-top: 30% !important;}&#8221;][vc_column_text css=&#8221;.vc_custom_1505122325398{margin-bottom: 0px !important;}&#8221;]\n<h2><span style=\"background-color: rgba(255,255,255,0.6); padding-bottom: 5px;\">Quem somos? <\/span><\/h2>\n<p>&nbsp;<\/p>\n<h3><span style=\"background-color: rgba(255,255,255,0.6);\">Desde 1972, a Fluides Service Distribution acompanha os seus clientes por todo o mundo fornecendo-lhes os equipamentos e as provis\u00f5es industriais de que precisam. <\/span><\/h3>\n[\/vc_column_text][\/vc_column][vc_column width=&#8221;1\/2&#8243;][\/vc_column][\/mk_page_section][vc_row][vc_column css=&#8221;.vc_custom_1499781555549{padding-top: 6% !important;}&#8221;][vc_column_text disable_pattern=&#8221;false&#8221; css=&#8221;.vc_custom_1505122350645{margin-bottom: 0px !important;}&#8221;]\n<p class=\"western\"><span style=\"font-family: Helvetica, serif;\"><span lang=\"pt-PT\">Reconhecida pelo seu sentido de servi\u00e7o, pela sua especializa\u00e7\u00e3o t\u00e9cnica e fiabilidade da sua Cadeia de Fornecimento, a Fluides Service Distribution facilita o aprovisionamento de v\u00e1rias fontes e a pesquisa de produtos considerados \u201cindetet\u00e1veis\u201d. <\/span><\/span><\/p>\n<p class=\"western\"><span style=\"font-family: Helvetica, serif;\"><span lang=\"pt-PT\">Certificada pela norma ISO 9001 e associada ao grupo franc\u00eas MARTIN BELAYSOUD EXPANSION, l\u00edder de provis\u00f5es industriais e detentora de um grande stock, a Fluides Service Distribution garante a delega\u00e7\u00e3o de compras dos seus clientes. <\/span><\/span><\/p>\n[\/vc_column_text][\/vc_column][\/vc_row][vc_row fullwidth=&#8221;true&#8221; id=&#8221;historique&#8221;][vc_column css=&#8221;.vc_custom_1499781629346{padding-top: 3% !important;}&#8221;][vc_column_text el_class=&#8221;titres-qui&#8221; css=&#8221;.vc_custom_1505122363421{margin-bottom: 0px !important;}&#8221;]\n<h2>Hist\u00f3rico :<\/h2>\n[\/vc_column_text][vc_separator color=&#8221;custom&#8221; align=&#8221;align_left&#8221; border_width=&#8221;5&#8243; accent_color=&#8221;#d0382a&#8221; el_class=&#8221;historique&#8221;][\/vc_column][\/vc_row][vc_row fullwidth=&#8221;true&#8221;][vc_column width=&#8221;2\/3&#8243;][vc_single_image image=&#8221;5614&#8243; img_size=&#8221;full&#8221; alignment=&#8221;center&#8221; css_animation=&#8221;none&#8221;][\/vc_column][vc_column visibility=&#8221;visible-dt&#8221; width=&#8221;1\/3&#8243; css=&#8221;.vc_custom_1562092758480{padding-top: 19% !important;padding-bottom: 18% !important;background-image: url(https:\/\/www.distribution.fluides-service.com\/wp-content\/uploads\/2017\/06\/5-photo.jpg?id=219) !important;background-position: center !important;background-repeat: no-repeat !important;background-size: cover !important;}&#8221;][\/vc_column][\/vc_row][vc_row fullwidth=&#8221;true&#8221; id=&#8221;sourcing&#8221;][vc_column css=&#8221;.vc_custom_1497605178032{padding-top: 8% !important;}&#8221;][vc_column_text disable_pattern=&#8221;false&#8221; el_class=&#8221;titres-qui&#8221; css=&#8221;.vc_custom_1505235649773{margin-bottom: 0px !important;}&#8221;]\n<h2>Um sourcing \u00fanico:<\/h2>\n[\/vc_column_text][vc_separator color=&#8221;custom&#8221; align=&#8221;align_left&#8221; border_width=&#8221;5&#8243; accent_color=&#8221;#d0382a&#8221; el_class=&#8221;sourcing&#8221;][\/vc_column][\/vc_row][vc_row][vc_column][vc_column_text css=&#8221;.vc_custom_1505235660270{margin-bottom: 0px !important;}&#8221;]\n<p class=\"western\"><span style=\"font-family: Helvetica, serif;\"><span lang=\"pt-PT\">Descubra onde o acompanhamentos deslocando-se pela imagem: <\/span><\/span><\/p>\n[\/vc_column_text][\/vc_column][\/vc_row][mk_page_section bg_stretch=&#8221;true&#8221; video_loop=&#8221;false&#8221; sidebar=&#8221;sidebar-1&#8243;][vc_column][vc_wp_text][imagelinks slug=&#8221;un-sourcing-unique-portugais&#8221;][\/vc_wp_text][\/vc_column][\/mk_page_section][vc_row fullwidth=&#8221;true&#8221; id=&#8221;atout&#8221;][vc_column css=&#8221;.vc_custom_1497605178032{padding-top: 8% !important;}&#8221;][vc_column_text disable_pattern=&#8221;false&#8221; el_class=&#8221;titres-qui&#8221; css=&#8221;.vc_custom_1505235925792{margin-bottom: 0px !important;}&#8221;]\n<h2>Trunfos ao seu Dispor:<\/h2>\n[\/vc_column_text][vc_separator color=&#8221;custom&#8221; align=&#8221;align_left&#8221; border_width=&#8221;5&#8243; accent_color=&#8221;#d0382a&#8221; el_class=&#8221;atout&#8221;][\/vc_column][\/vc_row][vc_row fullwidth=&#8221;true&#8221; visibility=&#8221;visible-dt-v2&#8243;][vc_column width=&#8221;1\/3&#8243;][mk_animated_columns column_number=&#8221;1&#8243; txt_color=&#8221;#171717&#8243; txt_hover_color=&#8221;#171717&#8243; columns=&#8221;293&#8243;][\/vc_column][vc_column width=&#8221;1\/3&#8243;][mk_animated_columns column_number=&#8221;1&#8243; txt_color=&#8221;#171717&#8243; txt_hover_color=&#8221;#171717&#8243; columns=&#8221;288&#8243;][\/vc_column][vc_column width=&#8221;1\/3&#8243;][mk_animated_columns column_number=&#8221;1&#8243; txt_color=&#8221;#171717&#8243; txt_hover_color=&#8221;#171717&#8243; columns=&#8221;295&#8243;][\/vc_column][\/vc_row][vc_row fullwidth=&#8221;true&#8221; visibility=&#8221;hidden-dt-v2&#8243;][vc_column][vc_column_text align=&#8221;center&#8221; css=&#8221;.vc_custom_1505236480653{margin-bottom: 0px !important;}&#8221;]\n<h3><strong>Um servi\u00e7o orientado para o cliente<\/strong><\/h3>\n<p>&#8211; A tomada em conta de necessidades e especialidades dos clientes<br \/>\n&#8211; Um interlocutor dedicado<br \/>\n&#8211; A reatividade e a flexibilidade de uma estrutura \u00e1gil<br \/>\n&#8211; A gest\u00e3o documental de dossi\u00eas sob pedido<br \/>\n&#8211; O seguimento do cumprimento de prazos de entrega<br \/>\n&#8211; Certificado ISO 9001<\/p>\n<h3><strong>Uma especializa\u00e7\u00e3o t\u00e9cnica forte <\/strong><\/h3>\n<p>&#8211; Departamento t\u00e9cnico com o Gabinete de estudos<br \/>\n&#8211; Preconiza\u00e7\u00f5es t\u00e9cnicas para a defini\u00e7\u00e3o de produtos<br \/>\n&#8211; Gest\u00e3o de normas e especifica\u00e7\u00f5es dos clientes<br \/>\n&#8211; O apoio de um grupo com especialistas de produtos<br \/>\n&#8211; Uma oficina para a realiza\u00e7\u00e3o de pe\u00e7as espec\u00edficas<br \/>\n&#8211; A investiga\u00e7\u00e3o de produtos obsoletos ou &#8220;imposs\u00edveis&#8221; de encontrar<\/p>\n<h3><strong>Uma cadeia de fornecimento otimizada para a exporta\u00e7\u00e3o<\/strong><\/h3>\n<p>&#8211; Armaz\u00e9m especialmente destinado \u00e0 gest\u00e3o de stocks<br \/>\n&#8211; Controlo e inspe\u00e7\u00e3o antes da partida das mercadorias<br \/>\n&#8211; Condicionamento de exporta\u00e7\u00e3o e marca\u00e7\u00f5es (SEI, NIMP15, contentores\u2026)<br \/>\n&#8211; Gest\u00e3o de produtos regulamentados<br \/>\n&#8211; Solu\u00e7\u00f5es de transporte Express<br \/>\n&#8211; Formalidades referentes \u00e0 exporta\u00e7\u00e3o e importa\u00e7\u00e3o<br \/>\n&#8211; Rede de parceiros e transit\u00e1rios que aceleram as entregas[\/vc_column_text][\/vc_column][\/vc_row][vc_row fullwidth=&#8221;true&#8221; id=&#8221;contrainte&#8221;][vc_column css=&#8221;.vc_custom_1497605178032{padding-top: 8% !important;}&#8221;][vc_column_text disable_pattern=&#8221;false&#8221; el_class=&#8221;titres-qui&#8221; css=&#8221;.vc_custom_1505236504909{margin-bottom: 0px !important;}&#8221;]\n<h2>Solu\u00e7\u00f5es para as suas limita\u00e7\u00f5es:<\/h2>\n[\/vc_column_text][vc_separator color=&#8221;custom&#8221; align=&#8221;align_left&#8221; border_width=&#8221;5&#8243; accent_color=&#8221;#d0382a&#8221; el_class=&#8221;contrainte&#8221;][\/vc_column][\/vc_row][vc_row fullwidth=&#8221;true&#8221; visibility=&#8221;visible-dt&#8221;][vc_column css=&#8221;.vc_custom_1497605178032{padding-top: 8% !important;}&#8221;][vc_column_text disable_pattern=&#8221;false&#8221; align=&#8221;center&#8221; css=&#8221;.vc_custom_1562092773776{margin-bottom: 0px !important;}&#8221;]<img decoding=\"async\" loading=\"lazy\" class=\"rizoomanim alignnone wp-image-6167 size-large\" src=\"https:\/\/www.distribution.fluides-service.com\/wp-content\/uploads\/2017\/09\/supplychain-portugais-1300x875.jpg\" alt=\"\" width=\"1140\" height=\"767\" srcset=\"https:\/\/www.distribution.fluides-service.com\/wp-content\/uploads\/2017\/09\/supplychain-portugais.jpg 1300w, https:\/\/www.distribution.fluides-service.com\/wp-content\/uploads\/2017\/09\/supplychain-portugais-300x202.jpg 300w, https:\/\/www.distribution.fluides-service.com\/wp-content\/uploads\/2017\/09\/supplychain-portugais-768x517.jpg 768w\" sizes=\"(max-width: 1140px) 100vw, 1140px\" \/>[\/vc_column_text][\/vc_column][\/vc_row][vc_row fullwidth=&#8221;true&#8221; visibility=&#8221;hidden-dt&#8221;][vc_column css=&#8221;.vc_custom_1497605178032{padding-top: 8% !important;}&#8221;][vc_single_image image=&#8221;5683&#8243; img_size=&#8221;full&#8221; alignment=&#8221;center&#8221; onclick=&#8221;zoom&#8221;][\/vc_column][\/vc_row][vc_row fullwidth=&#8221;true&#8221; id=&#8221;action&#8221;][vc_column css=&#8221;.vc_custom_1497605178032{padding-top: 8% !important;}&#8221;][vc_column_text disable_pattern=&#8221;false&#8221; el_class=&#8221;titres-qui&#8221; css=&#8221;.vc_custom_1505236531680{margin-bottom: 0px !important;}&#8221;]\n<h2>Zonas de a\u00e7\u00f5es :<\/h2>\n[\/vc_column_text][vc_separator color=&#8221;custom&#8221; align=&#8221;align_left&#8221; border_width=&#8221;5&#8243; accent_color=&#8221;#d0382a&#8221; el_class=&#8221;action&#8221;][\/vc_column][\/vc_row][mk_page_section bg_stretch=&#8221;true&#8221; video_loop=&#8221;false&#8221; sidebar=&#8221;sidebar-1&#8243;][vc_column][vc_single_image image=&#8221;228&#8243; img_size=&#8221;full&#8221; alignment=&#8221;center&#8221;][\/vc_column][\/mk_page_section]\n","protected":false},"excerpt":{"rendered":"<p>[mk_page_section bg_image=&#8221;http:\/\/www.distribution.fluides-service.com\/wp-content\/uploads\/2017\/10\/qui-sommes-nous-image.jpg&#8221; bg_position=&#8221;center center&#8221; bg_repeat=&#8221;no-repeat&#8221; bg_stretch=&#8221;true&#8221; video_loop=&#8221;false&#8221; full_height=&#8221;true&#8221; padding_top=&#8221;&#8221; padding_bottom=&#8221;&#8221; margin_bottom=&#8221;&#8221; skip_arrow=&#8221;true&#8221; sidebar=&#8221;sidebar-1&#8243;][vc_column width=&#8221;1\/2&#8243; css=&#8221;.vc_custom_1499268919934{padding-top: 30% !important;}&#8221;][vc_column_text css=&#8221;.vc_custom_1505122325398{margin-bottom: 0px !important;}&#8221;] Quem somos? &nbsp; Desde 1972, a Fluides Service Distribution acompanha os seus clientes por todo o mundo fornecendo-lhes os equipamentos e as provis\u00f5es industriais de que precisam. [\/vc_column_text][\/vc_column][vc_column width=&#8221;1\/2&#8243;][\/vc_column][\/mk_page_section][vc_row][vc_column css=&#8221;.vc_custom_1499781555549{padding-top: 6% !important;}&#8221;][vc_column_text disable_pattern=&#8221;false&#8221; css=&#8221;.vc_custom_1505122350645{margin-bottom: 0px [&hellip;]<\/p>\n","protected":false},"author":1,"featured_media":0,"parent":0,"menu_order":0,"comment_status":"closed","ping_status":"closed","template":"","meta":{"footnotes":""},"_links":{"self":[{"href":"https:\/\/www.distribution.fluides-service.com\/pt-pt\/wp-json\/wp\/v2\/pages\/3936"}],"collection":[{"href":"https:\/\/www.distribution.fluides-service.com\/pt-pt\/wp-json\/wp\/v2\/pages"}],"about":[{"href":"https:\/\/www.distribution.fluides-service.com\/pt-pt\/wp-json\/wp\/v2\/types\/page"}],"author":[{"embeddable":true,"href":"https:\/\/www.distribution.fluides-service.com\/pt-pt\/wp-json\/wp\/v2\/users\/1"}],"replies":[{"embeddable":true,"href":"https:\/\/www.distribution.fluides-service.com\/pt-pt\/wp-json\/wp\/v2\/comments?post=3936"}],"version-history":[{"count":5,"href":"https:\/\/www.distribution.fluides-service.com\/pt-pt\/wp-json\/wp\/v2\/pages\/3936\/revisions"}],"predecessor-version":[{"id":6412,"href":"https:\/\/www.distribution.fluides-service.com\/pt-pt\/wp-json\/wp\/v2\/pages\/3936\/revisions\/6412"}],"wp:attachment":[{"href":"https:\/\/www.distribution.fluides-service.com\/pt-pt\/wp-json\/wp\/v2\/media?parent=3936"}],"curies":[{"name":"wp","href":"https:\/\/api.w.org\/{rel}","templated":true}]}}