{"id":9,"date":"2017-06-12T15:52:37","date_gmt":"2017-06-12T13:52:37","guid":{"rendered":"http:\/\/www.distribution.fluides-service.com\/?page_id=9"},"modified":"2017-10-07T09:06:04","modified_gmt":"2017-10-07T07:06:04","slug":"nos-secteurs-dactivite","status":"publish","type":"page","link":"https:\/\/www.distribution.fluides-service.com\/fr\/nos-secteurs-dactivite\/","title":{"rendered":"Nos secteurs d&rsquo;activit\u00e9"},"content":{"rendered":"[mk_page_section bg_image=\u00a0\u00bbhttp:\/\/www.distribution.fluides-service.com\/wp-content\/uploads\/2017\/06\/image-pour-page-nos-activits-fluides-services-distribution.jpg\u00a0\u00bb bg_position=\u00a0\u00bbcenter center\u00a0\u00bb bg_repeat=\u00a0\u00bbno-repeat\u00a0\u00bb bg_stretch=\u00a0\u00bbtrue\u00a0\u00bb video_loop=\u00a0\u00bbfalse\u00a0\u00bb full_height=\u00a0\u00bbtrue\u00a0\u00bb padding_top=\u00a0\u00bb\u00a0\u00bb padding_bottom=\u00a0\u00bb\u00a0\u00bb margin_bottom=\u00a0\u00bb35&Prime; skip_arrow=\u00a0\u00bbtrue\u00a0\u00bb sidebar=\u00a0\u00bbsidebar-1&Prime;][vc_column css=\u00a0\u00bb.vc_custom_1497701898739{padding-top: 30% !important;}\u00a0\u00bb][vc_column_text disable_pattern=\u00a0\u00bbfalse\u00a0\u00bb]\n<h2><span style=\"background-color: rgba(255,255,255,0.6); padding-bottom: 5px;\">Nos secteurs<br \/>\nd&rsquo;activit\u00e9<\/span><\/h2>\n<p>&nbsp;<\/p>\n<h3><span style=\"background-color: rgba(255,255,255,0.6);\">Des solutions adapt\u00e9es aux exigences de vos m\u00e9tiers.<\/span><\/h3>\n[\/vc_column_text][\/vc_column][\/mk_page_section][vc_row fullwidth=\u00a0\u00bbtrue\u00a0\u00bb visibility=\u00a0\u00bbhidden-sm\u00a0\u00bb el_class=\u00a0\u00bbfive-columns\u00a0\u00bb][vc_column width=\u00a0\u00bb1\/6&Prime;][vc_basic_grid post_type=\u00a0\u00bbids\u00a0\u00bb element_width=\u00a0\u00bb12&Prime; gap=\u00a0\u00bb1&Prime; item=\u00a0\u00bb165&Prime; initial_loading_animation=\u00a0\u00bbnone\u00a0\u00bb grid_id=\u00a0\u00bbvc_gid:1505026956368-ab79b45d-9fb5-6&Prime; include=\u00a0\u00bb25&Prime;][\/vc_column][vc_column width=\u00a0\u00bb1\/6&Prime;][vc_basic_grid post_type=\u00a0\u00bbids\u00a0\u00bb element_width=\u00a0\u00bb12&Prime; gap=\u00a0\u00bb1&Prime; item=\u00a0\u00bb190&Prime; initial_loading_animation=\u00a0\u00bbnone\u00a0\u00bb grid_id=\u00a0\u00bbvc_gid:1505026956373-a42d3841-f8e2-4&Prime; include=\u00a0\u00bb26&Prime;][\/vc_column][vc_column width=\u00a0\u00bb1\/6&Prime;][vc_basic_grid post_type=\u00a0\u00bbids\u00a0\u00bb element_width=\u00a0\u00bb12&Prime; gap=\u00a0\u00bb1&Prime; item=\u00a0\u00bb188&Prime; initial_loading_animation=\u00a0\u00bbnone\u00a0\u00bb grid_id=\u00a0\u00bbvc_gid:1505026956376-7b462775-96fe-8&Prime; include=\u00a0\u00bb27&Prime;][\/vc_column][vc_column width=\u00a0\u00bb1\/6&Prime;][vc_basic_grid post_type=\u00a0\u00bbids\u00a0\u00bb element_width=\u00a0\u00bb12&Prime; gap=\u00a0\u00bb1&Prime; item=\u00a0\u00bb187&Prime; initial_loading_animation=\u00a0\u00bbnone\u00a0\u00bb grid_id=\u00a0\u00bbvc_gid:1505026956379-50f1197b-d32d-6&Prime; include=\u00a0\u00bb28&Prime;][\/vc_column][vc_column width=\u00a0\u00bb1\/6&Prime;][vc_basic_grid post_type=\u00a0\u00bbids\u00a0\u00bb element_width=\u00a0\u00bb12&Prime; gap=\u00a0\u00bb1&Prime; item=\u00a0\u00bb189&Prime; initial_loading_animation=\u00a0\u00bbnone\u00a0\u00bb grid_id=\u00a0\u00bbvc_gid:1505026956383-eab7d8b5-9cda-3&Prime; include=\u00a0\u00bb29&Prime;][\/vc_column][vc_column width=\u00a0\u00bb1\/6&Prime;][\/vc_column][\/vc_row][mk_page_section video_loop=\u00a0\u00bbfalse\u00a0\u00bb adaptive_height=\u00a0\u00bbtrue\u00a0\u00bb max_height=\u00a0\u00bb500&Prime; min_height=\u00a0\u00bb50&Prime; full_width=\u00a0\u00bbtrue\u00a0\u00bb padding_top=\u00a0\u00bb\u00a0\u00bb padding_bottom=\u00a0\u00bb\u00a0\u00bb visibility=\u00a0\u00bbvisible-sm\u00a0\u00bb sidebar=\u00a0\u00bbsidebar-1&Prime;][vc_column width=\u00a0\u00bb1\/6&Prime;][vc_basic_grid post_type=\u00a0\u00bbids\u00a0\u00bb element_width=\u00a0\u00bb12&Prime; gap=\u00a0\u00bb1&Prime; item=\u00a0\u00bb165&Prime; initial_loading_animation=\u00a0\u00bbnone\u00a0\u00bb grid_id=\u00a0\u00bbvc_gid:1505026956386-efe86c3c-8047-2&Prime; include=\u00a0\u00bb25&Prime;][\/vc_column][vc_column width=\u00a0\u00bb1\/6&Prime;][vc_basic_grid post_type=\u00a0\u00bbids\u00a0\u00bb element_width=\u00a0\u00bb12&Prime; gap=\u00a0\u00bb1&Prime; item=\u00a0\u00bb190&Prime; initial_loading_animation=\u00a0\u00bbnone\u00a0\u00bb grid_id=\u00a0\u00bbvc_gid:1505026956388-89fad47a-c685-6&Prime; include=\u00a0\u00bb26&Prime;][\/vc_column][vc_column width=\u00a0\u00bb1\/6&Prime;][vc_basic_grid post_type=\u00a0\u00bbids\u00a0\u00bb element_width=\u00a0\u00bb12&Prime; gap=\u00a0\u00bb1&Prime; item=\u00a0\u00bb188&Prime; initial_loading_animation=\u00a0\u00bbnone\u00a0\u00bb grid_id=\u00a0\u00bbvc_gid:1505026956389-bc2fe686-9bef-2&Prime; include=\u00a0\u00bb27&Prime;][\/vc_column][vc_column width=\u00a0\u00bb1\/6&Prime;][vc_basic_grid post_type=\u00a0\u00bbids\u00a0\u00bb element_width=\u00a0\u00bb12&Prime; gap=\u00a0\u00bb1&Prime; item=\u00a0\u00bb187&Prime; initial_loading_animation=\u00a0\u00bbnone\u00a0\u00bb grid_id=\u00a0\u00bbvc_gid:1505026956391-ce74bb00-1be9-4&Prime; include=\u00a0\u00bb28&Prime;][\/vc_column][vc_column width=\u00a0\u00bb1\/6&Prime;][vc_basic_grid post_type=\u00a0\u00bbids\u00a0\u00bb element_width=\u00a0\u00bb12&Prime; gap=\u00a0\u00bb1&Prime; item=\u00a0\u00bb189&Prime; initial_loading_animation=\u00a0\u00bbnone\u00a0\u00bb grid_id=\u00a0\u00bbvc_gid:1505026956392-4a25da6f-323d-5&Prime; include=\u00a0\u00bb29&Prime;][\/vc_column][vc_column width=\u00a0\u00bb1\/6&Prime;][\/vc_column][\/mk_page_section]\n","protected":false},"excerpt":{"rendered":"<p>[mk_page_section bg_image=\u00a0\u00bbhttp:\/\/www.distribution.fluides-service.com\/wp-content\/uploads\/2017\/06\/image-pour-page-nos-activits-fluides-services-distribution.jpg\u00a0\u00bb bg_position=\u00a0\u00bbcenter center\u00a0\u00bb bg_repeat=\u00a0\u00bbno-repeat\u00a0\u00bb bg_stretch=\u00a0\u00bbtrue\u00a0\u00bb video_loop=\u00a0\u00bbfalse\u00a0\u00bb full_height=\u00a0\u00bbtrue\u00a0\u00bb padding_top=\u00a0\u00bb\u00a0\u00bb padding_bottom=\u00a0\u00bb\u00a0\u00bb margin_bottom=\u00a0\u00bb35&Prime; skip_arrow=\u00a0\u00bbtrue\u00a0\u00bb sidebar=\u00a0\u00bbsidebar-1&Prime;][vc_column css=\u00a0\u00bb.vc_custom_1497701898739{padding-top: 30% !important;}\u00a0\u00bb][vc_column_text disable_pattern=\u00a0\u00bbfalse\u00a0\u00bb] Nos secteurs d&rsquo;activit\u00e9 &nbsp; Des solutions adapt\u00e9es aux exigences de vos m\u00e9tiers. [\/vc_column_text][\/vc_column][\/mk_page_section][vc_row fullwidth=\u00a0\u00bbtrue\u00a0\u00bb visibility=\u00a0\u00bbhidden-sm\u00a0\u00bb el_class=\u00a0\u00bbfive-columns\u00a0\u00bb][vc_column width=\u00a0\u00bb1\/6&Prime;][vc_basic_grid post_type=\u00a0\u00bbids\u00a0\u00bb element_width=\u00a0\u00bb12&Prime; gap=\u00a0\u00bb1&Prime; item=\u00a0\u00bb165&Prime; initial_loading_animation=\u00a0\u00bbnone\u00a0\u00bb grid_id=\u00a0\u00bbvc_gid:1505026956368-ab79b45d-9fb5-6&Prime; include=\u00a0\u00bb25&Prime;][\/vc_column][vc_column width=\u00a0\u00bb1\/6&Prime;][vc_basic_grid post_type=\u00a0\u00bbids\u00a0\u00bb element_width=\u00a0\u00bb12&Prime; gap=\u00a0\u00bb1&Prime; item=\u00a0\u00bb190&Prime; initial_loading_animation=\u00a0\u00bbnone\u00a0\u00bb grid_id=\u00a0\u00bbvc_gid:1505026956373-a42d3841-f8e2-4&Prime; include=\u00a0\u00bb26&Prime;][\/vc_column][vc_column width=\u00a0\u00bb1\/6&Prime;][vc_basic_grid post_type=\u00a0\u00bbids\u00a0\u00bb element_width=\u00a0\u00bb12&Prime; gap=\u00a0\u00bb1&Prime; item=\u00a0\u00bb188&Prime; initial_loading_animation=\u00a0\u00bbnone\u00a0\u00bb [&hellip;]<\/p>\n","protected":false},"author":1,"featured_media":418,"parent":0,"menu_order":0,"comment_status":"closed","ping_status":"closed","template":"","meta":{"footnotes":""},"_links":{"self":[{"href":"https:\/\/www.distribution.fluides-service.com\/fr\/wp-json\/wp\/v2\/pages\/9"}],"collection":[{"href":"https:\/\/www.distribution.fluides-service.com\/fr\/wp-json\/wp\/v2\/pages"}],"about":[{"href":"https:\/\/www.distribution.fluides-service.com\/fr\/wp-json\/wp\/v2\/types\/page"}],"author":[{"embeddable":true,"href":"https:\/\/www.distribution.fluides-service.com\/fr\/wp-json\/wp\/v2\/users\/1"}],"replies":[{"embeddable":true,"href":"https:\/\/www.distribution.fluides-service.com\/fr\/wp-json\/wp\/v2\/comments?post=9"}],"version-history":[{"count":0,"href":"https:\/\/www.distribution.fluides-service.com\/fr\/wp-json\/wp\/v2\/pages\/9\/revisions"}],"wp:featuredmedia":[{"embeddable":true,"href":"https:\/\/www.distribution.fluides-service.com\/fr\/wp-json\/wp\/v2\/media\/418"}],"wp:attachment":[{"href":"https:\/\/www.distribution.fluides-service.com\/fr\/wp-json\/wp\/v2\/media?parent=9"}],"curies":[{"name":"wp","href":"https:\/\/api.w.org\/{rel}","templated":true}]}}