{"id":7,"date":"2017-06-12T15:51:49","date_gmt":"2017-06-12T13:51:49","guid":{"rendered":"http:\/\/www.distribution.fluides-service.com\/?page_id=7"},"modified":"2017-10-07T09:06:05","modified_gmt":"2017-10-07T07:06:05","slug":"nos-produits","status":"publish","type":"page","link":"https:\/\/www.distribution.fluides-service.com\/fr\/nos-produits\/","title":{"rendered":"Nos produits"},"content":{"rendered":"[mk_page_section bg_image=\u00a0\u00bbhttp:\/\/www.distribution.fluides-service.com\/wp-content\/uploads\/2017\/06\/image-pour-page-nos-produits-1.jpg\u00a0\u00bb bg_position=\u00a0\u00bbcenter center\u00a0\u00bb bg_repeat=\u00a0\u00bbno-repeat\u00a0\u00bb bg_stretch=\u00a0\u00bbtrue\u00a0\u00bb video_loop=\u00a0\u00bbfalse\u00a0\u00bb full_height=\u00a0\u00bbtrue\u00a0\u00bb padding_top=\u00a0\u00bb\u00a0\u00bb padding_bottom=\u00a0\u00bb\u00a0\u00bb margin_bottom=\u00a0\u00bb\u00a0\u00bb skip_arrow=\u00a0\u00bbtrue\u00a0\u00bb sidebar=\u00a0\u00bbsidebar-1&Prime;][vc_column css=\u00a0\u00bb.vc_custom_1497703726222{padding-top: 30% !important;}\u00a0\u00bb][vc_column_text disable_pattern=\u00a0\u00bbfalse\u00a0\u00bb]\n<h2><span style=\"background-color: rgba(255,255,255,0.6); padding-bottom: 5px;\">Nos produits<\/span><\/h2>\n<p>&nbsp;<\/p>\n<h3><span style=\"background-color: rgba(255,255,255,0.6);\">Des produits s\u00e9lectionn\u00e9s aupr\u00e8s de notre r\u00e9seau<br \/>\nde fabricants OEM et de fournisseurs reconnus.<\/span><\/h3>\n[\/vc_column_text][\/vc_column][\/mk_page_section][vc_row fullwidth=\u00a0\u00bbtrue\u00a0\u00bb css=\u00a0\u00bb.vc_custom_1499844927797{margin-top: 35px !important;}\u00a0\u00bb][vc_column width=\u00a0\u00bb1\/6&Prime;][vc_basic_grid post_type=\u00a0\u00bbids\u00a0\u00bb element_width=\u00a0\u00bb12&Prime; gap=\u00a0\u00bb1&Prime; item=\u00a0\u00bb131&Prime; initial_loading_animation=\u00a0\u00bbnone\u00a0\u00bb grid_id=\u00a0\u00bbvc_gid:1499844914255-dfa5596e-70b9-5&Prime; include=\u00a0\u00bb13&Prime;][\/vc_column][vc_column width=\u00a0\u00bb1\/6&Prime;][vc_basic_grid post_type=\u00a0\u00bbids\u00a0\u00bb element_width=\u00a0\u00bb12&Prime; gap=\u00a0\u00bb1&Prime; item=\u00a0\u00bb127&Prime; initial_loading_animation=\u00a0\u00bbnone\u00a0\u00bb grid_id=\u00a0\u00bbvc_gid:1499844914256-12aec64f-1125-0&Prime; include=\u00a0\u00bb15&Prime;][\/vc_column][vc_column width=\u00a0\u00bb1\/6&Prime;][vc_basic_grid post_type=\u00a0\u00bbids\u00a0\u00bb element_width=\u00a0\u00bb12&Prime; gap=\u00a0\u00bb1&Prime; item=\u00a0\u00bb126&Prime; initial_loading_animation=\u00a0\u00bbnone\u00a0\u00bb grid_id=\u00a0\u00bbvc_gid:1499844914259-3bfa670b-5d6d-0&Prime; include=\u00a0\u00bb17&Prime;][\/vc_column][vc_column width=\u00a0\u00bb1\/6&Prime;][vc_basic_grid post_type=\u00a0\u00bbids\u00a0\u00bb element_width=\u00a0\u00bb12&Prime; gap=\u00a0\u00bb1&Prime; item=\u00a0\u00bb113&Prime; initial_loading_animation=\u00a0\u00bbnone\u00a0\u00bb grid_id=\u00a0\u00bbvc_gid:1499844914260-347aea4d-f869-2&Prime; include=\u00a0\u00bb18&Prime;][\/vc_column][vc_column width=\u00a0\u00bb1\/6&Prime;][vc_basic_grid post_type=\u00a0\u00bbids\u00a0\u00bb element_width=\u00a0\u00bb12&Prime; gap=\u00a0\u00bb1&Prime; item=\u00a0\u00bb98&Prime; initial_loading_animation=\u00a0\u00bbnone\u00a0\u00bb grid_id=\u00a0\u00bbvc_gid:1499844914261-29dc3862-84bb-7&Prime; include=\u00a0\u00bb19&Prime;][\/vc_column][vc_column width=\u00a0\u00bb1\/6&Prime;][vc_basic_grid post_type=\u00a0\u00bbids\u00a0\u00bb element_width=\u00a0\u00bb12&Prime; gap=\u00a0\u00bb1&Prime; item=\u00a0\u00bb111&Prime; initial_loading_animation=\u00a0\u00bbnone\u00a0\u00bb grid_id=\u00a0\u00bbvc_gid:1499844914262-1ed8e18a-2356-9&Prime; include=\u00a0\u00bb20&Prime;][\/vc_column][\/vc_row]\n","protected":false},"excerpt":{"rendered":"<p>[mk_page_section bg_image=\u00a0\u00bbhttp:\/\/www.distribution.fluides-service.com\/wp-content\/uploads\/2017\/06\/image-pour-page-nos-produits-1.jpg\u00a0\u00bb bg_position=\u00a0\u00bbcenter center\u00a0\u00bb bg_repeat=\u00a0\u00bbno-repeat\u00a0\u00bb bg_stretch=\u00a0\u00bbtrue\u00a0\u00bb video_loop=\u00a0\u00bbfalse\u00a0\u00bb full_height=\u00a0\u00bbtrue\u00a0\u00bb padding_top=\u00a0\u00bb\u00a0\u00bb padding_bottom=\u00a0\u00bb\u00a0\u00bb margin_bottom=\u00a0\u00bb\u00a0\u00bb skip_arrow=\u00a0\u00bbtrue\u00a0\u00bb sidebar=\u00a0\u00bbsidebar-1&Prime;][vc_column css=\u00a0\u00bb.vc_custom_1497703726222{padding-top: 30% !important;}\u00a0\u00bb][vc_column_text disable_pattern=\u00a0\u00bbfalse\u00a0\u00bb] Nos produits &nbsp; Des produits s\u00e9lectionn\u00e9s aupr\u00e8s de notre r\u00e9seau de fabricants OEM et de fournisseurs reconnus. [\/vc_column_text][\/vc_column][\/mk_page_section][vc_row fullwidth=\u00a0\u00bbtrue\u00a0\u00bb css=\u00a0\u00bb.vc_custom_1499844927797{margin-top: 35px !important;}\u00a0\u00bb][vc_column width=\u00a0\u00bb1\/6&Prime;][vc_basic_grid post_type=\u00a0\u00bbids\u00a0\u00bb element_width=\u00a0\u00bb12&Prime; gap=\u00a0\u00bb1&Prime; item=\u00a0\u00bb131&Prime; initial_loading_animation=\u00a0\u00bbnone\u00a0\u00bb grid_id=\u00a0\u00bbvc_gid:1499844914255-dfa5596e-70b9-5&Prime; include=\u00a0\u00bb13&Prime;][\/vc_column][vc_column width=\u00a0\u00bb1\/6&Prime;][vc_basic_grid post_type=\u00a0\u00bbids\u00a0\u00bb element_width=\u00a0\u00bb12&Prime; gap=\u00a0\u00bb1&Prime; item=\u00a0\u00bb127&Prime; initial_loading_animation=\u00a0\u00bbnone\u00a0\u00bb grid_id=\u00a0\u00bbvc_gid:1499844914256-12aec64f-1125-0&Prime; include=\u00a0\u00bb15&Prime;][\/vc_column][vc_column [&hellip;]<\/p>\n","protected":false},"author":1,"featured_media":418,"parent":0,"menu_order":0,"comment_status":"closed","ping_status":"closed","template":"","meta":{"footnotes":""},"_links":{"self":[{"href":"https:\/\/www.distribution.fluides-service.com\/fr\/wp-json\/wp\/v2\/pages\/7"}],"collection":[{"href":"https:\/\/www.distribution.fluides-service.com\/fr\/wp-json\/wp\/v2\/pages"}],"about":[{"href":"https:\/\/www.distribution.fluides-service.com\/fr\/wp-json\/wp\/v2\/types\/page"}],"author":[{"embeddable":true,"href":"https:\/\/www.distribution.fluides-service.com\/fr\/wp-json\/wp\/v2\/users\/1"}],"replies":[{"embeddable":true,"href":"https:\/\/www.distribution.fluides-service.com\/fr\/wp-json\/wp\/v2\/comments?post=7"}],"version-history":[{"count":0,"href":"https:\/\/www.distribution.fluides-service.com\/fr\/wp-json\/wp\/v2\/pages\/7\/revisions"}],"wp:featuredmedia":[{"embeddable":true,"href":"https:\/\/www.distribution.fluides-service.com\/fr\/wp-json\/wp\/v2\/media\/418"}],"wp:attachment":[{"href":"https:\/\/www.distribution.fluides-service.com\/fr\/wp-json\/wp\/v2\/media?parent=7"}],"curies":[{"name":"wp","href":"https:\/\/api.w.org\/{rel}","templated":true}]}}