{"id":6426,"date":"2019-09-24T09:48:15","date_gmt":"2019-09-24T07:48:15","guid":{"rendered":"https:\/\/www.distribution.fluides-service.com\/?page_id=6426"},"modified":"2019-09-24T10:08:35","modified_gmt":"2019-09-24T08:08:35","slug":"politique-de-gestion-des-cookies","status":"publish","type":"page","link":"https:\/\/www.distribution.fluides-service.com\/fr\/politique-de-gestion-des-cookies\/","title":{"rendered":"Politique de gestion des cookies"},"content":{"rendered":"\n<h1>Politique de gestion des cookies <\/H1>\n\n\n\n<p>Les cookies sont de petits fichiers texte d\u00e9pos\u00e9s sur votre ordinateur, tablette, smartphone ou autre (ci-apr\u00e8s le Terminal) et utilis\u00e9s pour la consultation et la navigation sur notre site. Lors de votre navigation sur le site Internet <a href=\"http:\/\/www.distribution.fluides-service.com\/\">https:\/\/www.distribution.fluides-service.com\/<\/a> (ci-apr\u00e8s le \u00ab\u00a0Site\u00a0\u00bb), des cookies peuvent \u00eatre d\u00e9pos\u00e9s sur votre Terminal sous r\u00e9serve des choix que vous avez exprim\u00e9s au pr\u00e9alable concernant les cookies et que vous pouvez modifier \u00e0 tout moment. <\/p>\n\n\n\n<p>Ces cookies\nnous permettent de stocker des informations relatives \u00e0 votre navigation sur notre\nSite. Ils r\u00e9pondent \u00e0 plusieurs finalit\u00e9s. <\/p>\n\n\n\n<p>Vous pouvez accepter\nou refuser les cookies en fonction de leur finalit\u00e9 respective, en cochant la\ncase s\u2019y r\u00e9f\u00e9rant pr\u00e9vue ci-dessous. <\/p>\n\n\n\n<p>Cependant\nveuillez noter que le fait de restreindre ou de bloquer les cookies pr\u00e9sents\nsur le Site peut impacter la fonctionnalit\u00e9 ou la performance de celui-ci, voire\nm\u00eame vous emp\u00eacher d\u2019utiliser certains services propos\u00e9s.<\/p>\n\n\n\n<p>Les cookies que nous pouvons\ninstaller sur votre Terminal sont les suivants&nbsp;: <\/p>\n\n\n\n<ol><li>Les cookies techniques <\/li><li>Les cookies \u00e9mis \u00e0 des fins statistiques <\/li><\/ol>\n\n\n\n<p><strong>Consentement \u2013choix des Cookies<\/strong><\/p>\n\n\n\n<p>Le d\u00e9p\u00f4t de\ntout cookie est subordonn\u00e9 \u00e0 votre consentement pr\u00e9alable.<\/p>\n\n\n\n<p>En cliquant sur le bouton \u00ab&nbsp;OK&nbsp;\u00bb\ndu bandeau, et\/ou en poursuivant votre navigation l\u2019utilisateur consent express\u00e9ment\n\u00e0 ce que l\u2019int\u00e9gralit\u00e9 des cookies que nous \u00e9mettons soit d\u00e9pos\u00e9e sur son\nTerminal. Si, en revanche, il clique sur le bouton \u00ab Afficher les d\u00e9tails&nbsp;\u00bb,\nl\u2019utilisateur aura acc\u00e8s \u00e0 la personnalisation des cookies. <\/p>\n\n\n\n<p>En cas\nd\u2019acception,\nles cookies int\u00e9gr\u00e9s dans les pages et contenus que vous avez consult\u00e9s\npourront \u00eatre stock\u00e9s <strong>temporairement<\/strong>\ndans votre Terminal. Ils y seront lisibles uniquement par leur \u00e9metteur. <\/p>\n\n\n\n<p>En cas de\nrefus de\nd\u00e9p\u00f4t de certains types de cookies sur votre Terminal, ou en encore en cas de\nsuppression de ceux qui y sont d\u00e9pos\u00e9s, vous \u00eates inform\u00e9 que vous ne pourrez\nplus b\u00e9n\u00e9ficier d&rsquo;un certain nombre de fonctionnalit\u00e9s n\u00e9cessaires pour\nnaviguer dans certains espaces de notre Site. <\/p>\n\n\n\n<p>La navigation sur\nle Site peut ainsi \u00eatre d\u00e9grad\u00e9e et vous ne pourrez pas b\u00e9n\u00e9ficier de toute\nl\u2019exp\u00e9rience d\u2019utilisation offerte par celui-ci (personnalisation,\nsuggestions\u2026). Nous vous recommandons donc de choisir les cookies en tenant\ncompte de leur finalit\u00e9.<\/p>\n\n\n\n<p><strong>Dur\u00e9e de conservation<\/strong><\/p>\n\n\n\n<p>La dur\u00e9e de conservation des\ncookies peut varier selon le type de cookie mais ne saurait exc\u00e9der <strong>13 mois <\/strong>\u00e0 compter de leur dernier\nd\u00e9p\u00f4t. <\/p>\n\n\n\n<p><strong>Comment\naccepter ou refuser le d\u00e9p\u00f4t de cookies sur votre ordinateur ?<\/strong><\/p>\n\n\n\n<p>L\u2019enregistrement d\u2019un cookie dans votre Terminal\nest subordonn\u00e9 \u00e0 votre consentement.<\/p>\n\n\n\n<p><strong>1- L\u2019acceptation des cookies<\/strong><\/p>\n\n\n\n<p>Si votre logiciel de navigation\nest param\u00e9tr\u00e9 de mani\u00e8re \u00e0 accepter l\u2019enregistrement de cookies dans votre\nTerminal, les cookies que vous avez accept\u00e9s en cochant les cases ci-dessous\nseront enregistr\u00e9s sur votre terminal.<\/p>\n\n\n\n<p><strong>2- Le refus des cookies<\/strong><\/p>\n\n\n\n<p>Vous pouvez refuser le d\u00e9p\u00f4t de\ncookies en ne cochant pas les cases indiqu\u00e9es ci-dessous.<\/p>\n\n\n\n<p>Si vous choisissez de refuser\nl\u2019enregistrement des cookies sur votre Terminal ou si vous supprimez ceux qui y\nsont enregistr\u00e9s, nous d\u00e9clinons toute responsabilit\u00e9 pour les cons\u00e9quences\nli\u00e9es au mauvais fonctionnement de nos services.<\/p>\n\n\n\n<p><strong>Qui utilise les informations collect\u00e9es par les\ncookies ?<\/strong><\/p>\n\n\n\n<p>Les informations collect\u00e9es par\nnos cookies sont exclusivement utilis\u00e9es par notre soci\u00e9t\u00e9, \u00e0 l\u2019exception de\ncelles contenues dans les cookies tiers, qui sont utilis\u00e9es et g\u00e9r\u00e9es par des\nentit\u00e9s externes dans les conditions pr\u00e9cis\u00e9es ci-dessous.<\/p>\n\n\n\n<p><strong>Contact <\/strong><\/p>\n\n\n\n<p>Pour toutes interrogations\nou demandes relatives \u00e0 la fa\u00e7on dont nous proc\u00e9dons \u00e0 la collecte et au\ntraitement des cookies et plus g\u00e9n\u00e9ralement \u00e0 notre politique de protection des\ndonn\u00e9es \u00e0 caract\u00e8re personnel, vous pouvez contacter: <\/p>\n\n\n\n<p><strong>FLUIDES SERVICE DISTRIBUTION<\/strong><\/p>\n\n\n\n<p>D\u00e9l\u00e9gu\u00e9 \u00e0 la\nProtection des Donn\u00e9es <\/p>\n\n\n\n<p>18 Avenue\nArs\u00e8ne d\u2019Arsonval<\/p>\n\n\n\n<p>01000\nBourg-en-Bresse<\/p>\n\n\n\n<p><em>E-mail&nbsp;:<\/em> <a href=\"mailto:dpo@]mb-expansion.fr\">dpo[@]mb-expansion.fr<\/a> <strong><em><br>\n<\/em><\/strong><\/p>\n","protected":false},"excerpt":{"rendered":"<p>Politique de gestion des cookies Les cookies sont de petits fichiers texte d\u00e9pos\u00e9s sur votre ordinateur, tablette, smartphone ou autre (ci-apr\u00e8s le Terminal) et utilis\u00e9s pour la consultation et la navigation sur notre site. Lors de votre navigation sur le site Internet https:\/\/www.distribution.fluides-service.com\/ (ci-apr\u00e8s le \u00ab\u00a0Site\u00a0\u00bb), des cookies peuvent \u00eatre d\u00e9pos\u00e9s sur votre Terminal sous [&hellip;]<\/p>\n","protected":false},"author":3,"featured_media":0,"parent":0,"menu_order":0,"comment_status":"closed","ping_status":"closed","template":"","meta":{"footnotes":""},"_links":{"self":[{"href":"https:\/\/www.distribution.fluides-service.com\/fr\/wp-json\/wp\/v2\/pages\/6426"}],"collection":[{"href":"https:\/\/www.distribution.fluides-service.com\/fr\/wp-json\/wp\/v2\/pages"}],"about":[{"href":"https:\/\/www.distribution.fluides-service.com\/fr\/wp-json\/wp\/v2\/types\/page"}],"author":[{"embeddable":true,"href":"https:\/\/www.distribution.fluides-service.com\/fr\/wp-json\/wp\/v2\/users\/3"}],"replies":[{"embeddable":true,"href":"https:\/\/www.distribution.fluides-service.com\/fr\/wp-json\/wp\/v2\/comments?post=6426"}],"version-history":[{"count":3,"href":"https:\/\/www.distribution.fluides-service.com\/fr\/wp-json\/wp\/v2\/pages\/6426\/revisions"}],"predecessor-version":[{"id":6430,"href":"https:\/\/www.distribution.fluides-service.com\/fr\/wp-json\/wp\/v2\/pages\/6426\/revisions\/6430"}],"wp:attachment":[{"href":"https:\/\/www.distribution.fluides-service.com\/fr\/wp-json\/wp\/v2\/media?parent=6426"}],"curies":[{"name":"wp","href":"https:\/\/api.w.org\/{rel}","templated":true}]}}