{"id":6100,"date":"2017-10-07T15:27:52","date_gmt":"2017-10-07T13:27:52","guid":{"rendered":"http:\/\/www.distribution.fluides-service.com\/?page_id=6100"},"modified":"2019-09-24T09:03:53","modified_gmt":"2019-09-24T07:03:53","slug":"mentions-legales","status":"publish","type":"page","link":"https:\/\/www.distribution.fluides-service.com\/fr\/mentions-legales\/","title":{"rendered":"Mentions l\u00e9gales"},"content":{"rendered":"<h1>Mentions l\u00e9gales<\/h1>\n<p>Ce site Internet est \u00e9dit\u00e9 par la soci\u00e9t\u00e9 FLUIDES SERVICE DISTRIBUTION, soci\u00e9t\u00e9 par actions simplifi\u00e9e au capital social de 1\u00a0200\u00a0000 euros, immatricul\u00e9e au Registre du Commerce et des Soci\u00e9t\u00e9s de Toulouse sous le num\u00e9ro 318\u00a0475\u00a0365 et dont le si\u00e8ge social est situ\u00e9 8 Avenue Gutenberg, 31120 PORTET SUR GARONNE.<\/p>\n<p style=\"color: #b51a00;\"><span style=\"color: #000000;\"><b>Editeur du Site : <\/b><\/span><\/p>\n<p>Fluides services Distribution<br \/>\nSASU au capital de 1 200 000 \u20ac<br \/>\nNum\u00e9ro de SIRET : \u200e31847536500058<br \/>\nN\u00b0TVA intracommunautaire : FR66318475365<br \/>\nDirecteur de la publication\u00a0 : Monsieur Patrick MARTIN<br \/>\nEmail : export@fluides-service.com<br \/>\nSite Web : <a href=\"https:\/\/www.distribution.fluides-service.com\/\">https:\/\/www.distribution.fluides-service.com\/<\/a><\/p>\n<p style=\"color: #b51a00;\"><b><span style=\"color: #000000;\">H\u00e9bergement :<\/span> <\/b><\/p>\n<p>H\u00e9bergeur : OVH<\/p>\n<p>SAS au capital de 10 069 020 \u20ac <\/br><br \/>\nimmatricul\u00e9e au Registre du Commerce et des Soci\u00e9t\u00e9s de Lille M\u00e9tropole sous le num\u00e9ro 424 761 419<br \/>\n2 rue Kellermann &#8211; 59100 Roubaix &#8211; France<br \/>\nSite Web : <a href=\"https:\/\/www.ovh.com\">https:\/\/www.ovh.com<\/a><\/p>\n<p style=\"color: #b51a00;\"><span style=\"color: #000000;\"><b>D\u00e9veloppement<\/b><b> : <\/b><\/span><\/p>\n<p>Studios H2G<br \/>\nAdresse : 51 Rue Isaac Newton, 81000 Albi<br \/>\nSite Web : <a href=\"https:\/\/www.studios-h2g.com\/\">https:\/\/www.studios-h2g.com\/<\/a><\/p>\n","protected":false},"excerpt":{"rendered":"<p>Mentions l\u00e9gales Ce site Internet est \u00e9dit\u00e9 par la soci\u00e9t\u00e9 FLUIDES SERVICE DISTRIBUTION, soci\u00e9t\u00e9 par actions simplifi\u00e9e au capital social de 1\u00a0200\u00a0000 euros, immatricul\u00e9e au Registre du Commerce et des Soci\u00e9t\u00e9s de Toulouse sous le num\u00e9ro 318\u00a0475\u00a0365 et dont le si\u00e8ge social est situ\u00e9 8 Avenue Gutenberg, 31120 PORTET SUR GARONNE. Editeur du Site : [&hellip;]<\/p>\n","protected":false},"author":1,"featured_media":0,"parent":0,"menu_order":0,"comment_status":"closed","ping_status":"closed","template":"","meta":{"footnotes":""},"_links":{"self":[{"href":"https:\/\/www.distribution.fluides-service.com\/fr\/wp-json\/wp\/v2\/pages\/6100"}],"collection":[{"href":"https:\/\/www.distribution.fluides-service.com\/fr\/wp-json\/wp\/v2\/pages"}],"about":[{"href":"https:\/\/www.distribution.fluides-service.com\/fr\/wp-json\/wp\/v2\/types\/page"}],"author":[{"embeddable":true,"href":"https:\/\/www.distribution.fluides-service.com\/fr\/wp-json\/wp\/v2\/users\/1"}],"replies":[{"embeddable":true,"href":"https:\/\/www.distribution.fluides-service.com\/fr\/wp-json\/wp\/v2\/comments?post=6100"}],"version-history":[{"count":5,"href":"https:\/\/www.distribution.fluides-service.com\/fr\/wp-json\/wp\/v2\/pages\/6100\/revisions"}],"predecessor-version":[{"id":6425,"href":"https:\/\/www.distribution.fluides-service.com\/fr\/wp-json\/wp\/v2\/pages\/6100\/revisions\/6425"}],"wp:attachment":[{"href":"https:\/\/www.distribution.fluides-service.com\/fr\/wp-json\/wp\/v2\/media?parent=6100"}],"curies":[{"name":"wp","href":"https:\/\/api.w.org\/{rel}","templated":true}]}}