{"id":5,"date":"2017-06-12T15:51:28","date_gmt":"2017-06-12T13:51:28","guid":{"rendered":"http:\/\/www.distribution.fluides-service.com\/?page_id=5"},"modified":"2020-01-06T14:39:35","modified_gmt":"2020-01-06T13:39:35","slug":"qui-sommes-nous","status":"publish","type":"page","link":"https:\/\/www.distribution.fluides-service.com\/fr\/qui-sommes-nous\/","title":{"rendered":"Qui sommes-nous?"},"content":{"rendered":"[mk_page_section bg_image=\u00a0\u00bbhttps:\/\/www.distribution.fluides-service.com\/wp-content\/uploads\/2017\/10\/qui-sommes-nous-image.jpg\u00a0\u00bb bg_position=\u00a0\u00bbcenter center\u00a0\u00bb bg_repeat=\u00a0\u00bbno-repeat\u00a0\u00bb bg_stretch=\u00a0\u00bbtrue\u00a0\u00bb video_loop=\u00a0\u00bbfalse\u00a0\u00bb full_height=\u00a0\u00bbtrue\u00a0\u00bb padding_top=\u00a0\u00bb\u00a0\u00bb padding_bottom=\u00a0\u00bb\u00a0\u00bb margin_bottom=\u00a0\u00bb\u00a0\u00bb skip_arrow=\u00a0\u00bbtrue\u00a0\u00bb sidebar=\u00a0\u00bbsidebar-1&Prime;][vc_column width=\u00a0\u00bb1\/2&Prime; css=\u00a0\u00bb.vc_custom_1499268919934{padding-top: 30% !important;}\u00a0\u00bb][vc_column_text css=\u00a0\u00bb.vc_custom_1562076866395{margin-bottom: 0px !important;}\u00a0\u00bb]\n<h2><span style=\"background-color: rgba(255,255,255,0.6); padding-bottom: 5px;\">Qui sommes-nous?<\/span><\/h2>\n<p>&nbsp;<\/p>\n<h3><span style=\"background-color: rgba(255,255,255,0.6);\">Depuis 1972, Fluides Service Distribution accompagne ses clients autour du monde en leur fournissant les \u00e9quipements et fournitures industrielles dont ils ont besoin.\u00a0<\/span><\/h3>\n[\/vc_column_text][\/vc_column][vc_column width=\u00a0\u00bb1\/2&Prime;][\/vc_column][\/mk_page_section][vc_row][vc_column css=\u00a0\u00bb.vc_custom_1499781555549{padding-top: 6% !important;}\u00a0\u00bb][vc_column_text disable_pattern=\u00a0\u00bbfalse\u00a0\u00bb css=\u00a0\u00bb.vc_custom_1562076878086{margin-bottom: 0px !important;}\u00a0\u00bb]Reconnu pour son sens du service, son expertise technique et la fiabilit\u00e9 de sa Supply Chain, Fluides Service Distribution facilite l\u2019approvisionnement multi-sources et la recherche des produits r\u00e9put\u00e9s \u00ab\u00a0introuvables\u00a0\u00bb.<\/p>\n<p>Certifi\u00e9 ISO 9001 et adoss\u00e9 au groupe fran\u00e7ais MARTIN BELAYSOUD EXPANSION, leader de la fourniture industrielle et disposant d\u2019un large stock, Fluides Service Distribution assure la d\u00e9l\u00e9gation des achats de ses clients.[\/vc_column_text][\/vc_column][\/vc_row][vc_row fullwidth=\u00a0\u00bbtrue\u00a0\u00bb id=\u00a0\u00bbhistorique\u00a0\u00bb][vc_column css=\u00a0\u00bb.vc_custom_1499781629346{padding-top: 3% !important;}\u00a0\u00bb][vc_column_text el_class=\u00a0\u00bbtitres-qui\u00a0\u00bb]\n<h2>Historique :<\/h2>\n[\/vc_column_text][vc_separator color=\u00a0\u00bbcustom\u00a0\u00bb align=\u00a0\u00bbalign_left\u00a0\u00bb border_width=\u00a0\u00bb5&Prime; accent_color=\u00a0\u00bb#d0382a\u00a0\u00bb el_class=\u00a0\u00bbhistorique\u00a0\u00bb][\/vc_column][\/vc_row][vc_row fullwidth=\u00a0\u00bbtrue\u00a0\u00bb][vc_column width=\u00a0\u00bb2\/3&Prime;][vc_single_image image=\u00a0\u00bb6222&Prime; img_size=\u00a0\u00bbfull\u00a0\u00bb alignment=\u00a0\u00bbcenter\u00a0\u00bb css_animation=\u00a0\u00bbnone\u00a0\u00bb][\/vc_column][vc_column visibility=\u00a0\u00bbvisible-dt\u00a0\u00bb width=\u00a0\u00bb1\/3&Prime; css=\u00a0\u00bb.vc_custom_1562076926257{padding-top: 19% !important;padding-bottom: 18% !important;background-image: url(https:\/\/www.distribution.fluides-service.com\/wp-content\/uploads\/2017\/06\/5-photo.jpg?id=219) !important;background-position: center !important;background-repeat: no-repeat !important;background-size: cover !important;}\u00a0\u00bb][\/vc_column][\/vc_row][vc_row fullwidth=\u00a0\u00bbtrue\u00a0\u00bb id=\u00a0\u00bbsourcing\u00a0\u00bb][vc_column css=\u00a0\u00bb.vc_custom_1497605178032{padding-top: 8% !important;}\u00a0\u00bb][vc_column_text disable_pattern=\u00a0\u00bbfalse\u00a0\u00bb el_class=\u00a0\u00bbtitres-qui\u00a0\u00bb css=\u00a0\u00bb.vc_custom_1562077297890{margin-bottom: 0px !important;}\u00a0\u00bb]\n<h2>Un sourcing unique :<\/h2>\n[\/vc_column_text][vc_separator color=\u00a0\u00bbcustom\u00a0\u00bb align=\u00a0\u00bbalign_left\u00a0\u00bb border_width=\u00a0\u00bb5&Prime; accent_color=\u00a0\u00bb#d0382a\u00a0\u00bb el_class=\u00a0\u00bbsourcing\u00a0\u00bb][\/vc_column][\/vc_row][vc_row][vc_column][vc_column_text css=\u00a0\u00bb.vc_custom_1562077338978{margin-bottom: 0px !important;}\u00a0\u00bb]D\u00e9couvrez l\u00e0 o\u00f9 nous vous accompagnons en vous d\u00e9pla\u00e7ant sur l&rsquo;image :[\/vc_column_text][\/vc_column][\/vc_row][mk_page_section bg_stretch=\u00a0\u00bbtrue\u00a0\u00bb video_loop=\u00a0\u00bbfalse\u00a0\u00bb sidebar=\u00a0\u00bbsidebar-1&Prime;][vc_column][vc_wp_text][imagelinks slug=\u00a0\u00bbun-sourcing-unique\u00a0\u00bb][\/vc_wp_text][\/vc_column][\/mk_page_section][vc_row fullwidth=\u00a0\u00bbtrue\u00a0\u00bb id=\u00a0\u00bbatout\u00a0\u00bb][vc_column css=\u00a0\u00bb.vc_custom_1497605178032{padding-top: 8% !important;}\u00a0\u00bb][vc_column_text disable_pattern=\u00a0\u00bbfalse\u00a0\u00bb el_class=\u00a0\u00bbtitres-qui\u00a0\u00bb css=\u00a0\u00bb.vc_custom_1562076963984{margin-bottom: 0px !important;}\u00a0\u00bb]\n<h2>Des atouts \u00e0 votre service :<\/h2>\n[\/vc_column_text][vc_separator color=\u00a0\u00bbcustom\u00a0\u00bb align=\u00a0\u00bbalign_left\u00a0\u00bb border_width=\u00a0\u00bb5&Prime; accent_color=\u00a0\u00bb#d0382a\u00a0\u00bb el_class=\u00a0\u00bbatout\u00a0\u00bb][\/vc_column][\/vc_row][vc_row fullwidth=\u00a0\u00bbtrue\u00a0\u00bb visibility=\u00a0\u00bbvisible-dt-v2&Prime;][vc_column width=\u00a0\u00bb1\/3&Prime;][mk_animated_columns column_number=\u00a0\u00bb1&Prime; txt_color=\u00a0\u00bb#171717&Prime; txt_hover_color=\u00a0\u00bb#171717&Prime; columns=\u00a0\u00bb293&Prime;][\/vc_column][vc_column width=\u00a0\u00bb1\/3&Prime;][mk_animated_columns column_number=\u00a0\u00bb1&Prime; txt_color=\u00a0\u00bb#171717&Prime; txt_hover_color=\u00a0\u00bb#171717&Prime; columns=\u00a0\u00bb288&Prime;][\/vc_column][vc_column width=\u00a0\u00bb1\/3&Prime;][mk_animated_columns column_number=\u00a0\u00bb1&Prime; txt_color=\u00a0\u00bb#171717&Prime; txt_hover_color=\u00a0\u00bb#171717&Prime; columns=\u00a0\u00bb295&Prime;][\/vc_column][\/vc_row][vc_row fullwidth=\u00a0\u00bbtrue\u00a0\u00bb visibility=\u00a0\u00bbhidden-dt-v2&Prime;][vc_column][vc_column_text align=\u00a0\u00bbcenter\u00a0\u00bb css=\u00a0\u00bb.vc_custom_1562077210096{margin-bottom: 0px !important;}\u00a0\u00bb]\n<h3><strong>Un service orient\u00e9 client<\/strong><\/h3>\n<p>&#8211; La prise en compte des besoins et sp\u00e9cificit\u00e9s client<br \/>\n&#8211; Un interlocuteur d\u00e9di\u00e9<br \/>\n&#8211; La r\u00e9activit\u00e9 et la souplesse d\u2019une structure agile<br \/>\n&#8211; La gestion documentaire des dossiers sur demande<br \/>\n&#8211; Le suivi des respects des d\u00e9lais de livraison<br \/>\n&#8211; Certifi\u00e9 ISO 9001<\/p>\n<h3><strong>Une expertise technique forte<\/strong><\/h3>\n<p>&#8211; D\u00e9partement technique avec Bureau d\u2019\u00e9tudes<br \/>\n&#8211; Pr\u00e9conisations techniques pour la d\u00e9finition des produits<br \/>\n&#8211; Gestion des normes et des sp\u00e9cifications client<br \/>\n&#8211; L\u2019appui d\u2019un groupe avec des sp\u00e9cialistes produits<br \/>\n&#8211; Un atelier pour la r\u00e9alisation des pi\u00e8ces sp\u00e9cifiques<br \/>\n&#8211; La recherche des produits obsol\u00e8tes ou \u00ab\u00a0impossibles\u00a0\u00bb \u00e0 trouver<\/p>\n<h3><strong>Une supply chain optimis\u00e9e pour l&rsquo;export<\/strong><\/h3>\n<p>&#8211; Magasin sp\u00e9cialement destin\u00e9 \u00e0 la gestion des stocks<br \/>\n&#8211; Contr\u00f4le et inspection avant d\u00e9part des marchandises<br \/>\n&#8211; Conditionnement export et marquages (SEI, NIMP15, containers\u2026)<br \/>\n&#8211; Gestion des produits r\u00e9glement\u00e9s<br \/>\n&#8211; Solutions de transport Express<br \/>\n&#8211; Formalit\u00e9s \u00e0 l\u2019exportation et \u00e0 l\u2019importation<br \/>\n&#8211; R\u00e9seau de partenaires et transitaires acc\u00e9l\u00e9rant les livraisons[\/vc_column_text][\/vc_column][\/vc_row][vc_row fullwidth=\u00a0\u00bbtrue\u00a0\u00bb id=\u00a0\u00bbcontrainte\u00a0\u00bb][vc_column css=\u00a0\u00bb.vc_custom_1497605178032{padding-top: 8% !important;}\u00a0\u00bb][vc_column_text disable_pattern=\u00a0\u00bbfalse\u00a0\u00bb el_class=\u00a0\u00bbtitres-qui\u00a0\u00bb]\n<h2>Des solutions \u00e0 vos contraintes :<\/h2>\n[\/vc_column_text][vc_separator color=\u00a0\u00bbcustom\u00a0\u00bb align=\u00a0\u00bbalign_left\u00a0\u00bb border_width=\u00a0\u00bb5&Prime; accent_color=\u00a0\u00bb#d0382a\u00a0\u00bb el_class=\u00a0\u00bbcontrainte\u00a0\u00bb][\/vc_column][\/vc_row][vc_row fullwidth=\u00a0\u00bbtrue\u00a0\u00bb visibility=\u00a0\u00bbvisible-dt-v2&Prime;][vc_column css=\u00a0\u00bb.vc_custom_1497605178032{padding-top: 8% !important;}\u00a0\u00bb][vc_column_text align=\u00a0\u00bbcenter\u00a0\u00bb css=\u00a0\u00bb.vc_custom_1562077234970{margin-bottom: 0px !important;}\u00a0\u00bb]<img decoding=\"async\" loading=\"lazy\" class=\"rizoomanim alignnone wp-image-6215 size-full\" src=\"https:\/\/www.distribution.fluides-service.com\/wp-content\/uploads\/2017\/06\/supplychain-franais.jpg\" alt=\"\" width=\"1300\" height=\"874\" srcset=\"https:\/\/www.distribution.fluides-service.com\/wp-content\/uploads\/2017\/06\/supplychain-franais.jpg 1300w, https:\/\/www.distribution.fluides-service.com\/wp-content\/uploads\/2017\/06\/supplychain-franais-300x202.jpg 300w, https:\/\/www.distribution.fluides-service.com\/wp-content\/uploads\/2017\/06\/supplychain-franais-768x516.jpg 768w\" sizes=\"(max-width: 1300px) 100vw, 1300px\" \/>[\/vc_column_text][\/vc_column][\/vc_row][vc_row fullwidth=\u00a0\u00bbtrue\u00a0\u00bb visibility=\u00a0\u00bbhidden-dt-v2&Prime;][vc_column css=\u00a0\u00bb.vc_custom_1497605178032{padding-top: 8% !important;}\u00a0\u00bb][vc_single_image image=\u00a0\u00bb6215&Prime; img_size=\u00a0\u00bbfull\u00a0\u00bb alignment=\u00a0\u00bbcenter\u00a0\u00bb onclick=\u00a0\u00bbzoom\u00a0\u00bb][\/vc_column][\/vc_row][vc_row fullwidth=\u00a0\u00bbtrue\u00a0\u00bb id=\u00a0\u00bbaction\u00a0\u00bb][vc_column css=\u00a0\u00bb.vc_custom_1497605178032{padding-top: 8% !important;}\u00a0\u00bb][vc_column_text disable_pattern=\u00a0\u00bbfalse\u00a0\u00bb el_class=\u00a0\u00bbtitres-qui\u00a0\u00bb css=\u00a0\u00bb.vc_custom_1562081809271{margin-bottom: 0px !important;}\u00a0\u00bb]\n<h2>Zones d&rsquo;actions :<\/h2>\n[\/vc_column_text][vc_separator color=\u00a0\u00bbcustom\u00a0\u00bb align=\u00a0\u00bbalign_left\u00a0\u00bb border_width=\u00a0\u00bb5&Prime; accent_color=\u00a0\u00bb#d0382a\u00a0\u00bb el_class=\u00a0\u00bbaction\u00a0\u00bb][\/vc_column][\/vc_row][mk_page_section bg_stretch=\u00a0\u00bbtrue\u00a0\u00bb video_loop=\u00a0\u00bbfalse\u00a0\u00bb sidebar=\u00a0\u00bbsidebar-1&Prime;][vc_column][vc_single_image image=\u00a0\u00bb228&Prime; img_size=\u00a0\u00bbfull\u00a0\u00bb alignment=\u00a0\u00bbcenter\u00a0\u00bb][\/vc_column][\/mk_page_section]\n","protected":false},"excerpt":{"rendered":"<p>[mk_page_section bg_image=\u00a0\u00bbhttps:\/\/www.distribution.fluides-service.com\/wp-content\/uploads\/2017\/10\/qui-sommes-nous-image.jpg\u00a0\u00bb bg_position=\u00a0\u00bbcenter center\u00a0\u00bb bg_repeat=\u00a0\u00bbno-repeat\u00a0\u00bb bg_stretch=\u00a0\u00bbtrue\u00a0\u00bb video_loop=\u00a0\u00bbfalse\u00a0\u00bb full_height=\u00a0\u00bbtrue\u00a0\u00bb padding_top=\u00a0\u00bb\u00a0\u00bb padding_bottom=\u00a0\u00bb\u00a0\u00bb margin_bottom=\u00a0\u00bb\u00a0\u00bb skip_arrow=\u00a0\u00bbtrue\u00a0\u00bb sidebar=\u00a0\u00bbsidebar-1&Prime;][vc_column width=\u00a0\u00bb1\/2&Prime; css=\u00a0\u00bb.vc_custom_1499268919934{padding-top: 30% !important;}\u00a0\u00bb][vc_column_text css=\u00a0\u00bb.vc_custom_1562076866395{margin-bottom: 0px !important;}\u00a0\u00bb] Qui sommes-nous? &nbsp; Depuis 1972, Fluides Service Distribution accompagne ses clients autour du monde en leur fournissant les \u00e9quipements et fournitures industrielles dont ils ont besoin.\u00a0 [\/vc_column_text][\/vc_column][vc_column width=\u00a0\u00bb1\/2&Prime;][\/vc_column][\/mk_page_section][vc_row][vc_column css=\u00a0\u00bb.vc_custom_1499781555549{padding-top: 6% !important;}\u00a0\u00bb][vc_column_text disable_pattern=\u00a0\u00bbfalse\u00a0\u00bb css=\u00a0\u00bb.vc_custom_1562076878086{margin-bottom: 0px !important;}\u00a0\u00bb]Reconnu [&hellip;]<\/p>\n","protected":false},"author":1,"featured_media":0,"parent":0,"menu_order":0,"comment_status":"closed","ping_status":"closed","template":"","meta":{"footnotes":""},"_links":{"self":[{"href":"https:\/\/www.distribution.fluides-service.com\/fr\/wp-json\/wp\/v2\/pages\/5"}],"collection":[{"href":"https:\/\/www.distribution.fluides-service.com\/fr\/wp-json\/wp\/v2\/pages"}],"about":[{"href":"https:\/\/www.distribution.fluides-service.com\/fr\/wp-json\/wp\/v2\/types\/page"}],"author":[{"embeddable":true,"href":"https:\/\/www.distribution.fluides-service.com\/fr\/wp-json\/wp\/v2\/users\/1"}],"replies":[{"embeddable":true,"href":"https:\/\/www.distribution.fluides-service.com\/fr\/wp-json\/wp\/v2\/comments?post=5"}],"version-history":[{"count":11,"href":"https:\/\/www.distribution.fluides-service.com\/fr\/wp-json\/wp\/v2\/pages\/5\/revisions"}],"predecessor-version":[{"id":6437,"href":"https:\/\/www.distribution.fluides-service.com\/fr\/wp-json\/wp\/v2\/pages\/5\/revisions\/6437"}],"wp:attachment":[{"href":"https:\/\/www.distribution.fluides-service.com\/fr\/wp-json\/wp\/v2\/media?parent=5"}],"curies":[{"name":"wp","href":"https:\/\/api.w.org\/{rel}","templated":true}]}}