{"id":28,"date":"2017-06-12T16:03:40","date_gmt":"2017-06-12T14:03:40","guid":{"rendered":"http:\/\/www.distribution.fluides-service.com\/?page_id=28"},"modified":"2019-07-02T15:24:15","modified_gmt":"2019-07-02T13:24:15","slug":"bois","status":"publish","type":"page","link":"https:\/\/www.distribution.fluides-service.com\/fr\/nos-secteurs-dactivite\/bois\/","title":{"rendered":"Bois"},"content":{"rendered":"[mk_page_section bg_image=\u00a0\u00bbhttps:\/\/www.distribution.fluides-service.com\/wp-content\/uploads\/2017\/06\/slide-bois.jpg\u00a0\u00bb bg_position=\u00a0\u00bbcenter center\u00a0\u00bb bg_repeat=\u00a0\u00bbno-repeat\u00a0\u00bb bg_stretch=\u00a0\u00bbtrue\u00a0\u00bb video_loop=\u00a0\u00bbfalse\u00a0\u00bb full_height=\u00a0\u00bbtrue\u00a0\u00bb padding_top=\u00a0\u00bb\u00a0\u00bb padding_bottom=\u00a0\u00bb\u00a0\u00bb skip_arrow=\u00a0\u00bbtrue\u00a0\u00bb sidebar=\u00a0\u00bbsidebar-1&Prime;][vc_column css=\u00a0\u00bb.vc_custom_1499273361776{padding-top: 20% !important;}\u00a0\u00bb][vc_column_text disable_pattern=\u00a0\u00bbfalse\u00a0\u00bb css=\u00a0\u00bb.vc_custom_1562073537734{margin-bottom: 0px !important;}\u00a0\u00bb]<img decoding=\"async\" loading=\"lazy\" class=\"opaque alignnone wp-image-171 size-full\" src=\"https:\/\/www.distribution.fluides-service.com\/wp-content\/uploads\/2017\/06\/bois-fluides-services-distribution.png\" alt=\"\" width=\"110\" height=\"110\" srcset=\"https:\/\/www.distribution.fluides-service.com\/wp-content\/uploads\/2017\/06\/bois-fluides-services-distribution.png 110w, https:\/\/www.distribution.fluides-service.com\/wp-content\/uploads\/2017\/06\/bois-fluides-services-distribution-300x300.png 300w\" sizes=\"(max-width: 110px) 100vw, 110px\" \/><\/p>\n<h2><span style=\"background-color: rgba(255, 255, 255, 0.6);\">Bois<\/span><\/h2>\n<p>&nbsp;<\/p>\n<h3><span style=\"background-color: rgba(255, 255, 255, 0.6);\">Notre large panel de fournisseurs nous permet d\u2019optimiser vos approvisionnements, tout en simplifiant vos efforts logistiques. Et vous b\u00e9n\u00e9ficiez aussi de notre stock important.\u00a0D\u00e9l\u00e9guez nous vos achats, nous nous occupons de tout, et vous restez concentr\u00e9s sur votre m\u00e9tier.<\/span><\/h3>\n[\/vc_column_text][\/vc_column][\/mk_page_section][vc_row][vc_column width=\u00a0\u00bb1\/4&Prime; css=\u00a0\u00bb.vc_custom_1506443035604{padding-top: 5% !important;padding-bottom: 5% !important;}\u00a0\u00bb][vc_single_image image=\u00a0\u00bb349&Prime; img_size=\u00a0\u00bb80&#215;80&Prime; alignment=\u00a0\u00bbcenter\u00a0\u00bb][vc_column_text align=\u00a0\u00bbcenter\u00a0\u00bb]\n<h6>Levage<\/h6>\n[\/vc_column_text][vc_separator color=\u00a0\u00bbjuicy_pink\u00a0\u00bb el_width=\u00a0\u00bb30&Prime;][vc_column_text align=\u00a0\u00bbcenter\u00a0\u00bb]Composants \u00e0 l\u2019unit\u00e9 ou ensembles mont\u00e9s et certifi\u00e9s\u2026[\/vc_column_text][\/vc_column][vc_column width=\u00a0\u00bb1\/4&Prime; css=\u00a0\u00bb.vc_custom_1506443028810{padding-top: 5% !important;padding-bottom: 5% !important;}\u00a0\u00bb][vc_single_image image=\u00a0\u00bb324&Prime; img_size=\u00a0\u00bb80&#215;80&Prime; alignment=\u00a0\u00bbcenter\u00a0\u00bb][vc_column_text disable_pattern=\u00a0\u00bbfalse\u00a0\u00bb align=\u00a0\u00bbcenter\u00a0\u00bb]\n<h6>Composants<br \/>\nhydrauliques<br \/>\n&amp; pneumatiques<\/h6>\n[\/vc_column_text][vc_separator color=\u00a0\u00bbjuicy_pink\u00a0\u00bb el_width=\u00a0\u00bb30&Prime;][vc_column_text disable_pattern=\u00a0\u00bbfalse\u00a0\u00bb align=\u00a0\u00bbcenter\u00a0\u00bb]Compresseurs d&rsquo;air, actionneurs hydrauliques, v\u00e9rins, moteurs et accessoires, filtres \u00e0 air ou hydrauliques, purgeurs, s\u00e9parateurs, s\u00e9cheurs d\u2019air et dessicants\u2026[\/vc_column_text][\/vc_column][vc_column width=\u00a0\u00bb1\/4&Prime; css=\u00a0\u00bb.vc_custom_1506443022885{padding-top: 5% !important;padding-bottom: 5% !important;}\u00a0\u00bb][vc_single_image image=\u00a0\u00bb334&Prime; img_size=\u00a0\u00bb80&#215;80&Prime; alignment=\u00a0\u00bbcenter\u00a0\u00bb][vc_column_text align=\u00a0\u00bbcenter\u00a0\u00bb]\n<h6>Transmission<br \/>\nm\u00e9canique<\/h6>\n[\/vc_column_text][vc_separator color=\u00a0\u00bbjuicy_pink\u00a0\u00bb el_width=\u00a0\u00bb30&Prime;][vc_column_text align=\u00a0\u00bbcenter\u00a0\u00bb]Roulements, courroies, poulies, accouplements, chaines, cardans, r\u00e9ducteurs\u2026[\/vc_column_text][\/vc_column][vc_column width=\u00a0\u00bb1\/4&Prime; css=\u00a0\u00bb.vc_custom_1506443016341{padding-top: 5% !important;padding-bottom: 5% !important;}\u00a0\u00bb][vc_single_image image=\u00a0\u00bb350&Prime; img_size=\u00a0\u00bb80&#215;80&Prime; alignment=\u00a0\u00bbcenter\u00a0\u00bb][vc_column_text disable_pattern=\u00a0\u00bbfalse\u00a0\u00bb align=\u00a0\u00bbcenter\u00a0\u00bb]\n<h6>Machines tournantes<\/h6>\n[\/vc_column_text][vc_separator color=\u00a0\u00bbjuicy_pink\u00a0\u00bb el_width=\u00a0\u00bb30&Prime;][vc_column_text disable_pattern=\u00a0\u00bbfalse\u00a0\u00bb align=\u00a0\u00bbcenter\u00a0\u00bb]Moteurs simples ou accoupl\u00e9s, skid de pompage, groupes \u00e9lectrog\u00e8nes, moteurs marins et industriels, groupes hydrauliques\u2026[\/vc_column_text][\/vc_column][\/vc_row][vc_row][vc_column width=\u00a0\u00bb1\/4&Prime; css=\u00a0\u00bb.vc_custom_1506443035604{padding-top: 5% !important;padding-bottom: 5% !important;}\u00a0\u00bb][vc_single_image image=\u00a0\u00bb325&Prime; img_size=\u00a0\u00bb80&#215;80&Prime; alignment=\u00a0\u00bbcenter\u00a0\u00bb][vc_column_text disable_pattern=\u00a0\u00bbfalse\u00a0\u00bb align=\u00a0\u00bbcenter\u00a0\u00bb]\n<h6>EPI<\/h6>\n[\/vc_column_text][vc_separator color=\u00a0\u00bbjuicy_pink\u00a0\u00bb el_width=\u00a0\u00bb30&Prime;][vc_column_text disable_pattern=\u00a0\u00bbfalse\u00a0\u00bb align=\u00a0\u00bbcenter\u00a0\u00bb]Protection de la t\u00eate, des yeux, des mains, des pieds, protection antibruit, respiratoire, contre la noyade, v\u00eatements de travail.[\/vc_column_text][\/vc_column][vc_column width=\u00a0\u00bb1\/4&Prime; css=\u00a0\u00bb.vc_custom_1506443028810{padding-top: 5% !important;padding-bottom: 5% !important;}\u00a0\u00bb][vc_single_image image=\u00a0\u00bb330&Prime; img_size=\u00a0\u00bb80&#215;80&Prime; alignment=\u00a0\u00bbcenter\u00a0\u00bb][vc_column_text disable_pattern=\u00a0\u00bbfalse\u00a0\u00bb align=\u00a0\u00bbcenter\u00a0\u00bb]\n<h6>Outillage<\/h6>\n[\/vc_column_text][vc_separator color=\u00a0\u00bbjuicy_pink\u00a0\u00bb el_width=\u00a0\u00bb30&Prime;][vc_column_text disable_pattern=\u00a0\u00bbfalse\u00a0\u00bb align=\u00a0\u00bbcenter\u00a0\u00bb]Plusieurs gammes d&rsquo;outils \u00e0 main, \u00e9lectroportatif avec les plus grandes marques pour vos perceuses, meuleuses, visseuses et autres outils portatifs\u2026[\/vc_column_text][\/vc_column][vc_column width=\u00a0\u00bb1\/4&Prime; css=\u00a0\u00bb.vc_custom_1506443022885{padding-top: 5% !important;padding-bottom: 5% !important;}\u00a0\u00bb][vc_single_image image=\u00a0\u00bb332&Prime; img_size=\u00a0\u00bb80&#215;80&Prime; alignment=\u00a0\u00bbcenter\u00a0\u00bb][vc_column_text align=\u00a0\u00bbcenter\u00a0\u00bb]\n<h6>Tertiaire<\/h6>\n[\/vc_column_text][vc_separator color=\u00a0\u00bbjuicy_pink\u00a0\u00bb el_width=\u00a0\u00bb30&Prime;][vc_column_text align=\u00a0\u00bbcenter\u00a0\u00bb]Fournitures, produits alimentaires (capsules caf\u00e9, aliments avec respect de la cha\u00eene du froid\u2026), v\u00e9hicules (classiques ou modifi\u00e9s GNV) pour bases vie et sites[\/vc_column_text][\/vc_column][vc_column width=\u00a0\u00bb1\/4&Prime; css=\u00a0\u00bb.vc_custom_1506443016341{padding-top: 5% !important;padding-bottom: 5% !important;}\u00a0\u00bb][vc_single_image image=\u00a0\u00bb513&Prime; img_size=\u00a0\u00bb80&#215;80&Prime; alignment=\u00a0\u00bbcenter\u00a0\u00bb][vc_column_text align=\u00a0\u00bbcenter\u00a0\u00bb]\n<h6>Distribution mobile de carburant<\/h6>\n[\/vc_column_text][vc_separator color=\u00a0\u00bbjuicy_pink\u00a0\u00bb el_width=\u00a0\u00bb30&Prime;][vc_column_text align=\u00a0\u00bbcenter\u00a0\u00bb]Solutions configurables en respect des normes et r\u00e9glementations : en conteneur s\u00e9curis\u00e9 et prot\u00e9g\u00e9, int\u00e9grant stockage, distribution et gestion, avec un ou plusieurs compartiments.[\/vc_column_text][\/vc_column][\/vc_row][vc_row][vc_column width=\u00a0\u00bb1\/4&Prime; css=\u00a0\u00bb.vc_custom_1506443035604{padding-top: 5% !important;padding-bottom: 5% !important;}\u00a0\u00bb][vc_single_image image=\u00a0\u00bb333&Prime; img_size=\u00a0\u00bb80&#215;80&Prime; alignment=\u00a0\u00bbcenter\u00a0\u00bb][vc_column_text disable_pattern=\u00a0\u00bbfalse\u00a0\u00bb align=\u00a0\u00bbcenter\u00a0\u00bb]\n<h6>Transfert<br \/>\nde fluides<\/h6>\n[\/vc_column_text][vc_separator color=\u00a0\u00bbjuicy_pink\u00a0\u00bb el_width=\u00a0\u00bb30&Prime;][vc_column_text disable_pattern=\u00a0\u00bbfalse\u00a0\u00bb align=\u00a0\u00bbcenter\u00a0\u00bb]Raccords hydrauliques, raccords pompier, express, coupleurs, adaptateurs, distributeurs, commandes hydrauliques, flexibles basse et haute pression, gaines, connecteurs\u2026[\/vc_column_text][\/vc_column][vc_column width=\u00a0\u00bb1\/4&Prime; css=\u00a0\u00bb.vc_custom_1506443028810{padding-top: 5% !important;padding-bottom: 5% !important;}\u00a0\u00bb][vc_single_image image=\u00a0\u00bb326&Prime; img_size=\u00a0\u00bb80&#215;80&Prime; alignment=\u00a0\u00bbcenter\u00a0\u00bb][vc_column_text align=\u00a0\u00bbcenter\u00a0\u00bb]\n<h6>\u00c9quipements d&rsquo;atelier<\/h6>\n[\/vc_column_text][vc_separator color=\u00a0\u00bbjuicy_pink\u00a0\u00bb el_width=\u00a0\u00bb30&Prime;][vc_column_text align=\u00a0\u00bbcenter\u00a0\u00bb]Outils de coupe (fraises, forets, tarauds, al\u00e9soirs, plaquettes carbures\u2026), mat\u00e9riel de soudage (postes, torches, accessoires, consommables certifi\u00e9s et outillages d\u2019assemblage\u2026)[\/vc_column_text][\/vc_column][vc_column width=\u00a0\u00bb1\/4&Prime; css=\u00a0\u00bb.vc_custom_1506443022885{padding-top: 5% !important;padding-bottom: 5% !important;}\u00a0\u00bb][vc_single_image image=\u00a0\u00bb323&Prime; img_size=\u00a0\u00bb80&#215;80&Prime; alignment=\u00a0\u00bbcenter\u00a0\u00bb][vc_column_text align=\u00a0\u00bbcenter\u00a0\u00bb]\n<h6>Colles et lubrifiants<\/h6>\n[\/vc_column_text][vc_separator color=\u00a0\u00bbjuicy_pink\u00a0\u00bb el_width=\u00a0\u00bb30&Prime;][vc_column_text align=\u00a0\u00bbcenter\u00a0\u00bb]Colle en tube, en cartouche, produits d\u00e9graissants, nettoyants, produits d\u2019\u00e9tanch\u00e9it\u00e9\u2026[\/vc_column_text][\/vc_column][vc_column width=\u00a0\u00bb1\/4&Prime; css=\u00a0\u00bb.vc_custom_1506443016341{padding-top: 5% !important;padding-bottom: 5% !important;}\u00a0\u00bb][vc_single_image image=\u00a0\u00bb327&Prime; img_size=\u00a0\u00bb80&#215;80&Prime; alignment=\u00a0\u00bbcenter\u00a0\u00bb][vc_column_text align=\u00a0\u00bbcenter\u00a0\u00bb]\n<h6>\u00c9tanch\u00e9it\u00e9<\/h6>\n[\/vc_column_text][vc_separator color=\u00a0\u00bbjuicy_pink\u00a0\u00bb el_width=\u00a0\u00bb30&Prime;][vc_column_text align=\u00a0\u00bbcenter\u00a0\u00bb]Garnitures m\u00e9caniques des pompes, joints, toriques, spiral\u00e9s, plats, \u00e0 l\u00e8vre, sp\u00e9ciaux\u2026 A l\u2019unit\u00e9 ou en kit, d\u00e9coup\u00e9\u00a0 ou en plaque.[\/vc_column_text][\/vc_column][\/vc_row]\n","protected":false},"excerpt":{"rendered":"<p>[mk_page_section bg_image=\u00a0\u00bbhttps:\/\/www.distribution.fluides-service.com\/wp-content\/uploads\/2017\/06\/slide-bois.jpg\u00a0\u00bb bg_position=\u00a0\u00bbcenter center\u00a0\u00bb bg_repeat=\u00a0\u00bbno-repeat\u00a0\u00bb bg_stretch=\u00a0\u00bbtrue\u00a0\u00bb video_loop=\u00a0\u00bbfalse\u00a0\u00bb full_height=\u00a0\u00bbtrue\u00a0\u00bb padding_top=\u00a0\u00bb\u00a0\u00bb padding_bottom=\u00a0\u00bb\u00a0\u00bb skip_arrow=\u00a0\u00bbtrue\u00a0\u00bb sidebar=\u00a0\u00bbsidebar-1&Prime;][vc_column css=\u00a0\u00bb.vc_custom_1499273361776{padding-top: 20% !important;}\u00a0\u00bb][vc_column_text disable_pattern=\u00a0\u00bbfalse\u00a0\u00bb css=\u00a0\u00bb.vc_custom_1562073537734{margin-bottom: 0px !important;}\u00a0\u00bb] Bois &nbsp; Notre large panel de fournisseurs nous permet d\u2019optimiser vos approvisionnements, tout en simplifiant vos efforts logistiques. Et vous b\u00e9n\u00e9ficiez aussi de notre stock important.\u00a0D\u00e9l\u00e9guez nous vos achats, nous nous occupons de tout, et vous [&hellip;]<\/p>\n","protected":false},"author":1,"featured_media":6007,"parent":9,"menu_order":0,"comment_status":"closed","ping_status":"closed","template":"","meta":{"footnotes":""},"_links":{"self":[{"href":"https:\/\/www.distribution.fluides-service.com\/fr\/wp-json\/wp\/v2\/pages\/28"}],"collection":[{"href":"https:\/\/www.distribution.fluides-service.com\/fr\/wp-json\/wp\/v2\/pages"}],"about":[{"href":"https:\/\/www.distribution.fluides-service.com\/fr\/wp-json\/wp\/v2\/types\/page"}],"author":[{"embeddable":true,"href":"https:\/\/www.distribution.fluides-service.com\/fr\/wp-json\/wp\/v2\/users\/1"}],"replies":[{"embeddable":true,"href":"https:\/\/www.distribution.fluides-service.com\/fr\/wp-json\/wp\/v2\/comments?post=28"}],"version-history":[{"count":2,"href":"https:\/\/www.distribution.fluides-service.com\/fr\/wp-json\/wp\/v2\/pages\/28\/revisions"}],"predecessor-version":[{"id":6362,"href":"https:\/\/www.distribution.fluides-service.com\/fr\/wp-json\/wp\/v2\/pages\/28\/revisions\/6362"}],"up":[{"embeddable":true,"href":"https:\/\/www.distribution.fluides-service.com\/fr\/wp-json\/wp\/v2\/pages\/9"}],"wp:featuredmedia":[{"embeddable":true,"href":"https:\/\/www.distribution.fluides-service.com\/fr\/wp-json\/wp\/v2\/media\/6007"}],"wp:attachment":[{"href":"https:\/\/www.distribution.fluides-service.com\/fr\/wp-json\/wp\/v2\/media?parent=28"}],"curies":[{"name":"wp","href":"https:\/\/api.w.org\/{rel}","templated":true}]}}