{"id":18,"date":"2017-06-12T15:57:30","date_gmt":"2017-06-12T13:57:30","guid":{"rendered":"http:\/\/www.distribution.fluides-service.com\/?page_id=18"},"modified":"2019-07-02T14:07:32","modified_gmt":"2019-07-02T12:07:32","slug":"hydraulique-pneumatique","status":"publish","type":"page","link":"https:\/\/www.distribution.fluides-service.com\/fr\/nos-produits\/hydraulique-pneumatique\/","title":{"rendered":"Hydraulique \/ Pneumatique"},"content":{"rendered":"[mk_page_section bg_image=\u00a0\u00bbhttps:\/\/www.distribution.fluides-service.com\/wp-content\/uploads\/2017\/06\/image-produits-hydraulique-pneumatique-fluides-services.jpg\u00a0\u00bb bg_position=\u00a0\u00bbcenter center\u00a0\u00bb bg_repeat=\u00a0\u00bbno-repeat\u00a0\u00bb bg_stretch=\u00a0\u00bbtrue\u00a0\u00bb video_loop=\u00a0\u00bbfalse\u00a0\u00bb full_height=\u00a0\u00bbtrue\u00a0\u00bb padding_top=\u00a0\u00bb\u00a0\u00bb padding_bottom=\u00a0\u00bb\u00a0\u00bb skip_arrow=\u00a0\u00bbtrue\u00a0\u00bb sidebar=\u00a0\u00bbsidebar-1&Prime;][vc_column css=\u00a0\u00bb.vc_custom_1499272999294{padding-top: 20% !important;}\u00a0\u00bb][vc_column_text disable_pattern=\u00a0\u00bbfalse\u00a0\u00bb css=\u00a0\u00bb.vc_custom_1562069179122{margin-bottom: 0px !important;}\u00a0\u00bb]<img decoding=\"async\" loading=\"lazy\" class=\"opaque alignnone wp-image-153 size-full\" src=\"https:\/\/www.distribution.fluides-service.com\/wp-content\/uploads\/2017\/06\/1hydraulique-fluides-services-distribution.png\" alt=\"\" width=\"110\" height=\"110\" srcset=\"https:\/\/www.distribution.fluides-service.com\/wp-content\/uploads\/2017\/06\/1hydraulique-fluides-services-distribution.png 110w, https:\/\/www.distribution.fluides-service.com\/wp-content\/uploads\/2017\/06\/1hydraulique-fluides-services-distribution-300x300.png 300w\" sizes=\"(max-width: 110px) 100vw, 110px\" \/><\/p>\n<h2><span style=\"background-color: rgba(255, 255, 255, 0.6);\">Hydraulique \/<br \/>\nPneumatique<\/span><\/h2>\n<p>&nbsp;<\/p>\n<h3><span style=\"background-color: rgba(255, 255, 255, 0.6);\">Le savoir-faire de Fluides Service, de l&rsquo;\u00e9quipement standard au sur-mesure.<\/span><\/h3>\n[\/vc_column_text][\/vc_column][\/mk_page_section][vc_row][vc_column width=\u00a0\u00bb1\/4&Prime; css=\u00a0\u00bb.vc_custom_1506443035604{padding-top: 5% !important;padding-bottom: 5% !important;}\u00a0\u00bb][vc_single_image image=\u00a0\u00bb324&Prime; img_size=\u00a0\u00bb80&#215;80&Prime; alignment=\u00a0\u00bbcenter\u00a0\u00bb][vc_column_text align=\u00a0\u00bbcenter\u00a0\u00bb]\n<h6>V\u00e9rins hydrauliques<\/h6>\n[\/vc_column_text][vc_separator color=\u00a0\u00bbcustom\u00a0\u00bb el_width=\u00a0\u00bb30&Prime; accent_color=\u00a0\u00bb#d0382a\u00a0\u00bb][vc_column_text align=\u00a0\u00bbcenter\u00a0\u00bb]Actionneurs hydrauliques, v\u00e9rins, moteurs et accessoires\u2026[\/vc_column_text][\/vc_column][vc_column width=\u00a0\u00bb1\/4&Prime; css=\u00a0\u00bb.vc_custom_1506443028810{padding-top: 5% !important;padding-bottom: 5% !important;}\u00a0\u00bb][vc_single_image image=\u00a0\u00bb333&Prime; img_size=\u00a0\u00bb80&#215;80&Prime; alignment=\u00a0\u00bbcenter\u00a0\u00bb][vc_column_text disable_pattern=\u00a0\u00bbfalse\u00a0\u00bb align=\u00a0\u00bbcenter\u00a0\u00bb]\n<h6>Flexibles hydrauliques<\/h6>\n[\/vc_column_text][vc_separator color=\u00a0\u00bbcustom\u00a0\u00bb el_width=\u00a0\u00bb30&Prime; accent_color=\u00a0\u00bb#d0382a\u00a0\u00bb][vc_column_text disable_pattern=\u00a0\u00bbfalse\u00a0\u00bb align=\u00a0\u00bbcenter\u00a0\u00bb]Flexibles basse et haute pression, en diff\u00e9rentes mati\u00e8res (plastique, caoutchouc, m\u00e9tal\u2026). Flexibles de d\u00e9potage, gaines, connecteurs\u2026[\/vc_column_text][\/vc_column][vc_column width=\u00a0\u00bb1\/4&Prime; css=\u00a0\u00bb.vc_custom_1506443022885{padding-top: 5% !important;padding-bottom: 5% !important;}\u00a0\u00bb][vc_single_image image=\u00a0\u00bb482&Prime; img_size=\u00a0\u00bb80&#215;80&Prime; alignment=\u00a0\u00bbcenter\u00a0\u00bb][vc_column_text disable_pattern=\u00a0\u00bbfalse\u00a0\u00bb align=\u00a0\u00bbcenter\u00a0\u00bb]\n<h6>Raccords hydrauliques<\/h6>\n[\/vc_column_text][vc_separator color=\u00a0\u00bbcustom\u00a0\u00bb el_width=\u00a0\u00bb30&Prime; accent_color=\u00a0\u00bb#d0382a\u00a0\u00bb][vc_column_text disable_pattern=\u00a0\u00bbfalse\u00a0\u00bb align=\u00a0\u00bbcenter\u00a0\u00bb]Raccords hydrauliques, basse, haute et tr\u00e8s haute pression. Raccords pompier, sym\u00e9triques, express, \u00e0 came. Coupleurs, adaptateurs\u2026[\/vc_column_text][\/vc_column][vc_column width=\u00a0\u00bb1\/4&Prime; css=\u00a0\u00bb.vc_custom_1506443016341{padding-top: 5% !important;padding-bottom: 5% !important;}\u00a0\u00bb][vc_single_image image=\u00a0\u00bb956&Prime; img_size=\u00a0\u00bb80&#215;80&Prime; alignment=\u00a0\u00bbcenter\u00a0\u00bb][vc_column_text disable_pattern=\u00a0\u00bbfalse\u00a0\u00bb align=\u00a0\u00bbcenter\u00a0\u00bb css=\u00a0\u00bb.vc_custom_1506775980453{margin-bottom: 0px !important;}\u00a0\u00bb]\n<h6>Distributeurs<\/h6>\n[\/vc_column_text][vc_separator color=\u00a0\u00bbcustom\u00a0\u00bb el_width=\u00a0\u00bb30&Prime; accent_color=\u00a0\u00bb#d0382a\u00a0\u00bb][vc_column_text disable_pattern=\u00a0\u00bbfalse\u00a0\u00bb align=\u00a0\u00bbcenter\u00a0\u00bb]Distributeurs manuels ou \u00e9lectriques, commandes, asservissement hydraulique\u2026[\/vc_column_text][\/vc_column][\/vc_row][vc_row][vc_column width=\u00a0\u00bb1\/4&Prime; css=\u00a0\u00bb.vc_custom_1506443035604{padding-top: 5% !important;padding-bottom: 5% !important;}\u00a0\u00bb][vc_single_image image=\u00a0\u00bb326&Prime; img_size=\u00a0\u00bb80&#215;80&Prime; alignment=\u00a0\u00bbcenter\u00a0\u00bb][vc_column_text align=\u00a0\u00bbcenter\u00a0\u00bb]\n<h6>Compresseurs<\/h6>\n[\/vc_column_text][vc_separator color=\u00a0\u00bbcustom\u00a0\u00bb el_width=\u00a0\u00bb30&Prime; accent_color=\u00a0\u00bb#d0382a\u00a0\u00bb][vc_column_text align=\u00a0\u00bbcenter\u00a0\u00bb]Compresseurs d\u2019air : \u00e0 pistons, centrifuges, \u00e0 vis, lubrifi\u00e9s ou non, ATEX ou standard, accessoires&#8230;[\/vc_column_text][\/vc_column][vc_column width=\u00a0\u00bb1\/4&Prime; css=\u00a0\u00bb.vc_custom_1506443028810{padding-top: 5% !important;padding-bottom: 5% !important;}\u00a0\u00bb][vc_single_image image=\u00a0\u00bb327&Prime; img_size=\u00a0\u00bb80&#215;80&Prime; alignment=\u00a0\u00bbcenter\u00a0\u00bb][vc_column_text align=\u00a0\u00bbcenter\u00a0\u00bb]\n<h6>\u00c9tanch\u00e9it\u00e9<\/h6>\n[\/vc_column_text][vc_separator color=\u00a0\u00bbcustom\u00a0\u00bb el_width=\u00a0\u00bb30&Prime; accent_color=\u00a0\u00bb#d0382a\u00a0\u00bb][vc_column_text disable_pattern=\u00a0\u00bbfalse\u00a0\u00bb align=\u00a0\u00bbcenter\u00a0\u00bb]Garnitures m\u00e9caniques des pompes, joints, toriques, spiral\u00e9s, plats, \u00e0 l\u00e8vre, sp\u00e9ciaux\u2026 A l\u2019unit\u00e9 ou en kit, d\u00e9coup\u00e9\u00a0 ou en plaque.[\/vc_column_text][\/vc_column][vc_column width=\u00a0\u00bb1\/4&Prime; css=\u00a0\u00bb.vc_custom_1506443022885{padding-top: 5% !important;padding-bottom: 5% !important;}\u00a0\u00bb][vc_single_image image=\u00a0\u00bb328&Prime; img_size=\u00a0\u00bb80&#215;80&Prime; alignment=\u00a0\u00bbcenter\u00a0\u00bb][vc_column_text align=\u00a0\u00bbcenter\u00a0\u00bb]\n<h6>Filtration<\/h6>\n[\/vc_column_text][vc_separator color=\u00a0\u00bbcustom\u00a0\u00bb el_width=\u00a0\u00bb30&Prime; accent_color=\u00a0\u00bb#d0382a\u00a0\u00bb][vc_column_text disable_pattern=\u00a0\u00bbfalse\u00a0\u00bb align=\u00a0\u00bbcenter\u00a0\u00bb]Filtres \u00e0 air basse et haute pression (\u00e0 cartouches adaptables), filtres hydrauliques, purgeurs, s\u00e9parateurs\u2026[\/vc_column_text][\/vc_column][vc_column width=\u00a0\u00bb1\/4&Prime; css=\u00a0\u00bb.vc_custom_1506443016341{padding-top: 5% !important;padding-bottom: 5% !important;}\u00a0\u00bb][vc_single_image image=\u00a0\u00bb483&Prime; img_size=\u00a0\u00bb80&#215;80&Prime; alignment=\u00a0\u00bbcenter\u00a0\u00bb][vc_column_text align=\u00a0\u00bbcenter\u00a0\u00bb css=\u00a0\u00bb.vc_custom_1506775727303{margin-bottom: 0px !important;}\u00a0\u00bb]\n<h6>S\u00e9cheurs d&rsquo;air<\/h6>\n[\/vc_column_text][vc_separator color=\u00a0\u00bbcustom\u00a0\u00bb el_width=\u00a0\u00bb30&Prime; accent_color=\u00a0\u00bb#d0382a\u00a0\u00bb][vc_column_text disable_pattern=\u00a0\u00bbfalse\u00a0\u00bb align=\u00a0\u00bbcenter\u00a0\u00bb]S\u00e9cheurs d\u2019air par frigo, absorption, adsorption, standard ou fabrication sur mesure\u2026 Dessicants : Alumine, tamis mol\u00e9culaire\u2026[\/vc_column_text][\/vc_column][\/vc_row][vc_row fullwidth=\u00a0\u00bbtrue\u00a0\u00bb id=\u00a0\u00bbhistorique\u00a0\u00bb][vc_column][vc_column_text el_class=\u00a0\u00bbtitres-qui\u00a0\u00bb]\n<h2>Principales marques partenaires :<\/h2>\n[\/vc_column_text][vc_separator color=\u00a0\u00bbcustom\u00a0\u00bb align=\u00a0\u00bbalign_left\u00a0\u00bb border_width=\u00a0\u00bb5&Prime; accent_color=\u00a0\u00bb#d0382a\u00a0\u00bb el_class=\u00a0\u00bbpartenaire\u00a0\u00bb][\/vc_column][\/vc_row][vc_row id=\u00a0\u00bbhistorique\u00a0\u00bb][vc_column css=\u00a0\u00bb.vc_custom_1499274240066{padding-top: 4% !important;padding-bottom: 8% !important;}\u00a0\u00bb][vc_column_text]Nous proposons d&rsquo;autres grandes marques, n&rsquo;h\u00e9sitez pas \u00e0 <a href=\"http:\/\/www.distribution.fluides-service.com\/fr\/contact\/\">nous contacter<\/a> pour plus de d\u00e9tails.[\/vc_column_text][mk_clients style=\u00a0\u00bbcolumn\u00a0\u00bb column=\u00a0\u00bb6&Prime; count=\u00a0\u00bb-1&Prime; orderby=\u00a0\u00bbtitle\u00a0\u00bb height=\u00a0\u00bb100&Prime; autoplay=\u00a0\u00bbfalse\u00a0\u00bb margin_bottom=\u00a0\u00bb\u00a0\u00bb clients=\u00a0\u00bb715, 814, 714, 685, 852, 856, 743, 776, 754, 663, 744, 682, 859, 688, 718, 686, 810, 690, 827, 826, 742, 723, 824, 782&Prime;][\/vc_column][\/vc_row]\n","protected":false},"excerpt":{"rendered":"<p>[mk_page_section bg_image=\u00a0\u00bbhttps:\/\/www.distribution.fluides-service.com\/wp-content\/uploads\/2017\/06\/image-produits-hydraulique-pneumatique-fluides-services.jpg\u00a0\u00bb bg_position=\u00a0\u00bbcenter center\u00a0\u00bb bg_repeat=\u00a0\u00bbno-repeat\u00a0\u00bb bg_stretch=\u00a0\u00bbtrue\u00a0\u00bb video_loop=\u00a0\u00bbfalse\u00a0\u00bb full_height=\u00a0\u00bbtrue\u00a0\u00bb padding_top=\u00a0\u00bb\u00a0\u00bb padding_bottom=\u00a0\u00bb\u00a0\u00bb skip_arrow=\u00a0\u00bbtrue\u00a0\u00bb sidebar=\u00a0\u00bbsidebar-1&Prime;][vc_column css=\u00a0\u00bb.vc_custom_1499272999294{padding-top: 20% !important;}\u00a0\u00bb][vc_column_text disable_pattern=\u00a0\u00bbfalse\u00a0\u00bb css=\u00a0\u00bb.vc_custom_1562069179122{margin-bottom: 0px !important;}\u00a0\u00bb] Hydraulique \/ Pneumatique &nbsp; Le savoir-faire de Fluides Service, de l&rsquo;\u00e9quipement standard au sur-mesure. [\/vc_column_text][\/vc_column][\/mk_page_section][vc_row][vc_column width=\u00a0\u00bb1\/4&Prime; css=\u00a0\u00bb.vc_custom_1506443035604{padding-top: 5% !important;padding-bottom: 5% !important;}\u00a0\u00bb][vc_single_image image=\u00a0\u00bb324&Prime; img_size=\u00a0\u00bb80&#215;80&Prime; alignment=\u00a0\u00bbcenter\u00a0\u00bb][vc_column_text align=\u00a0\u00bbcenter\u00a0\u00bb] V\u00e9rins hydrauliques [\/vc_column_text][vc_separator color=\u00a0\u00bbcustom\u00a0\u00bb el_width=\u00a0\u00bb30&Prime; accent_color=\u00a0\u00bb#d0382a\u00a0\u00bb][vc_column_text align=\u00a0\u00bbcenter\u00a0\u00bb]Actionneurs hydrauliques, v\u00e9rins, moteurs et [&hellip;]<\/p>\n","protected":false},"author":1,"featured_media":6037,"parent":7,"menu_order":0,"comment_status":"closed","ping_status":"closed","template":"","meta":{"footnotes":""},"_links":{"self":[{"href":"https:\/\/www.distribution.fluides-service.com\/fr\/wp-json\/wp\/v2\/pages\/18"}],"collection":[{"href":"https:\/\/www.distribution.fluides-service.com\/fr\/wp-json\/wp\/v2\/pages"}],"about":[{"href":"https:\/\/www.distribution.fluides-service.com\/fr\/wp-json\/wp\/v2\/types\/page"}],"author":[{"embeddable":true,"href":"https:\/\/www.distribution.fluides-service.com\/fr\/wp-json\/wp\/v2\/users\/1"}],"replies":[{"embeddable":true,"href":"https:\/\/www.distribution.fluides-service.com\/fr\/wp-json\/wp\/v2\/comments?post=18"}],"version-history":[{"count":2,"href":"https:\/\/www.distribution.fluides-service.com\/fr\/wp-json\/wp\/v2\/pages\/18\/revisions"}],"predecessor-version":[{"id":6314,"href":"https:\/\/www.distribution.fluides-service.com\/fr\/wp-json\/wp\/v2\/pages\/18\/revisions\/6314"}],"up":[{"embeddable":true,"href":"https:\/\/www.distribution.fluides-service.com\/fr\/wp-json\/wp\/v2\/pages\/7"}],"wp:featuredmedia":[{"embeddable":true,"href":"https:\/\/www.distribution.fluides-service.com\/fr\/wp-json\/wp\/v2\/media\/6037"}],"wp:attachment":[{"href":"https:\/\/www.distribution.fluides-service.com\/fr\/wp-json\/wp\/v2\/media?parent=18"}],"curies":[{"name":"wp","href":"https:\/\/api.w.org\/{rel}","templated":true}]}}