{"id":17,"date":"2017-06-12T15:57:17","date_gmt":"2017-06-12T13:57:17","guid":{"rendered":"http:\/\/www.distribution.fluides-service.com\/?page_id=17"},"modified":"2019-07-02T14:27:16","modified_gmt":"2019-07-02T12:27:16","slug":"instrumentation-mesure","status":"publish","type":"page","link":"https:\/\/www.distribution.fluides-service.com\/fr\/nos-produits\/instrumentation-mesure\/","title":{"rendered":"Instrumentation \/ Mesure"},"content":{"rendered":"[mk_page_section bg_image=\u00a0\u00bbhttps:\/\/www.distribution.fluides-service.com\/wp-content\/uploads\/2017\/06\/image-produits-instrumentation-fluides-services.jpg\u00a0\u00bb bg_position=\u00a0\u00bbcenter center\u00a0\u00bb bg_repeat=\u00a0\u00bbno-repeat\u00a0\u00bb bg_stretch=\u00a0\u00bbtrue\u00a0\u00bb video_loop=\u00a0\u00bbfalse\u00a0\u00bb full_height=\u00a0\u00bbtrue\u00a0\u00bb padding_top=\u00a0\u00bb\u00a0\u00bb padding_bottom=\u00a0\u00bb\u00a0\u00bb skip_arrow=\u00a0\u00bbtrue\u00a0\u00bb sidebar=\u00a0\u00bbsidebar-1&Prime;][vc_column css=\u00a0\u00bb.vc_custom_1499272999294{padding-top: 20% !important;}\u00a0\u00bb][vc_column_text disable_pattern=\u00a0\u00bbfalse\u00a0\u00bb css=\u00a0\u00bb.vc_custom_1562070358934{margin-bottom: 0px !important;}\u00a0\u00bb]<img decoding=\"async\" loading=\"lazy\" class=\"opaque alignnone wp-image-159 size-full\" src=\"https:\/\/www.distribution.fluides-service.com\/wp-content\/uploads\/2017\/06\/instrumentation-fluides-services-distribution.png\" alt=\"\" width=\"110\" height=\"110\" srcset=\"https:\/\/www.distribution.fluides-service.com\/wp-content\/uploads\/2017\/06\/instrumentation-fluides-services-distribution.png 110w, https:\/\/www.distribution.fluides-service.com\/wp-content\/uploads\/2017\/06\/instrumentation-fluides-services-distribution-300x300.png 300w\" sizes=\"(max-width: 110px) 100vw, 110px\" \/><\/p>\n<h2><span style=\"background-color: rgba(255, 255, 255, 0.6); padding-bottom: 5px;\">Instrumentation \/<br \/>\nMesure<\/span><\/h2>\n<p>&nbsp;<\/p>\n<h3><span style=\"background-color: rgba(255, 255, 255, 0.6);\">Des fabricants r\u00e9put\u00e9s pour des technologies ma\u00eetris\u00e9es.\u00a0<\/span><\/h3>\n[\/vc_column_text][\/vc_column][\/mk_page_section][vc_row][vc_column width=\u00a0\u00bb1\/4&Prime; css=\u00a0\u00bb.vc_custom_1506443035604{padding-top: 5% !important;padding-bottom: 5% !important;}\u00a0\u00bb][vc_single_image image=\u00a0\u00bb329&Prime; img_size=\u00a0\u00bb80&#215;80&Prime; alignment=\u00a0\u00bbcenter\u00a0\u00bb][vc_column_text align=\u00a0\u00bbcenter\u00a0\u00bb]\n<h6>Instrumentation<\/h6>\n[\/vc_column_text][vc_separator color=\u00a0\u00bbcustom\u00a0\u00bb el_width=\u00a0\u00bb30&Prime; accent_color=\u00a0\u00bb#d0382a\u00a0\u00bb][vc_column_text align=\u00a0\u00bbcenter\u00a0\u00bb]Instruments de mesure, transmetteurs, sondes, jauges, analyseurs, indicateurs de niveau: m\u00e9caniques ou num\u00e9riques, des plus basiques au plus technologiques\u2026[\/vc_column_text][\/vc_column][vc_column width=\u00a0\u00bb1\/4&Prime; css=\u00a0\u00bb.vc_custom_1506443028810{padding-top: 5% !important;padding-bottom: 5% !important;}\u00a0\u00bb][vc_single_image image=\u00a0\u00bb529&Prime; img_size=\u00a0\u00bb80&#215;80&Prime; alignment=\u00a0\u00bbcenter\u00a0\u00bb][vc_column_text disable_pattern=\u00a0\u00bbfalse\u00a0\u00bb align=\u00a0\u00bbcenter\u00a0\u00bb]\n<h6>Outils de mesure m\u00e9canique<\/h6>\n[\/vc_column_text][vc_separator color=\u00a0\u00bbcustom\u00a0\u00bb el_width=\u00a0\u00bb30&Prime; accent_color=\u00a0\u00bb#d0382a\u00a0\u00bb][vc_column_text disable_pattern=\u00a0\u00bbfalse\u00a0\u00bb align=\u00a0\u00bbcenter\u00a0\u00bb]Instruments de contr\u00f4les en atelier\u2026[\/vc_column_text][\/vc_column][vc_column width=\u00a0\u00bb1\/4&Prime; css=\u00a0\u00bb.vc_custom_1506443022885{padding-top: 5% !important;padding-bottom: 5% !important;}\u00a0\u00bb][vc_single_image image=\u00a0\u00bb531&Prime; img_size=\u00a0\u00bb80&#215;80&Prime; alignment=\u00a0\u00bbcenter\u00a0\u00bb][vc_column_text disable_pattern=\u00a0\u00bbfalse\u00a0\u00bb align=\u00a0\u00bbcenter\u00a0\u00bb]\n<h6>Tubing<\/h6>\n[\/vc_column_text][vc_separator color=\u00a0\u00bbcustom\u00a0\u00bb el_width=\u00a0\u00bb30&Prime; accent_color=\u00a0\u00bb#d0382a\u00a0\u00bb][vc_column_text disable_pattern=\u00a0\u00bbfalse\u00a0\u00bb align=\u00a0\u00bbcenter\u00a0\u00bb]Tubing instrumentation, en inox 316 jusqu\u2019en superduplex. Certificats et inspections possibles\u2026[\/vc_column_text][\/vc_column][vc_column width=\u00a0\u00bb1\/4&Prime; css=\u00a0\u00bb.vc_custom_1506443016341{padding-top: 5% !important;padding-bottom: 5% !important;}\u00a0\u00bb][vc_single_image image=\u00a0\u00bb530&Prime; img_size=\u00a0\u00bb80&#215;80&Prime; alignment=\u00a0\u00bbcenter\u00a0\u00bb][vc_column_text disable_pattern=\u00a0\u00bbfalse\u00a0\u00bb align=\u00a0\u00bbcenter\u00a0\u00bb css=\u00a0\u00bb.vc_custom_1506775788700{margin-bottom: 0px !important;}\u00a0\u00bb]\n<h6>Fittings<\/h6>\n[\/vc_column_text][vc_separator color=\u00a0\u00bbcustom\u00a0\u00bb el_width=\u00a0\u00bb30&Prime; accent_color=\u00a0\u00bb#d0382a\u00a0\u00bb][vc_column_text disable_pattern=\u00a0\u00bbfalse\u00a0\u00bb align=\u00a0\u00bbcenter\u00a0\u00bb]Raccords et adaptateurs simples ou double bague, raccords rapides, raccords \u00e0 souder, raccords haute puret\u00e9, raccords \u00e0 haute r\u00e9sistance, accessoires\u2026[\/vc_column_text][\/vc_column][\/vc_row][vc_row][vc_column width=\u00a0\u00bb1\/4&Prime; css=\u00a0\u00bb.vc_custom_1506443035604{padding-top: 5% !important;padding-bottom: 5% !important;}\u00a0\u00bb][vc_single_image image=\u00a0\u00bb532&Prime; img_size=\u00a0\u00bb80&#215;80&Prime; alignment=\u00a0\u00bbcenter\u00a0\u00bb][vc_column_text align=\u00a0\u00bbcenter\u00a0\u00bb]\n<h6>Manifolds<\/h6>\n[\/vc_column_text][vc_separator color=\u00a0\u00bbcustom\u00a0\u00bb el_width=\u00a0\u00bb30&Prime; accent_color=\u00a0\u00bb#d0382a\u00a0\u00bb][vc_column_text align=\u00a0\u00bbcenter\u00a0\u00bb]Manifolds de raccordements : de la simple vanne pointeau au double block and bleed (DBB) sur sp\u00e9cifications\u2026[\/vc_column_text][\/vc_column][vc_column width=\u00a0\u00bb1\/4&Prime; css=\u00a0\u00bb.vc_custom_1506443028810{padding-top: 5% !important;padding-bottom: 5% !important;}\u00a0\u00bb][vc_single_image image=\u00a0\u00bb487&Prime; img_size=\u00a0\u00bb80&#215;80&Prime; alignment=\u00a0\u00bbcenter\u00a0\u00bb][vc_column_text align=\u00a0\u00bbcenter\u00a0\u00bb]\n<h6>Chemins de c\u00e2ble<\/h6>\n[\/vc_column_text][vc_separator color=\u00a0\u00bbcustom\u00a0\u00bb el_width=\u00a0\u00bb30&Prime; accent_color=\u00a0\u00bb#d0382a\u00a0\u00bb][vc_column_text disable_pattern=\u00a0\u00bbfalse\u00a0\u00bb align=\u00a0\u00bbcenter\u00a0\u00bb]Tous les produits pour s\u00e9curiser vos installations de c\u00e2bles en milieu industriel.[\/vc_column_text][\/vc_column][vc_column width=\u00a0\u00bb1\/4&Prime; css=\u00a0\u00bb.vc_custom_1506443022885{padding-top: 5% !important;padding-bottom: 5% !important;}\u00a0\u00bb][vc_single_image image=\u00a0\u00bb486&Prime; img_size=\u00a0\u00bb80&#215;80&Prime; alignment=\u00a0\u00bbcenter\u00a0\u00bb][vc_column_text align=\u00a0\u00bbcenter\u00a0\u00bb]\n<h6>C\u00e2bles \u00e9lectriques<\/h6>\n[\/vc_column_text][vc_separator color=\u00a0\u00bbcustom\u00a0\u00bb el_width=\u00a0\u00bb30&Prime; accent_color=\u00a0\u00bb#d0382a\u00a0\u00bb][vc_column_text disable_pattern=\u00a0\u00bbfalse\u00a0\u00bb align=\u00a0\u00bbcenter\u00a0\u00bb]Du c\u00e2ble standard au c\u00e2ble sp\u00e9cifique, selon vos besoins. Avec ou sans certification, avec ou sans recette usine.[\/vc_column_text][\/vc_column][vc_column width=\u00a0\u00bb1\/4&Prime; css=\u00a0\u00bb.vc_custom_1506443016341{padding-top: 5% !important;padding-bottom: 5% !important;}\u00a0\u00bb][vc_single_image image=\u00a0\u00bb485&Prime; img_size=\u00a0\u00bb80&#215;80&Prime; alignment=\u00a0\u00bbcenter\u00a0\u00bb][vc_column_text align=\u00a0\u00bbcenter\u00a0\u00bb css=\u00a0\u00bb.vc_custom_1506775811953{margin-bottom: 0px !important;}\u00a0\u00bb]\n<h6>Bo\u00eetes de jonction<\/h6>\n[\/vc_column_text][vc_separator color=\u00a0\u00bbcustom\u00a0\u00bb el_width=\u00a0\u00bb30&Prime; accent_color=\u00a0\u00bb#d0382a\u00a0\u00bb][vc_column_text disable_pattern=\u00a0\u00bbfalse\u00a0\u00bb align=\u00a0\u00bbcenter\u00a0\u00bb]Tous les \u00e9l\u00e9ments de raccordement pour vos instruments, boites, presses \u00e9toupes, bordes et rails, accessoires\u2026[\/vc_column_text][\/vc_column][\/vc_row][vc_row fullwidth=\u00a0\u00bbtrue\u00a0\u00bb id=\u00a0\u00bbhistorique\u00a0\u00bb][vc_column][vc_column_text el_class=\u00a0\u00bbtitres-qui\u00a0\u00bb]\n<h2>Principales marques partenaires :<\/h2>\n[\/vc_column_text][vc_separator color=\u00a0\u00bbcustom\u00a0\u00bb align=\u00a0\u00bbalign_left\u00a0\u00bb border_width=\u00a0\u00bb5&Prime; accent_color=\u00a0\u00bb#d0382a\u00a0\u00bb el_class=\u00a0\u00bbpartenaire\u00a0\u00bb][\/vc_column][\/vc_row][vc_row id=\u00a0\u00bbhistorique\u00a0\u00bb][vc_column css=\u00a0\u00bb.vc_custom_1499274240066{padding-top: 4% !important;padding-bottom: 8% !important;}\u00a0\u00bb][vc_column_text]Nous proposons d&rsquo;autres grandes marques, n&rsquo;h\u00e9sitez pas \u00e0 <a href=\"http:\/\/www.distribution.fluides-service.com\/fr\/contact\/\">nous contacter<\/a> pour plus de d\u00e9tails.[\/vc_column_text][mk_clients style=\u00a0\u00bbcolumn\u00a0\u00bb column=\u00a0\u00bb6&Prime; count=\u00a0\u00bb-1&Prime; orderby=\u00a0\u00bbtitle\u00a0\u00bb height=\u00a0\u00bb100&Prime; autoplay=\u00a0\u00bbfalse\u00a0\u00bb margin_bottom=\u00a0\u00bb\u00a0\u00bb clients=\u00a0\u00bb709, 873, 665, 722, 661, 616, 779, 817, 716, 851, 814, 819, 679, 785, 687, 708, 781, 681, 788, 829, 854, 787, 753, 749&Prime;][\/vc_column][\/vc_row]\n","protected":false},"excerpt":{"rendered":"<p>[mk_page_section bg_image=\u00a0\u00bbhttps:\/\/www.distribution.fluides-service.com\/wp-content\/uploads\/2017\/06\/image-produits-instrumentation-fluides-services.jpg\u00a0\u00bb bg_position=\u00a0\u00bbcenter center\u00a0\u00bb bg_repeat=\u00a0\u00bbno-repeat\u00a0\u00bb bg_stretch=\u00a0\u00bbtrue\u00a0\u00bb video_loop=\u00a0\u00bbfalse\u00a0\u00bb full_height=\u00a0\u00bbtrue\u00a0\u00bb padding_top=\u00a0\u00bb\u00a0\u00bb padding_bottom=\u00a0\u00bb\u00a0\u00bb skip_arrow=\u00a0\u00bbtrue\u00a0\u00bb sidebar=\u00a0\u00bbsidebar-1&Prime;][vc_column css=\u00a0\u00bb.vc_custom_1499272999294{padding-top: 20% !important;}\u00a0\u00bb][vc_column_text disable_pattern=\u00a0\u00bbfalse\u00a0\u00bb css=\u00a0\u00bb.vc_custom_1562070358934{margin-bottom: 0px !important;}\u00a0\u00bb] Instrumentation \/ Mesure &nbsp; Des fabricants r\u00e9put\u00e9s pour des technologies ma\u00eetris\u00e9es.\u00a0 [\/vc_column_text][\/vc_column][\/mk_page_section][vc_row][vc_column width=\u00a0\u00bb1\/4&Prime; css=\u00a0\u00bb.vc_custom_1506443035604{padding-top: 5% !important;padding-bottom: 5% !important;}\u00a0\u00bb][vc_single_image image=\u00a0\u00bb329&Prime; img_size=\u00a0\u00bb80&#215;80&Prime; alignment=\u00a0\u00bbcenter\u00a0\u00bb][vc_column_text align=\u00a0\u00bbcenter\u00a0\u00bb] Instrumentation [\/vc_column_text][vc_separator color=\u00a0\u00bbcustom\u00a0\u00bb el_width=\u00a0\u00bb30&Prime; accent_color=\u00a0\u00bb#d0382a\u00a0\u00bb][vc_column_text align=\u00a0\u00bbcenter\u00a0\u00bb]Instruments de mesure, transmetteurs, sondes, jauges, analyseurs, indicateurs de [&hellip;]<\/p>\n","protected":false},"author":1,"featured_media":6105,"parent":7,"menu_order":0,"comment_status":"closed","ping_status":"closed","template":"","meta":{"footnotes":""},"_links":{"self":[{"href":"https:\/\/www.distribution.fluides-service.com\/fr\/wp-json\/wp\/v2\/pages\/17"}],"collection":[{"href":"https:\/\/www.distribution.fluides-service.com\/fr\/wp-json\/wp\/v2\/pages"}],"about":[{"href":"https:\/\/www.distribution.fluides-service.com\/fr\/wp-json\/wp\/v2\/types\/page"}],"author":[{"embeddable":true,"href":"https:\/\/www.distribution.fluides-service.com\/fr\/wp-json\/wp\/v2\/users\/1"}],"replies":[{"embeddable":true,"href":"https:\/\/www.distribution.fluides-service.com\/fr\/wp-json\/wp\/v2\/comments?post=17"}],"version-history":[{"count":2,"href":"https:\/\/www.distribution.fluides-service.com\/fr\/wp-json\/wp\/v2\/pages\/17\/revisions"}],"predecessor-version":[{"id":6326,"href":"https:\/\/www.distribution.fluides-service.com\/fr\/wp-json\/wp\/v2\/pages\/17\/revisions\/6326"}],"up":[{"embeddable":true,"href":"https:\/\/www.distribution.fluides-service.com\/fr\/wp-json\/wp\/v2\/pages\/7"}],"wp:featuredmedia":[{"embeddable":true,"href":"https:\/\/www.distribution.fluides-service.com\/fr\/wp-json\/wp\/v2\/media\/6105"}],"wp:attachment":[{"href":"https:\/\/www.distribution.fluides-service.com\/fr\/wp-json\/wp\/v2\/media?parent=17"}],"curies":[{"name":"wp","href":"https:\/\/api.w.org\/{rel}","templated":true}]}}