{"id":15,"date":"2017-06-12T15:53:54","date_gmt":"2017-06-12T13:53:54","guid":{"rendered":"http:\/\/www.distribution.fluides-service.com\/?page_id=15"},"modified":"2019-07-02T14:40:53","modified_gmt":"2019-07-02T12:40:53","slug":"produits-services-oil-gas","status":"publish","type":"page","link":"https:\/\/www.distribution.fluides-service.com\/fr\/nos-produits\/produits-services-oil-gas\/","title":{"rendered":"Produits \/ Services Oil &#038; Gas"},"content":{"rendered":"[mk_page_section bg_image=\u00a0\u00bbhttps:\/\/www.distribution.fluides-service.com\/wp-content\/uploads\/2017\/06\/image-pour-produits-oilgas-fluides-services.jpg\u00a0\u00bb bg_position=\u00a0\u00bbcenter bottom\u00a0\u00bb bg_repeat=\u00a0\u00bbno-repeat\u00a0\u00bb bg_stretch=\u00a0\u00bbtrue\u00a0\u00bb video_loop=\u00a0\u00bbfalse\u00a0\u00bb full_height=\u00a0\u00bbtrue\u00a0\u00bb padding_top=\u00a0\u00bb\u00a0\u00bb padding_bottom=\u00a0\u00bb\u00a0\u00bb skip_arrow=\u00a0\u00bbtrue\u00a0\u00bb sidebar=\u00a0\u00bbsidebar-1&Prime;][vc_column css=\u00a0\u00bb.vc_custom_1499272999294{padding-top: 20% !important;}\u00a0\u00bb][vc_column_text disable_pattern=\u00a0\u00bbfalse\u00a0\u00bb css=\u00a0\u00bb.vc_custom_1562071168518{margin-bottom: 0px !important;}\u00a0\u00bb]\n<h2><img decoding=\"async\" loading=\"lazy\" class=\"opaque alignnone\" src=\"https:\/\/www.distribution.fluides-service.com\/wp-content\/uploads\/2017\/06\/produits-fluides-services-distribution.png\" alt=\"\" width=\"110\" height=\"110\" \/><\/h2>\n<h2><span style=\"background-color: rgba(255, 255, 255, 0.6);\">Produits \/ Services<br \/>\nOil &amp; Gas<\/span><\/h2>\n<p>&nbsp;<\/p>\n<h3><span style=\"background-color: rgba(255, 255, 255, 0.6);\">Notre comp\u00e9tence historique, en respect des normes et des sp\u00e9cificit\u00e9s p\u00e9troli\u00e8res.<\/span><\/h3>\n[\/vc_column_text][\/vc_column][\/mk_page_section][vc_row][vc_column width=\u00a0\u00bb1\/4&Prime; css=\u00a0\u00bb.vc_custom_1506443035604{padding-top: 5% !important;padding-bottom: 5% !important;}\u00a0\u00bb][vc_single_image image=\u00a0\u00bb329&Prime; img_size=\u00a0\u00bb80&#215;80&Prime; alignment=\u00a0\u00bbcenter\u00a0\u00bb][vc_column_text align=\u00a0\u00bbcenter\u00a0\u00bb]\n<h6>Instrumentation<\/h6>\n[\/vc_column_text][vc_separator color=\u00a0\u00bbcustom\u00a0\u00bb el_width=\u00a0\u00bb30&Prime; accent_color=\u00a0\u00bb#d0382a\u00a0\u00bb][vc_column_text align=\u00a0\u00bbcenter\u00a0\u00bb]Les plus grandes marques d\u2019instrumentation sp\u00e9cifiques au secteur Oil &amp; Gas (instruments, sondes, analyseurs, manifolds, tubing&#8230;). Livr\u00e9s avec certificats.[\/vc_column_text][\/vc_column][vc_column width=\u00a0\u00bb1\/4&Prime; css=\u00a0\u00bb.vc_custom_1506443028810{padding-top: 5% !important;padding-bottom: 5% !important;}\u00a0\u00bb][vc_single_image image=\u00a0\u00bb331&Prime; img_size=\u00a0\u00bb80&#215;80&Prime; alignment=\u00a0\u00bbcenter\u00a0\u00bb][vc_column_text disable_pattern=\u00a0\u00bbfalse\u00a0\u00bb align=\u00a0\u00bbcenter\u00a0\u00bb]\n<h6>Robinetterie<\/h6>\n[\/vc_column_text][vc_separator color=\u00a0\u00bbcustom\u00a0\u00bb el_width=\u00a0\u00bb30&Prime; accent_color=\u00a0\u00bb#d0382a\u00a0\u00bb][vc_column_text disable_pattern=\u00a0\u00bbfalse\u00a0\u00bb align=\u00a0\u00bbcenter\u00a0\u00bb]De la vanne instrument \u00e0 la vanne pipeline. De la vanne manuelle \u00e0 la vanne pneumatique ou \u00e9lectrique. Selon sp\u00e9cifications, avec certificats et inspection\u2026[\/vc_column_text][\/vc_column][vc_column width=\u00a0\u00bb1\/4&Prime; css=\u00a0\u00bb.vc_custom_1506443022885{padding-top: 5% !important;padding-bottom: 5% !important;}\u00a0\u00bb][vc_single_image image=\u00a0\u00bb350&Prime; img_size=\u00a0\u00bb80&#215;80&Prime; alignment=\u00a0\u00bbcenter\u00a0\u00bb][vc_column_text disable_pattern=\u00a0\u00bbfalse\u00a0\u00bb align=\u00a0\u00bbcenter\u00a0\u00bb]\n<h6>Machines tournantes<\/h6>\n[\/vc_column_text][vc_separator color=\u00a0\u00bbcustom\u00a0\u00bb el_width=\u00a0\u00bb30&Prime; accent_color=\u00a0\u00bb#d0382a\u00a0\u00bb][vc_column_text disable_pattern=\u00a0\u00bbfalse\u00a0\u00bb align=\u00a0\u00bbcenter\u00a0\u00bb]Moteurs simples ou accoupl\u00e9s, skid de pompage, moteurs kit raffinerie, compresseurs ATEX, kits et accessoires\u2026[\/vc_column_text][\/vc_column][vc_column width=\u00a0\u00bb1\/4&Prime; css=\u00a0\u00bb.vc_custom_1506443016341{padding-top: 5% !important;padding-bottom: 5% !important;}\u00a0\u00bb][vc_single_image image=\u00a0\u00bb503&Prime; img_size=\u00a0\u00bb80&#215;80&Prime; alignment=\u00a0\u00bbcenter\u00a0\u00bb][vc_column_text disable_pattern=\u00a0\u00bbfalse\u00a0\u00bb align=\u00a0\u00bbcenter\u00a0\u00bb css=\u00a0\u00bb.vc_custom_1506775836196{margin-bottom: 0px !important;}\u00a0\u00bb]\n<h6>Raccorderie<\/h6>\n[\/vc_column_text][vc_separator color=\u00a0\u00bbcustom\u00a0\u00bb el_width=\u00a0\u00bb30&Prime; accent_color=\u00a0\u00bb#d0382a\u00a0\u00bb][vc_column_text disable_pattern=\u00a0\u00bbfalse\u00a0\u00bb align=\u00a0\u00bbcenter\u00a0\u00bb]Brides, piping, DBB, SBB, raccords, visserie, joints\u2026 Avec ou sans peinture ou traitement de surface. Avec certificats. Assembl\u00e9s, pr\u00e9-mont\u00e9s, hydrotest\u00e9s\u2026[\/vc_column_text][\/vc_column][\/vc_row][vc_row][vc_column width=\u00a0\u00bb1\/4&Prime; css=\u00a0\u00bb.vc_custom_1506443035604{padding-top: 5% !important;padding-bottom: 5% !important;}\u00a0\u00bb][vc_single_image image=\u00a0\u00bb349&Prime; img_size=\u00a0\u00bb80&#215;80&Prime; alignment=\u00a0\u00bbcenter\u00a0\u00bb][vc_column_text align=\u00a0\u00bbcenter\u00a0\u00bb]\n<h6>Levage Offshore<\/h6>\n[\/vc_column_text][vc_separator color=\u00a0\u00bbcustom\u00a0\u00bb el_width=\u00a0\u00bb30&Prime; accent_color=\u00a0\u00bb#d0382a\u00a0\u00bb][vc_column_text align=\u00a0\u00bbcenter\u00a0\u00bb]Produits de levages performants et adapt\u00e9s \u00e0 vos contraintes (offshore, inspection tierce partie..). Composants \u00e0 l\u2019unit\u00e9 ou ensembles mont\u00e9s et certifi\u00e9s&#8230;[\/vc_column_text][\/vc_column][vc_column width=\u00a0\u00bb1\/4&Prime; css=\u00a0\u00bb.vc_custom_1506443028810{padding-top: 5% !important;padding-bottom: 5% !important;}\u00a0\u00bb][vc_single_image image=\u00a0\u00bb527&Prime; img_size=\u00a0\u00bb80&#215;80&Prime; alignment=\u00a0\u00bbcenter\u00a0\u00bb][vc_column_text align=\u00a0\u00bbcenter\u00a0\u00bb]\n<h6>Mat\u00e9riel antid\u00e9flagrant<\/h6>\n[\/vc_column_text][vc_separator color=\u00a0\u00bbcustom\u00a0\u00bb el_width=\u00a0\u00bb30&Prime; accent_color=\u00a0\u00bb#d0382a\u00a0\u00bb][vc_column_text disable_pattern=\u00a0\u00bbfalse\u00a0\u00bb align=\u00a0\u00bbcenter\u00a0\u00bb]Mat\u00e9riel s\u00fbr et adapt\u00e9 aux diff\u00e9rentes zones ATEX : notre coeur de m\u00e9tier depuis plus de 40 ans.[\/vc_column_text][\/vc_column][vc_column width=\u00a0\u00bb1\/4&Prime; css=\u00a0\u00bb.vc_custom_1506443022885{padding-top: 5% !important;padding-bottom: 5% !important;}\u00a0\u00bb][vc_single_image image=\u00a0\u00bb501&Prime; img_size=\u00a0\u00bb80&#215;80&Prime; alignment=\u00a0\u00bbcenter\u00a0\u00bb][vc_column_text align=\u00a0\u00bbcenter\u00a0\u00bb]\n<h6>\u00c9quipements sp\u00e9ciaux<\/h6>\n[\/vc_column_text][vc_separator color=\u00a0\u00bbcustom\u00a0\u00bb el_width=\u00a0\u00bb30&Prime; accent_color=\u00a0\u00bb#d0382a\u00a0\u00bb][vc_column_text disable_pattern=\u00a0\u00bbfalse\u00a0\u00bb align=\u00a0\u00bbcenter\u00a0\u00bb]Toutes sortes de solutions pour les pi\u00e8ces obsol\u00e8tes, les substitutions, les prolongations de dur\u00e9e de vie, des normes sp\u00e9cifiques, fabrication de pi\u00e8ces sur plan\u2026[\/vc_column_text][\/vc_column][vc_column width=\u00a0\u00bb1\/4&Prime; css=\u00a0\u00bb.vc_custom_1506443016341{padding-top: 5% !important;padding-bottom: 5% !important;}\u00a0\u00bb][vc_single_image image=\u00a0\u00bb500&Prime; img_size=\u00a0\u00bb80&#215;80&Prime; alignment=\u00a0\u00bbcenter\u00a0\u00bb][vc_column_text align=\u00a0\u00bbcenter\u00a0\u00bb css=\u00a0\u00bb.vc_custom_1506775856252{margin-bottom: 0px !important;}\u00a0\u00bb]\n<h6>Gestion de projet<\/h6>\n[\/vc_column_text][vc_separator color=\u00a0\u00bbcustom\u00a0\u00bb el_width=\u00a0\u00bb30&Prime; accent_color=\u00a0\u00bb#d0382a\u00a0\u00bb][vc_column_text disable_pattern=\u00a0\u00bbfalse\u00a0\u00bb align=\u00a0\u00bbcenter\u00a0\u00bb]Prise en compte sur mesure de vos requis projets : projet neuf ou revamping, selon sp\u00e9cifications, gestion des normes, avec inspection tierce partie (BV Marine, DNV, ABS\u2026)[\/vc_column_text][\/vc_column][\/vc_row][vc_row fullwidth=\u00a0\u00bbtrue\u00a0\u00bb id=\u00a0\u00bbhistorique\u00a0\u00bb][vc_column][vc_column_text el_class=\u00a0\u00bbtitres-qui\u00a0\u00bb]\n<h2>Principales marques partenaires :<\/h2>\n[\/vc_column_text][vc_separator color=\u00a0\u00bbcustom\u00a0\u00bb align=\u00a0\u00bbalign_left\u00a0\u00bb border_width=\u00a0\u00bb5&Prime; el_width=\u00a0\u00bb20&Prime; accent_color=\u00a0\u00bb#d0382a\u00a0\u00bb el_class=\u00a0\u00bbpartenaire\u00a0\u00bb][\/vc_column][\/vc_row][vc_row id=\u00a0\u00bbhistorique\u00a0\u00bb][vc_column css=\u00a0\u00bb.vc_custom_1499274240066{padding-top: 4% !important;padding-bottom: 8% !important;}\u00a0\u00bb][vc_column_text]Nous proposons d&rsquo;autres grandes marques, n&rsquo;h\u00e9sitez pas \u00e0 <a href=\"http:\/\/www.distribution.fluides-service.com\/fr\/contact\/\">nous contacter<\/a> pour plus de d\u00e9tails.[\/vc_column_text][mk_clients style=\u00a0\u00bbcolumn\u00a0\u00bb column=\u00a0\u00bb6&Prime; count=\u00a0\u00bb-1&Prime; orderby=\u00a0\u00bbtitle\u00a0\u00bb height=\u00a0\u00bb100&Prime; autoplay=\u00a0\u00bbfalse\u00a0\u00bb margin_bottom=\u00a0\u00bb\u00a0\u00bb clients=\u00a0\u00bb709, 828, 812, 661, 817, 713, 746, 750, 717, 871, 663, 851, 716, 821, 786, 829, 707, 872, 783, 747, 820, 850, 669, 680&Prime;][\/vc_column][\/vc_row]\n","protected":false},"excerpt":{"rendered":"<p>[mk_page_section bg_image=\u00a0\u00bbhttps:\/\/www.distribution.fluides-service.com\/wp-content\/uploads\/2017\/06\/image-pour-produits-oilgas-fluides-services.jpg\u00a0\u00bb bg_position=\u00a0\u00bbcenter bottom\u00a0\u00bb bg_repeat=\u00a0\u00bbno-repeat\u00a0\u00bb bg_stretch=\u00a0\u00bbtrue\u00a0\u00bb video_loop=\u00a0\u00bbfalse\u00a0\u00bb full_height=\u00a0\u00bbtrue\u00a0\u00bb padding_top=\u00a0\u00bb\u00a0\u00bb padding_bottom=\u00a0\u00bb\u00a0\u00bb skip_arrow=\u00a0\u00bbtrue\u00a0\u00bb sidebar=\u00a0\u00bbsidebar-1&Prime;][vc_column css=\u00a0\u00bb.vc_custom_1499272999294{padding-top: 20% !important;}\u00a0\u00bb][vc_column_text disable_pattern=\u00a0\u00bbfalse\u00a0\u00bb css=\u00a0\u00bb.vc_custom_1562071168518{margin-bottom: 0px !important;}\u00a0\u00bb] Produits \/ Services Oil &amp; Gas &nbsp; Notre comp\u00e9tence historique, en respect des normes et des sp\u00e9cificit\u00e9s p\u00e9troli\u00e8res. [\/vc_column_text][\/vc_column][\/mk_page_section][vc_row][vc_column width=\u00a0\u00bb1\/4&Prime; css=\u00a0\u00bb.vc_custom_1506443035604{padding-top: 5% !important;padding-bottom: 5% !important;}\u00a0\u00bb][vc_single_image image=\u00a0\u00bb329&Prime; img_size=\u00a0\u00bb80&#215;80&Prime; alignment=\u00a0\u00bbcenter\u00a0\u00bb][vc_column_text align=\u00a0\u00bbcenter\u00a0\u00bb] Instrumentation [\/vc_column_text][vc_separator color=\u00a0\u00bbcustom\u00a0\u00bb el_width=\u00a0\u00bb30&Prime; accent_color=\u00a0\u00bb#d0382a\u00a0\u00bb][vc_column_text align=\u00a0\u00bbcenter\u00a0\u00bb]Les plus [&hellip;]<\/p>\n","protected":false},"author":1,"featured_media":6082,"parent":7,"menu_order":0,"comment_status":"closed","ping_status":"closed","template":"","meta":{"footnotes":""},"_links":{"self":[{"href":"https:\/\/www.distribution.fluides-service.com\/fr\/wp-json\/wp\/v2\/pages\/15"}],"collection":[{"href":"https:\/\/www.distribution.fluides-service.com\/fr\/wp-json\/wp\/v2\/pages"}],"about":[{"href":"https:\/\/www.distribution.fluides-service.com\/fr\/wp-json\/wp\/v2\/types\/page"}],"author":[{"embeddable":true,"href":"https:\/\/www.distribution.fluides-service.com\/fr\/wp-json\/wp\/v2\/users\/1"}],"replies":[{"embeddable":true,"href":"https:\/\/www.distribution.fluides-service.com\/fr\/wp-json\/wp\/v2\/comments?post=15"}],"version-history":[{"count":2,"href":"https:\/\/www.distribution.fluides-service.com\/fr\/wp-json\/wp\/v2\/pages\/15\/revisions"}],"predecessor-version":[{"id":6338,"href":"https:\/\/www.distribution.fluides-service.com\/fr\/wp-json\/wp\/v2\/pages\/15\/revisions\/6338"}],"up":[{"embeddable":true,"href":"https:\/\/www.distribution.fluides-service.com\/fr\/wp-json\/wp\/v2\/pages\/7"}],"wp:featuredmedia":[{"embeddable":true,"href":"https:\/\/www.distribution.fluides-service.com\/fr\/wp-json\/wp\/v2\/media\/6082"}],"wp:attachment":[{"href":"https:\/\/www.distribution.fluides-service.com\/fr\/wp-json\/wp\/v2\/media?parent=15"}],"curies":[{"name":"wp","href":"https:\/\/api.w.org\/{rel}","templated":true}]}}