{"id":3743,"date":"2017-09-10T12:14:05","date_gmt":"2017-09-10T10:14:05","guid":{"rendered":"http:\/\/www.distribution.fluides-service.com\/quienes-somos\/"},"modified":"2019-07-02T20:35:00","modified_gmt":"2019-07-02T18:35:00","slug":"quienes-somos","status":"publish","type":"page","link":"https:\/\/www.distribution.fluides-service.com\/es\/quienes-somos\/","title":{"rendered":"Qui\u00e9nes somos?"},"content":{"rendered":"[mk_page_section bg_image=\u00bbhttp:\/\/www.distribution.fluides-service.com\/wp-content\/uploads\/2017\/10\/qui-sommes-nous-image.jpg\u00bb bg_position=\u00bbcenter center\u00bb bg_repeat=\u00bbno-repeat\u00bb bg_stretch=\u00bbtrue\u00bb video_loop=\u00bbfalse\u00bb full_height=\u00bbtrue\u00bb padding_top=\u00bb\u00bb padding_bottom=\u00bb\u00bb margin_bottom=\u00bb\u00bb skip_arrow=\u00bbtrue\u00bb sidebar=\u00bbsidebar-1&#8243;][vc_column width=\u00bb1\/2&#8243; css=\u00bb.vc_custom_1499268919934{padding-top: 30% !important;}\u00bb][vc_column_text css=\u00bb.vc_custom_1505038495207{margin-bottom: 0px !important;}\u00bb]\n<h2><span style=\"background-color: rgba(255,255,255,0.6); padding-bottom: 5px;\">Qui\u00e9nes somos?<\/span><\/h2>\n<p>&nbsp;<\/p>\n<h3><span style=\"background-color: rgba(255,255,255,0.6);\">Desde 1972, Fluides Service Distribution acompa\u00f1a a sus clientes por todo el mundo ofreci\u00e9ndoles los equipos y suministros industriales que necesitan. <\/span><\/h3>\n[\/vc_column_text][\/vc_column][vc_column width=\u00bb1\/2&#8243;][\/vc_column][\/mk_page_section][vc_row][vc_column css=\u00bb.vc_custom_1499781555549{padding-top: 6% !important;}\u00bb][vc_column_text disable_pattern=\u00bbfalse\u00bb css=\u00bb.vc_custom_1505038508783{margin-bottom: 0px !important;}\u00bb]\n<p class=\"western\"><span style=\"font-family: Helvetica, serif;\"><span lang=\"es-ES\">Reconocida por su sentido del servicio, su especializaci\u00f3n t\u00e9cnica y la fiabilidad de su Cadena de suministro, Fluides Service Distribution facilita la distribuci\u00f3n multifuente y la b\u00fasqueda de productos considerados como \u00abdif\u00edciles de encontrar\u00bb. <\/span><\/span><\/p>\n<p class=\"western\"><span style=\"font-family: Helvetica, serif;\"><span lang=\"es-ES\">En posesi\u00f3n de la certificaci\u00f3n ISO 9001 y respaldada por el grupo franc\u00e9s MARTIN BELAYSOUD EXPANSION, l\u00edder del suministro industrial y que dispone de una amplia cantidad de existencias, Fluides Service Distribution asegura la delegaci\u00f3n de las compras de sus clientes. <\/span><\/span><\/p>\n[\/vc_column_text][\/vc_column][\/vc_row][vc_row fullwidth=\u00bbtrue\u00bb id=\u00bbhistorique\u00bb][vc_column css=\u00bb.vc_custom_1499781629346{padding-top: 3% !important;}\u00bb][vc_column_text el_class=\u00bbtitres-qui\u00bb css=\u00bb.vc_custom_1505038527019{margin-bottom: 0px !important;}\u00bb]\n<h2>Historia:<\/h2>\n[\/vc_column_text][vc_separator color=\u00bbcustom\u00bb align=\u00bbalign_left\u00bb border_width=\u00bb5&#8243; accent_color=\u00bb#d0382a\u00bb el_class=\u00bbhistorique\u00bb][\/vc_column][\/vc_row][vc_row fullwidth=\u00bbtrue\u00bb][vc_column width=\u00bb2\/3&#8243;][vc_single_image image=\u00bb5610&#8243; img_size=\u00bbfull\u00bb alignment=\u00bbcenter\u00bb css_animation=\u00bbnone\u00bb][\/vc_column][vc_column visibility=\u00bbvisible-dt\u00bb width=\u00bb1\/3&#8243; css=\u00bb.vc_custom_1562092438488{padding-top: 19% !important;padding-bottom: 18% !important;background-image: url(https:\/\/www.distribution.fluides-service.com\/wp-content\/uploads\/2017\/06\/5-photo.jpg?id=219) !important;background-position: center !important;background-repeat: no-repeat !important;background-size: cover !important;}\u00bb][\/vc_column][\/vc_row][vc_row fullwidth=\u00bbtrue\u00bb id=\u00bbsourcing\u00bb][vc_column css=\u00bb.vc_custom_1497605178032{padding-top: 8% !important;}\u00bb][vc_column_text disable_pattern=\u00bbfalse\u00bb el_class=\u00bbtitres-qui\u00bb css=\u00bb.vc_custom_1505236998729{margin-bottom: 0px !important;}\u00bb]\n<h2>Una fuente \u00fanica:<\/h2>\n[\/vc_column_text][vc_separator color=\u00bbcustom\u00bb align=\u00bbalign_left\u00bb border_width=\u00bb5&#8243; accent_color=\u00bb#d0382a\u00bb el_class=\u00bbsourcing\u00bb][\/vc_column][\/vc_row][vc_row][vc_column][vc_column_text css=\u00bb.vc_custom_1505237009879{margin-bottom: 0px !important;}\u00bb]Descubra en qu\u00e9 le podemos ayudar desplaz\u00e1ndose por la imagen:[\/vc_column_text][\/vc_column][\/vc_row][mk_page_section bg_stretch=\u00bbtrue\u00bb video_loop=\u00bbfalse\u00bb sidebar=\u00bbsidebar-1&#8243;][vc_column][vc_wp_text][imagelinks slug=\u00bbun-sourcing-unique-espagnol\u00bb][\/vc_wp_text][\/vc_column][\/mk_page_section][vc_row fullwidth=\u00bbtrue\u00bb id=\u00bbatout\u00bb][vc_column css=\u00bb.vc_custom_1497605178032{padding-top: 8% !important;}\u00bb][vc_column_text disable_pattern=\u00bbfalse\u00bb el_class=\u00bbtitres-qui\u00bb css=\u00bb.vc_custom_1562092250000{margin-bottom: 0px !important;}\u00bb]\n<h2>Ventajas para su servicio:<\/h2>\n[\/vc_column_text][vc_separator color=\u00bbcustom\u00bb align=\u00bbalign_left\u00bb border_width=\u00bb5&#8243; accent_color=\u00bb#d0382a\u00bb el_class=\u00bbatout\u00bb][\/vc_column][\/vc_row][vc_row fullwidth=\u00bbtrue\u00bb visibility=\u00bbvisible-dt-v2&#8243;][vc_column width=\u00bb1\/3&#8243;][mk_animated_columns column_number=\u00bb1&#8243; txt_color=\u00bb#171717&#8243; txt_hover_color=\u00bb#171717&#8243; columns=\u00bb293&#8243;][\/vc_column][vc_column width=\u00bb1\/3&#8243;][mk_animated_columns column_number=\u00bb1&#8243; txt_color=\u00bb#171717&#8243; txt_hover_color=\u00bb#171717&#8243; columns=\u00bb288&#8243;][\/vc_column][vc_column width=\u00bb1\/3&#8243;][mk_animated_columns column_number=\u00bb1&#8243; txt_color=\u00bb#171717&#8243; txt_hover_color=\u00bb#171717&#8243; columns=\u00bb295&#8243;][\/vc_column][\/vc_row][vc_row fullwidth=\u00bbtrue\u00bb visibility=\u00bbhidden-dt-v2&#8243;][vc_column][vc_column_text align=\u00bbcenter\u00bb css=\u00bb.vc_custom_1505237147726{margin-bottom: 0px !important;}\u00bb]\n<h3><strong>Un servicio orientado al cliente<\/strong><\/h3>\n<p>&#8211; La consideraci\u00f3n de las necesidades y de las especificaciones del cliente<br \/>\n&#8211; Un interlocutor asignado<br \/>\n&#8211; La capacidad de reacci\u00f3n y la flexibilidad de una estructura \u00e1gil<br \/>\n&#8211; La gesti\u00f3n documental de los expediente bajo petici\u00f3n<br \/>\n&#8211; El seguimiento del respeto de los plazos de entrega<br \/>\n&#8211; Con certificaci\u00f3n ISO 9001<\/p>\n<h3><strong>Una gran especializaci\u00f3n t\u00e9cnica <\/strong><\/h3>\n<p>&#8211; Departamento t\u00e9cnico con Oficina de proyectos<br \/>\n&#8211; Recomendaciones t\u00e9cnicas para la definici\u00f3n de los productos<br \/>\n&#8211; Gesti\u00f3n de las normas y especificaciones del cliente<br \/>\n&#8211; El apoyo de un grupo con especialistas de producto<br \/>\n&#8211; Un taller para la realizaci\u00f3n de piezas espec\u00edficas<br \/>\n&#8211; La b\u00fasqueda de productos obsoletos o \u00abimposibles\u00bb de encontrar<\/p>\n<h3><strong>Cadena de suministro optimizada para la exportaci\u00f3n<\/strong><\/h3>\n<p>&#8211; Almac\u00e9n especialmente destinado a la gesti\u00f3n de las existencias<br \/>\n&#8211; Control e inspecci\u00f3n antes de la salida de la mercanc\u00eda<br \/>\n&#8211; Acondicionamiento de la exportaci\u00f3n y marcado (SEI, NIMP15, contenedores&#8230;)<br \/>\n&#8211; Gesti\u00f3n de los productos regulados<br \/>\n&#8211; Soluciones de transporte urgente<br \/>\n&#8211; Tr\u00e1mites para la exportaci\u00f3n y la importaci\u00f3n<br \/>\n&#8211; Red de colaboradores y agentes que agilizan las entregas[\/vc_column_text][\/vc_column][\/vc_row][vc_row fullwidth=\u00bbtrue\u00bb id=\u00bbcontrainte\u00bb][vc_column css=\u00bb.vc_custom_1497605178032{padding-top: 8% !important;}\u00bb][vc_column_text disable_pattern=\u00bbfalse\u00bb el_class=\u00bbtitres-qui\u00bb css=\u00bb.vc_custom_1562092258463{margin-bottom: 0px !important;}\u00bb]\n<h2>Soluciones para sus problemas:<\/h2>\n[\/vc_column_text][vc_separator color=\u00bbcustom\u00bb align=\u00bbalign_left\u00bb border_width=\u00bb5&#8243; accent_color=\u00bb#d0382a\u00bb el_class=\u00bbcontrainte\u00bb][\/vc_column][\/vc_row][vc_row fullwidth=\u00bbtrue\u00bb visibility=\u00bbvisible-dt\u00bb][vc_column css=\u00bb.vc_custom_1497605178032{padding-top: 8% !important;}\u00bb][vc_column_text disable_pattern=\u00bbfalse\u00bb align=\u00bbcenter\u00bb css=\u00bb.vc_custom_1562092276841{margin-bottom: 0px !important;}\u00bb]<img decoding=\"async\" loading=\"lazy\" class=\"rizoomanim alignnone wp-image-6184 size-large\" src=\"https:\/\/www.distribution.fluides-service.com\/wp-content\/uploads\/2017\/09\/supplychain-espagnol-copie-1300x875.jpg\" alt=\"\" width=\"1140\" height=\"767\" \/>[\/vc_column_text][\/vc_column][\/vc_row][vc_row fullwidth=\u00bbtrue\u00bb visibility=\u00bbhidden-dt\u00bb][vc_column css=\u00bb.vc_custom_1497605178032{padding-top: 8% !important;}\u00bb][vc_single_image image=\u00bb5690&#8243; img_size=\u00bbfull\u00bb alignment=\u00bbcenter\u00bb onclick=\u00bbzoom\u00bb][\/vc_column][\/vc_row][vc_row fullwidth=\u00bbtrue\u00bb id=\u00bbaction\u00bb][vc_column css=\u00bb.vc_custom_1497605178032{padding-top: 8% !important;}\u00bb][vc_column_text disable_pattern=\u00bbfalse\u00bb el_class=\u00bbtitres-qui\u00bb css=\u00bb.vc_custom_1505237556897{margin-bottom: 0px !important;}\u00bb]\n<h2>\u00c1reas de actuaci\u00f3n :<\/h2>\n[\/vc_column_text][vc_separator color=\u00bbcustom\u00bb align=\u00bbalign_left\u00bb border_width=\u00bb5&#8243; accent_color=\u00bb#d0382a\u00bb el_class=\u00bbaction\u00bb][\/vc_column][\/vc_row][mk_page_section bg_stretch=\u00bbtrue\u00bb video_loop=\u00bbfalse\u00bb sidebar=\u00bbsidebar-1&#8243;][vc_column][vc_single_image image=\u00bb228&#8243; img_size=\u00bbfull\u00bb alignment=\u00bbcenter\u00bb][\/vc_column][\/mk_page_section]\n","protected":false},"excerpt":{"rendered":"<p>[mk_page_section bg_image=\u00bbhttp:\/\/www.distribution.fluides-service.com\/wp-content\/uploads\/2017\/10\/qui-sommes-nous-image.jpg\u00bb bg_position=\u00bbcenter center\u00bb bg_repeat=\u00bbno-repeat\u00bb bg_stretch=\u00bbtrue\u00bb video_loop=\u00bbfalse\u00bb full_height=\u00bbtrue\u00bb padding_top=\u00bb\u00bb padding_bottom=\u00bb\u00bb margin_bottom=\u00bb\u00bb skip_arrow=\u00bbtrue\u00bb sidebar=\u00bbsidebar-1&#8243;][vc_column width=\u00bb1\/2&#8243; css=\u00bb.vc_custom_1499268919934{padding-top: 30% !important;}\u00bb][vc_column_text css=\u00bb.vc_custom_1505038495207{margin-bottom: 0px !important;}\u00bb] Qui\u00e9nes somos? &nbsp; Desde 1972, Fluides Service Distribution acompa\u00f1a a sus clientes por todo el mundo ofreci\u00e9ndoles los equipos y suministros industriales que necesitan. [\/vc_column_text][\/vc_column][vc_column width=\u00bb1\/2&#8243;][\/vc_column][\/mk_page_section][vc_row][vc_column css=\u00bb.vc_custom_1499781555549{padding-top: 6% !important;}\u00bb][vc_column_text disable_pattern=\u00bbfalse\u00bb css=\u00bb.vc_custom_1505038508783{margin-bottom: 0px !important;}\u00bb] Reconocida por [&hellip;]<\/p>\n","protected":false},"author":1,"featured_media":0,"parent":0,"menu_order":0,"comment_status":"closed","ping_status":"closed","template":"","meta":{"footnotes":""},"_links":{"self":[{"href":"https:\/\/www.distribution.fluides-service.com\/es\/wp-json\/wp\/v2\/pages\/3743"}],"collection":[{"href":"https:\/\/www.distribution.fluides-service.com\/es\/wp-json\/wp\/v2\/pages"}],"about":[{"href":"https:\/\/www.distribution.fluides-service.com\/es\/wp-json\/wp\/v2\/types\/page"}],"author":[{"embeddable":true,"href":"https:\/\/www.distribution.fluides-service.com\/es\/wp-json\/wp\/v2\/users\/1"}],"replies":[{"embeddable":true,"href":"https:\/\/www.distribution.fluides-service.com\/es\/wp-json\/wp\/v2\/comments?post=3743"}],"version-history":[{"count":8,"href":"https:\/\/www.distribution.fluides-service.com\/es\/wp-json\/wp\/v2\/pages\/3743\/revisions"}],"predecessor-version":[{"id":6411,"href":"https:\/\/www.distribution.fluides-service.com\/es\/wp-json\/wp\/v2\/pages\/3743\/revisions\/6411"}],"wp:attachment":[{"href":"https:\/\/www.distribution.fluides-service.com\/es\/wp-json\/wp\/v2\/media?parent=3743"}],"curies":[{"name":"wp","href":"https:\/\/api.w.org\/{rel}","templated":true}]}}