{"id":3723,"date":"2017-09-10T12:04:31","date_gmt":"2017-09-10T10:04:31","guid":{"rendered":"http:\/\/www.distribution.fluides-service.com\/suministro-industrial\/"},"modified":"2025-04-13T16:45:39","modified_gmt":"2025-04-13T14:45:39","slug":"suministro-industrial","status":"publish","type":"page","link":"https:\/\/www.distribution.fluides-service.com\/es\/nuestros-productos\/suministro-industrial\/","title":{"rendered":"Suministro industrial"},"content":{"rendered":"[mk_page_section bg_image=\u00bbhttps:\/\/www.distribution.fluides-service.com\/wp-content\/uploads\/2017\/06\/3-image-1.jpg\u00bb bg_position=\u00bbcenter center\u00bb bg_repeat=\u00bbno-repeat\u00bb bg_stretch=\u00bbtrue\u00bb video_loop=\u00bbfalse\u00bb full_height=\u00bbtrue\u00bb padding_top=\u00bb\u00bb padding_bottom=\u00bb\u00bb skip_arrow=\u00bbtrue\u00bb sidebar=\u00bbsidebar-1&#8243;][vc_column css=\u00bb.vc_custom_1499272999294{padding-top: 20% !important;}\u00bb][vc_column_text disable_pattern=\u00bbfalse\u00bb css=\u00bb.vc_custom_1562068094415{margin-bottom: 0px !important;}\u00bb]<img decoding=\"async\" loading=\"lazy\" class=\"opaque alignnone wp-image-156 size-full\" src=\"https:\/\/www.distribution.fluides-service.com\/wp-content\/uploads\/2017\/06\/fournitures-industrielles-fluides-services-distribution.png\" alt=\"\" width=\"110\" height=\"110\" srcset=\"https:\/\/www.distribution.fluides-service.com\/wp-content\/uploads\/2017\/06\/fournitures-industrielles-fluides-services-distribution.png 110w, https:\/\/www.distribution.fluides-service.com\/wp-content\/uploads\/2017\/06\/fournitures-industrielles-fluides-services-distribution-300x300.png 300w\" sizes=\"(max-width: 110px) 100vw, 110px\" \/><\/p>\n<h2><span style=\"background-color: rgba(255, 255, 255, 0.6); padding-bottom: 5px;\">Suministro industrial<\/span><\/h2>\n<p>&nbsp;<\/p>\n<h3><span style=\"background-color: rgba(255, 255, 255, 0.6);\">Almacenamiento de 30 millones de euros con m\u00e1s de 100.000 referencias disponibles<\/span><\/h3>\n[\/vc_column_text][vc_column_text disable_pattern=\u00bbfalse\u00bb css=\u00bb.vc_custom_1562068094415{margin-bottom: 0px !important;}\u00bb]<img decoding=\"async\" loading=\"lazy\" class=\"opaque alignnone wp-image-156 size-full\" src=\"https:\/\/www.distribution.fluides-service.com\/wp-content\/uploads\/2017\/06\/fournitures-industrielles-fluides-services-distribution.png\" alt=\"\" width=\"110\" height=\"110\" srcset=\"https:\/\/www.distribution.fluides-service.com\/wp-content\/uploads\/2017\/06\/fournitures-industrielles-fluides-services-distribution.png 110w, https:\/\/www.distribution.fluides-service.com\/wp-content\/uploads\/2017\/06\/fournitures-industrielles-fluides-services-distribution-300x300.png 300w\" sizes=\"(max-width: 110px) 100vw, 110px\" \/><\/p>\n<h2><span style=\"background-color: rgba(255, 255, 255, 0.6); padding-bottom: 5px;\">Suministro industrial<\/span><\/h2>\n<p>&nbsp;<\/p>\n<h3><span style=\"background-color: rgba(255, 255, 255, 0.6);\">Almacenamiento de 30 millones de euros con m\u00e1s de 100.000 referencias disponibles<\/span><\/h3>\n[\/vc_column_text][\/vc_column][\/mk_page_section][vc_row column_padding=\u00bb2&#8243;][vc_column width=\u00bb1\/4&#8243; css=\u00bb.vc_custom_1506358208505{padding-top: 5% !important;padding-bottom: 5% !important;}\u00bb][vc_single_image image=\u00bb330&#8243; img_size=\u00bb80&#215;80&#8243; alignment=\u00bbcenter\u00bb][vc_column_text disable_pattern=\u00bbfalse\u00bb align=\u00bbcenter\u00bb css=\u00bb.vc_custom_1505037935882{margin-bottom: 25px !important;}\u00bb]\n<h6>Herramientas manuales<\/h6>\n[\/vc_column_text][vc_separator color=\u00bbcustom\u00bb el_width=\u00bb30&#8243; accent_color=\u00bb#d0382a\u00bb][vc_column_text align=\u00bbcenter\u00bb css=\u00bb.vc_custom_1505037986511{margin-bottom: 0px !important;}\u00bb]Varias gamas de herramientas adaptadas a sus necesidades y a su presupuesto.[\/vc_column_text][\/vc_column][vc_column width=\u00bb1\/4&#8243; css=\u00bb.vc_custom_1506358202200{padding-top: 5% !important;padding-bottom: 5% !important;}\u00bb][vc_single_image image=\u00bb352&#8243; img_size=\u00bb80&#215;80&#8243; alignment=\u00bbcenter\u00bb][vc_column_text disable_pattern=\u00bbfalse\u00bb align=\u00bbcenter\u00bb css=\u00bb.vc_custom_1505037961246{margin-bottom: 25px !important;}\u00bb]\n<h6>Herramienta port\u00e1til el\u00e9ctrica<\/h6>\n[\/vc_column_text][vc_separator color=\u00bbcustom\u00bb el_width=\u00bb30&#8243; accent_color=\u00bb#d0382a\u00bb][vc_column_text disable_pattern=\u00bbfalse\u00bb align=\u00bbcenter\u00bb css=\u00bb.vc_custom_1505037975648{margin-bottom: 0px !important;}\u00bb]Varias gamas de herramientas manuales, port\u00e1tiles y el\u00e9ctricas de las marcas m\u00e1s importantes para sus taladradoras, pulidoras, atornilladores y otras herramientas port\u00e1tiles.[\/vc_column_text][\/vc_column][vc_column width=\u00bb1\/4&#8243; css=\u00bb.vc_custom_1506358348481{padding-top: 5% !important;padding-bottom: 5% !important;}\u00bb][vc_single_image image=\u00bb955&#8243; img_size=\u00bb80&#215;80&#8243; alignment=\u00bbcenter\u00bb][vc_column_text disable_pattern=\u00bbfalse\u00bb align=\u00bbcenter\u00bb css=\u00bb.vc_custom_1505038025319{margin-bottom: 25px !important;}\u00bb]\n<h6>Herramienta de corte<\/h6>\n[\/vc_column_text][vc_separator color=\u00bbcustom\u00bb el_width=\u00bb30&#8243; accent_color=\u00bb#d0382a\u00bb][vc_column_text disable_pattern=\u00bbfalse\u00bb align=\u00bbcenter\u00bb css=\u00bb.vc_custom_1505038012320{margin-bottom: 0px !important;}\u00bb]\n<p class=\"western\"><span style=\"font-family: Helvetica, serif;\"><span lang=\"es-ES\">Fresas, brocas, tornillos de rosca, escariadores, placas de metal&#8230; Desde lo m\u00e1s simple a lo m\u00e1s t\u00e9cnico. <\/span><\/span><\/p>\n[\/vc_column_text][\/vc_column][vc_column width=\u00bb1\/4&#8243; css=\u00bb.vc_custom_1506358172168{padding-top: 5% !important;padding-bottom: 5% !important;}\u00bb][vc_single_image image=\u00bb349&#8243; img_size=\u00bb80&#215;80&#8243; alignment=\u00bbcenter\u00bb][vc_column_text disable_pattern=\u00bbfalse\u00bb align=\u00bbcenter\u00bb css=\u00bb.vc_custom_1505038050125{margin-bottom: 25px !important;}\u00bb]\n<h6>Elevaci\u00f3n<\/h6>\n[\/vc_column_text][vc_separator color=\u00bbcustom\u00bb el_width=\u00bb30&#8243; accent_color=\u00bb#d0382a\u00bb][vc_column_text disable_pattern=\u00bbfalse\u00bb align=\u00bbcenter\u00bb css=\u00bb.vc_custom_1505038059813{margin-bottom: 0px !important;}\u00bb]\n<p class=\"western\"><span style=\"font-family: Helvetica, serif;\"><span lang=\"es-ES\">Componentes unitarios o conjuntos montados y certificados&#8230;<\/span><\/span><\/p>\n[\/vc_column_text][\/vc_column][\/vc_row][vc_row][vc_column width=\u00bb1\/4&#8243; css=\u00bb.vc_custom_1506358214664{padding-top: 5% !important;padding-bottom: 5% !important;}\u00bb][vc_single_image image=\u00bb353&#8243; img_size=\u00bb80&#215;80&#8243; alignment=\u00bbcenter\u00bb][vc_column_text disable_pattern=\u00bbfalse\u00bb align=\u00bbcenter\u00bb css=\u00bb.vc_custom_1505038084665{margin-bottom: 25px !important;}\u00bb]\n<h6>Material de soldadura<\/h6>\n[\/vc_column_text][vc_separator color=\u00bbcustom\u00bb el_width=\u00bb30&#8243; accent_color=\u00bb#d0382a\u00bb][vc_column_text align=\u00bbcenter\u00bb css=\u00bb.vc_custom_1505038096971{margin-bottom: 0px !important;}\u00bb]\n<p class=\"western\"><span style=\"font-family: Helvetica, serif;\"><span lang=\"es-ES\">Postas, sopletes, accesorios, consumibles certificados y herramientas de ensamblado&#8230;<\/span><\/span><\/p>\n[\/vc_column_text][\/vc_column][vc_column width=\u00bb1\/4&#8243; css=\u00bb.vc_custom_1506358196464{padding-top: 5% !important;padding-bottom: 5% !important;}\u00bb][vc_single_image image=\u00bb323&#8243; img_size=\u00bb80&#215;80&#8243; alignment=\u00bbcenter\u00bb][vc_column_text disable_pattern=\u00bbfalse\u00bb align=\u00bbcenter\u00bb css=\u00bb.vc_custom_1505038115881{margin-bottom: 25px !important;}\u00bb]\n<h6>Productos de encolado y lubricantes<\/h6>\n[\/vc_column_text][vc_separator color=\u00bbcustom\u00bb el_width=\u00bb30&#8243; accent_color=\u00bb#d0382a\u00bb][vc_column_text disable_pattern=\u00bbfalse\u00bb align=\u00bbcenter\u00bb css=\u00bb.vc_custom_1505038125519{margin-bottom: 0px !important;}\u00bb]\n<p class=\"western\"><span style=\"font-family: Helvetica, serif;\"><span lang=\"es-ES\">Adhesivo en tubo, en cartucho, productos desengrasantes, limpiadores, productos de impermeabilidad&#8230;<\/span><\/span><\/p>\n[\/vc_column_text][\/vc_column][vc_column width=\u00bb1\/4&#8243; css=\u00bb.vc_custom_1506358190496{padding-top: 5% !important;padding-bottom: 5% !important;}\u00bb][vc_single_image image=\u00bb350&#8243; img_size=\u00bb80&#215;80&#8243; alignment=\u00bbcenter\u00bb][vc_column_text disable_pattern=\u00bbfalse\u00bb align=\u00bbcenter\u00bb css=\u00bb.vc_custom_1505038142557{margin-bottom: 25px !important;}\u00bb]\n<h6>M\u00e1quinas giratorias<\/h6>\n[\/vc_column_text][vc_separator color=\u00bbcustom\u00bb el_width=\u00bb30&#8243; accent_color=\u00bb#d0382a\u00bb][vc_column_text disable_pattern=\u00bbfalse\u00bb align=\u00bbcenter\u00bb css=\u00bb.vc_custom_1505038152628{margin-bottom: 0px !important;}\u00bb]\n<p class=\"western\"><span style=\"font-family: Helvetica, serif;\"><span lang=\"pt-BR\">Motores simples o acoplados, skid de bombeo, grupos electr\u00f3genos, motores marinos e industriales, grupos hidr\u00e1ulicos&#8230; <\/span><\/span><\/p>\n[\/vc_column_text][\/vc_column][vc_column width=\u00bb1\/4&#8243; css=\u00bb.vc_custom_1506358179512{padding-top: 5% !important;padding-bottom: 5% !important;}\u00bb][vc_single_image image=\u00bb334&#8243; img_size=\u00bb80&#215;80&#8243; alignment=\u00bbcenter\u00bb][vc_column_text align=\u00bbcenter\u00bb css=\u00bb.vc_custom_1505038167681{margin-bottom: 25px !important;}\u00bb]\n<h6>Transmisi\u00f3n mec\u00e1nica<\/h6>\n[\/vc_column_text][vc_separator color=\u00bbcustom\u00bb el_width=\u00bb30&#8243; accent_color=\u00bb#d0382a\u00bb][vc_column_text disable_pattern=\u00bbfalse\u00bb align=\u00bbcenter\u00bb css=\u00bb.vc_custom_1505038181699{margin-bottom: 0px !important;}\u00bb]Rodamientos, correas, poleas, acoplamientos, cadenas, cardanes, reductores&#8230;[\/vc_column_text][\/vc_column][\/vc_row][vc_row fullwidth=\u00bbtrue\u00bb id=\u00bbhistorique\u00bb][vc_column][vc_column_text el_class=\u00bbtitres-qui\u00bb css=\u00bb.vc_custom_1505038195867{margin-bottom: 0px !important;}\u00bb]\n<h2>Principales marcas colaboradoras:<\/h2>\n[\/vc_column_text][vc_separator color=\u00bbcustom\u00bb align=\u00bbalign_left\u00bb border_width=\u00bb5&#8243; accent_color=\u00bb#d0382a\u00bb el_class=\u00bbpartenaire\u00bb][\/vc_column][\/vc_row][vc_row id=\u00bbhistorique\u00bb][vc_column css=\u00bb.vc_custom_1499274240066{padding-top: 4% !important;padding-bottom: 8% !important;}\u00bb][vc_column_text css=\u00bb.vc_custom_1505038209894{margin-bottom: 0px !important;}\u00bb]Podemos suministrar otras grandes marcas, <a href=\"http:\/\/www.distribution.fluides-service.com\/es\/contacto\/\">no dude en solicitar <\/a> m\u00e1s informaci\u00f3n.[\/vc_column_text][mk_clients style=\u00bbcolumn\u00bb column=\u00bb6&#8243; count=\u00bb-1&#8243; orderby=\u00bbtitle\u00bb height=\u00bb100&#8243; autoplay=\u00bbfalse\u00bb margin_bottom=\u00bb\u00bb clients=\u00bb4876, 4508, 4981, 4665, 4730, 4544, 4630, 4790, 4951, 4518, 4921, 5006, 4886, 4755, 4695, 4534, 4996, 4760, 4503, 4609, 4594, 4956, 4775, 4725, 6505, 6604&#8243;][\/vc_column][\/vc_row]\n","protected":false},"excerpt":{"rendered":"<p>[mk_page_section bg_image=\u00bbhttps:\/\/www.distribution.fluides-service.com\/wp-content\/uploads\/2017\/06\/3-image-1.jpg\u00bb bg_position=\u00bbcenter center\u00bb bg_repeat=\u00bbno-repeat\u00bb bg_stretch=\u00bbtrue\u00bb video_loop=\u00bbfalse\u00bb full_height=\u00bbtrue\u00bb padding_top=\u00bb\u00bb padding_bottom=\u00bb\u00bb skip_arrow=\u00bbtrue\u00bb sidebar=\u00bbsidebar-1&#8243;][vc_column css=\u00bb.vc_custom_1499272999294{padding-top: 20% !important;}\u00bb][vc_column_text disable_pattern=\u00bbfalse\u00bb css=\u00bb.vc_custom_1562068094415{margin-bottom: 0px !important;}\u00bb] Suministro industrial &nbsp; Almacenamiento de 30 millones de euros con m\u00e1s de 100.000 referencias disponibles [\/vc_column_text][vc_column_text disable_pattern=\u00bbfalse\u00bb css=\u00bb.vc_custom_1562068094415{margin-bottom: 0px !important;}\u00bb] Suministro industrial &nbsp; Almacenamiento de 30 millones de euros con m\u00e1s de 100.000 referencias disponibles [\/vc_column_text][\/vc_column][\/mk_page_section][vc_row [&hellip;]<\/p>\n","protected":false},"author":1,"featured_media":2474,"parent":3739,"menu_order":0,"comment_status":"closed","ping_status":"closed","template":"","meta":{"footnotes":""},"_links":{"self":[{"href":"https:\/\/www.distribution.fluides-service.com\/es\/wp-json\/wp\/v2\/pages\/3723"}],"collection":[{"href":"https:\/\/www.distribution.fluides-service.com\/es\/wp-json\/wp\/v2\/pages"}],"about":[{"href":"https:\/\/www.distribution.fluides-service.com\/es\/wp-json\/wp\/v2\/types\/page"}],"author":[{"embeddable":true,"href":"https:\/\/www.distribution.fluides-service.com\/es\/wp-json\/wp\/v2\/users\/1"}],"replies":[{"embeddable":true,"href":"https:\/\/www.distribution.fluides-service.com\/es\/wp-json\/wp\/v2\/comments?post=3723"}],"version-history":[{"count":8,"href":"https:\/\/www.distribution.fluides-service.com\/es\/wp-json\/wp\/v2\/pages\/3723\/revisions"}],"predecessor-version":[{"id":6607,"href":"https:\/\/www.distribution.fluides-service.com\/es\/wp-json\/wp\/v2\/pages\/3723\/revisions\/6607"}],"up":[{"embeddable":true,"href":"https:\/\/www.distribution.fluides-service.com\/es\/wp-json\/wp\/v2\/pages\/3739"}],"wp:featuredmedia":[{"embeddable":true,"href":"https:\/\/www.distribution.fluides-service.com\/es\/wp-json\/wp\/v2\/media\/2474"}],"wp:attachment":[{"href":"https:\/\/www.distribution.fluides-service.com\/es\/wp-json\/wp\/v2\/media?parent=3723"}],"curies":[{"name":"wp","href":"https:\/\/api.w.org\/{rel}","templated":true}]}}