{"id":3709,"date":"2017-09-10T11:52:29","date_gmt":"2017-09-10T09:52:29","guid":{"rendered":"http:\/\/www.distribution.fluides-service.com\/productos-servicios-petroleo-y-gas\/"},"modified":"2019-07-02T14:43:12","modified_gmt":"2019-07-02T12:43:12","slug":"productos-servicios-petroleo-y-gas","status":"publish","type":"page","link":"https:\/\/www.distribution.fluides-service.com\/es\/nuestros-productos\/productos-servicios-petroleo-y-gas\/","title":{"rendered":"Productos \/ Servicios  Petr\u00f3leo y Gas"},"content":{"rendered":"[mk_page_section bg_image=\u00bbhttps:\/\/www.distribution.fluides-service.com\/wp-content\/uploads\/2017\/06\/image-pour-produits-oilgas-fluides-services.jpg\u00bb bg_position=\u00bbcenter bottom\u00bb bg_repeat=\u00bbno-repeat\u00bb bg_stretch=\u00bbtrue\u00bb video_loop=\u00bbfalse\u00bb full_height=\u00bbtrue\u00bb padding_top=\u00bb\u00bb padding_bottom=\u00bb\u00bb skip_arrow=\u00bbtrue\u00bb sidebar=\u00bbsidebar-1&#8243;][vc_column css=\u00bb.vc_custom_1499272999294{padding-top: 20% !important;}\u00bb][vc_column_text disable_pattern=\u00bbfalse\u00bb css=\u00bb.vc_custom_1562071297618{margin-bottom: 0px !important;}\u00bb]\n<h2><img decoding=\"async\" loading=\"lazy\" class=\"opaque alignnone\" src=\"https:\/\/www.distribution.fluides-service.com\/wp-content\/uploads\/2017\/06\/produits-fluides-services-distribution.png\" alt=\"\" width=\"110\" height=\"110\" \/><\/h2>\n<p>&nbsp;<\/p>\n<h2><span style=\"background-color: rgba(255, 255, 255, 0.6);\">Productos \/ Servicios<br \/>\nPetr\u00f3leo y Gas <\/span><\/h2>\n<p>&nbsp;<\/p>\n<h3><span style=\"background-color: rgba(255, 255, 255, 0.6);\">Nuestra hist\u00f3rica competencia conforme a las normas y especificaciones petroleras. <\/span><\/h3>\n[\/vc_column_text][\/vc_column][\/mk_page_section][vc_row][vc_column width=\u00bb1\/4&#8243; css=\u00bb.vc_custom_1506443035604{padding-top: 5% !important;padding-bottom: 5% !important;}\u00bb][vc_single_image image=\u00bb329&#8243; img_size=\u00bb80&#215;80&#8243; alignment=\u00bbcenter\u00bb][vc_column_text align=\u00bbcenter\u00bb css=\u00bb.vc_custom_1505037258232{margin-bottom: 0px !important;}\u00bb]\n<h6>Equipo<\/h6>\n[\/vc_column_text][vc_separator color=\u00bbcustom\u00bb el_width=\u00bb30&#8243; accent_color=\u00bb#d0382a\u00bb][vc_column_text align=\u00bbcenter\u00bb css=\u00bb.vc_custom_1505037270300{margin-bottom: 0px !important;}\u00bb]\n<p class=\"western\"><span style=\"font-family: Helvetica, serif;\"><span lang=\"es-ES\">Las m\u00e1s importantes marcas de equipo especializadas en el sector del petr\u00f3leo y el gas (herramientas, sondas, analizadores, manifolds, tubing&#8230;) <\/span><\/span><\/p>\n<p class=\"western\"><span style=\"font-family: Helvetica, serif;\"><span lang=\"es-ES\">Entregados con certificados.<\/span><\/span><\/p>\n[\/vc_column_text][\/vc_column][vc_column width=\u00bb1\/4&#8243; css=\u00bb.vc_custom_1506443028810{padding-top: 5% !important;padding-bottom: 5% !important;}\u00bb][vc_single_image image=\u00bb331&#8243; img_size=\u00bb80&#215;80&#8243; alignment=\u00bbcenter\u00bb][vc_column_text disable_pattern=\u00bbfalse\u00bb align=\u00bbcenter\u00bb css=\u00bb.vc_custom_1505037289725{margin-bottom: 0px !important;}\u00bb]\n<h6>Grifer\u00eda<\/h6>\n[\/vc_column_text][vc_separator color=\u00bbcustom\u00bb el_width=\u00bb30&#8243; accent_color=\u00bb#d0382a\u00bb][vc_column_text disable_pattern=\u00bbfalse\u00bb align=\u00bbcenter\u00bb css=\u00bb.vc_custom_1505037299996{margin-bottom: 0px !important;}\u00bb]\n<p class=\"western\"><span style=\"font-family: Helvetica, serif;\"><span lang=\"es-ES\">Desde v\u00e1lvulas de herramientas hasta v\u00e1lvulas de tuber\u00eda. Desde v\u00e1lvulas manuales hasta v\u00e1lvulas neum\u00e1ticas o el\u00e9ctricas. Seg\u00fan especificaciones, con certificados e inspecci\u00f3n&#8230;<\/span><\/span><\/p>\n[\/vc_column_text][\/vc_column][vc_column width=\u00bb1\/4&#8243; css=\u00bb.vc_custom_1506443022885{padding-top: 5% !important;padding-bottom: 5% !important;}\u00bb][vc_single_image image=\u00bb350&#8243; img_size=\u00bb80&#215;80&#8243; alignment=\u00bbcenter\u00bb][vc_column_text disable_pattern=\u00bbfalse\u00bb align=\u00bbcenter\u00bb css=\u00bb.vc_custom_1505037316695{margin-bottom: 0px !important;}\u00bb]\n<h6>M\u00e1quinas giratorias<\/h6>\n[\/vc_column_text][vc_separator color=\u00bbcustom\u00bb el_width=\u00bb30&#8243; accent_color=\u00bb#d0382a\u00bb][vc_column_text disable_pattern=\u00bbfalse\u00bb align=\u00bbcenter\u00bb css=\u00bb.vc_custom_1505037332588{margin-bottom: 0px !important;}\u00bb]\n<p class=\"western\"><span style=\"font-family: Helvetica, serif;\"><span lang=\"pt-BR\">Motores simples o acoplados, skid de bombeo, grupos electr\u00f3genos, motores marinos e industriales, grupos hidr\u00e1ulicos&#8230; <\/span><\/span><\/p>\n[\/vc_column_text][\/vc_column][vc_column width=\u00bb1\/4&#8243; css=\u00bb.vc_custom_1506443016341{padding-top: 5% !important;padding-bottom: 5% !important;}\u00bb][vc_single_image image=\u00bb503&#8243; img_size=\u00bb80&#215;80&#8243; alignment=\u00bbcenter\u00bb][vc_column_text disable_pattern=\u00bbfalse\u00bb align=\u00bbcenter\u00bb css=\u00bb.vc_custom_1506446533542{margin-bottom: 0px !important;}\u00bb]\n<h6>Conexiones<\/h6>\n[\/vc_column_text][vc_separator color=\u00bbcustom\u00bb el_width=\u00bb30&#8243; accent_color=\u00bb#d0382a\u00bb][vc_column_text disable_pattern=\u00bbfalse\u00bb align=\u00bbcenter\u00bb css=\u00bb.vc_custom_1505037662151{margin-bottom: 0px !important;}\u00bb]\n<p class=\"western\"><span style=\"font-family: Helvetica, serif;\"><span lang=\"es-ES\">Bridas, piping, DBB, SBB, empalmes, de retenci\u00f3n, juntas&#8230;<\/span><\/span><\/p>\n<p class=\"western\"><span style=\"font-family: Helvetica, serif;\"><span lang=\"es-ES\">Con o sin pintura o tratamiento de superficie. Con certificados. Ensambladas, premontadas, comprobadas hidrogr\u00e1ficamente&#8230;<\/span><\/span><\/p>\n[\/vc_column_text][\/vc_column][\/vc_row][vc_row][vc_column width=\u00bb1\/4&#8243; css=\u00bb.vc_custom_1506443035604{padding-top: 5% !important;padding-bottom: 5% !important;}\u00bb][vc_single_image image=\u00bb349&#8243; img_size=\u00bb80&#215;80&#8243; alignment=\u00bbcenter\u00bb][vc_column_text align=\u00bbcenter\u00bb css=\u00bb.vc_custom_1505037532436{margin-bottom: 0px !important;}\u00bb]\n<h6>Elevaci\u00f3n offshore<\/h6>\n[\/vc_column_text][vc_separator color=\u00bbcustom\u00bb el_width=\u00bb30&#8243; accent_color=\u00bb#d0382a\u00bb][vc_column_text align=\u00bbcenter\u00bb css=\u00bb.vc_custom_1505037644946{margin-bottom: 0px !important;}\u00bb]\n<p class=\"western\"><span style=\"font-family: Helvetica, serif;\"><span lang=\"es-ES\">Productos de elevaci\u00f3n eficaces y adaptados a sus necesidades (offshore, inspecci\u00f3n tercera parte&#8230;). <\/span><\/span><\/p>\n<p class=\"western\"><span style=\"font-family: Helvetica, serif;\"><span lang=\"es-ES\">Componentes unitarios o conjuntos montados y certificados&#8230;<\/span><\/span><\/p>\n[\/vc_column_text][\/vc_column][vc_column width=\u00bb1\/4&#8243; css=\u00bb.vc_custom_1506443028810{padding-top: 5% !important;padding-bottom: 5% !important;}\u00bb][vc_single_image image=\u00bb527&#8243; img_size=\u00bb80&#215;80&#8243; alignment=\u00bbcenter\u00bb][vc_column_text align=\u00bbcenter\u00bb css=\u00bb.vc_custom_1505037561804{margin-bottom: 0px !important;}\u00bb]\n<h6>Material ign\u00edfugo<\/h6>\n[\/vc_column_text][vc_separator color=\u00bbcustom\u00bb el_width=\u00bb30&#8243; accent_color=\u00bb#d0382a\u00bb][vc_column_text disable_pattern=\u00bbfalse\u00bb align=\u00bbcenter\u00bb css=\u00bb.vc_custom_1505037633987{margin-bottom: 0px !important;}\u00bb]\n<p class=\"western\"><span style=\"font-family: Helvetica, serif;\"><span lang=\"es-ES\">Material seguro y adaptado a las distintas zonas ATEX: nuestra actividad principal desde hace m\u00e1s de 40 a\u00f1os.<\/span><\/span><\/p>\n[\/vc_column_text][\/vc_column][vc_column width=\u00bb1\/4&#8243; css=\u00bb.vc_custom_1506443022885{padding-top: 5% !important;padding-bottom: 5% !important;}\u00bb][vc_single_image image=\u00bb501&#8243; img_size=\u00bb80&#215;80&#8243; alignment=\u00bbcenter\u00bb][vc_column_text align=\u00bbcenter\u00bb css=\u00bb.vc_custom_1505037603521{margin-bottom: 0px !important;}\u00bb]\n<h6>Equipos especiales<\/h6>\n[\/vc_column_text][vc_separator color=\u00bbcustom\u00bb el_width=\u00bb30&#8243; accent_color=\u00bb#d0382a\u00bb][vc_column_text disable_pattern=\u00bbfalse\u00bb align=\u00bbcenter\u00bb css=\u00bb.vc_custom_1505037623200{margin-bottom: 0px !important;}\u00bb]\n<p class=\"western\"><span style=\"font-family: Helvetica, serif;\"><span lang=\"es-ES\">Todo tipo de soluciones para piezas obsoletas, sustituciones, alargamientos de la duraci\u00f3n, normas espec\u00edficas, fabricaci\u00f3n de piezas sobre plano&#8230;<\/span><\/span><\/p>\n[\/vc_column_text][\/vc_column][vc_column width=\u00bb1\/4&#8243; css=\u00bb.vc_custom_1506443016341{padding-top: 5% !important;padding-bottom: 5% !important;}\u00bb][vc_single_image image=\u00bb500&#8243; img_size=\u00bb80&#215;80&#8243; alignment=\u00bbcenter\u00bb][vc_column_text align=\u00bbcenter\u00bb css=\u00bb.vc_custom_1506446515167{margin-bottom: 0px !important;}\u00bb]\n<h6>Gesti\u00f3n de proyecto<\/h6>\n[\/vc_column_text][vc_separator color=\u00bbcustom\u00bb el_width=\u00bb30&#8243; accent_color=\u00bb#d0382a\u00bb][vc_column_text disable_pattern=\u00bbfalse\u00bb align=\u00bbcenter\u00bb css=\u00bb.vc_custom_1505037686531{margin-bottom: 0px !important;}\u00bb]\n<p class=\"western\"><span style=\"font-family: Helvetica, serif;\"><span lang=\"es-ES\">Consideraci\u00f3n personalizada de las condiciones de sus proyectos: proyecto nuevo o revamping, seg\u00fan especificaciones, gesti\u00f3n de normas, con inspecci\u00f3n tercera parte (BV marino, DNV, ABS&#8230;)<\/span><\/span><\/p>\n[\/vc_column_text][\/vc_column][\/vc_row][vc_row fullwidth=\u00bbtrue\u00bb id=\u00bbhistorique\u00bb][vc_column][vc_column_text el_class=\u00bbtitres-qui\u00bb css=\u00bb.vc_custom_1505037716119{margin-bottom: 0px !important;}\u00bb]\n<h2>Principales marcas colaboradoras:<\/h2>\n[\/vc_column_text][vc_separator color=\u00bbcustom\u00bb align=\u00bbalign_left\u00bb border_width=\u00bb5&#8243; el_width=\u00bb20&#8243; accent_color=\u00bb#d0382a\u00bb el_class=\u00bbpartenaire\u00bb][\/vc_column][\/vc_row][vc_row id=\u00bbhistorique\u00bb][vc_column css=\u00bb.vc_custom_1499274240066{padding-top: 4% !important;padding-bottom: 8% !important;}\u00bb][vc_column_text css=\u00bb.vc_custom_1505037730358{margin-bottom: 0px !important;}\u00bb]Podemos suministrar otras grandes marcas, <a href=\"http:\/\/www.distribution.fluides-service.com\/es\/contacto\/\">no dude en solicitar <\/a> m\u00e1s informaci\u00f3n.[\/vc_column_text][mk_clients style=\u00bbcolumn\u00bb column=\u00bb6&#8243; count=\u00bb-1&#8243; orderby=\u00bbtitle\u00bb height=\u00bb100&#8243; autoplay=\u00bbfalse\u00bb margin_bottom=\u00bb\u00bb clients=\u00bb4891, 4579, 4645, 5001, 4630, 4870, 4800, 4780, 4850, 4503, 4996, 4554, 4855, 4614, 4690, 4574, 4901, 4498, 4700, 4795, 4619, 4559, 4976, 4971&#8243;][\/vc_column][\/vc_row]\n","protected":false},"excerpt":{"rendered":"<p>[mk_page_section bg_image=\u00bbhttps:\/\/www.distribution.fluides-service.com\/wp-content\/uploads\/2017\/06\/image-pour-produits-oilgas-fluides-services.jpg\u00bb bg_position=\u00bbcenter bottom\u00bb bg_repeat=\u00bbno-repeat\u00bb bg_stretch=\u00bbtrue\u00bb video_loop=\u00bbfalse\u00bb full_height=\u00bbtrue\u00bb padding_top=\u00bb\u00bb padding_bottom=\u00bb\u00bb skip_arrow=\u00bbtrue\u00bb sidebar=\u00bbsidebar-1&#8243;][vc_column css=\u00bb.vc_custom_1499272999294{padding-top: 20% !important;}\u00bb][vc_column_text disable_pattern=\u00bbfalse\u00bb css=\u00bb.vc_custom_1562071297618{margin-bottom: 0px !important;}\u00bb] &nbsp; Productos \/ Servicios Petr\u00f3leo y Gas &nbsp; Nuestra hist\u00f3rica competencia conforme a las normas y especificaciones petroleras. [\/vc_column_text][\/vc_column][\/mk_page_section][vc_row][vc_column width=\u00bb1\/4&#8243; css=\u00bb.vc_custom_1506443035604{padding-top: 5% !important;padding-bottom: 5% !important;}\u00bb][vc_single_image image=\u00bb329&#8243; img_size=\u00bb80&#215;80&#8243; alignment=\u00bbcenter\u00bb][vc_column_text align=\u00bbcenter\u00bb css=\u00bb.vc_custom_1505037258232{margin-bottom: 0px !important;}\u00bb] Equipo [\/vc_column_text][vc_separator color=\u00bbcustom\u00bb el_width=\u00bb30&#8243; [&hellip;]<\/p>\n","protected":false},"author":1,"featured_media":6087,"parent":3739,"menu_order":0,"comment_status":"closed","ping_status":"closed","template":"","meta":{"footnotes":""},"_links":{"self":[{"href":"https:\/\/www.distribution.fluides-service.com\/es\/wp-json\/wp\/v2\/pages\/3709"}],"collection":[{"href":"https:\/\/www.distribution.fluides-service.com\/es\/wp-json\/wp\/v2\/pages"}],"about":[{"href":"https:\/\/www.distribution.fluides-service.com\/es\/wp-json\/wp\/v2\/types\/page"}],"author":[{"embeddable":true,"href":"https:\/\/www.distribution.fluides-service.com\/es\/wp-json\/wp\/v2\/users\/1"}],"replies":[{"embeddable":true,"href":"https:\/\/www.distribution.fluides-service.com\/es\/wp-json\/wp\/v2\/comments?post=3709"}],"version-history":[{"count":2,"href":"https:\/\/www.distribution.fluides-service.com\/es\/wp-json\/wp\/v2\/pages\/3709\/revisions"}],"predecessor-version":[{"id":6340,"href":"https:\/\/www.distribution.fluides-service.com\/es\/wp-json\/wp\/v2\/pages\/3709\/revisions\/6340"}],"up":[{"embeddable":true,"href":"https:\/\/www.distribution.fluides-service.com\/es\/wp-json\/wp\/v2\/pages\/3739"}],"wp:featuredmedia":[{"embeddable":true,"href":"https:\/\/www.distribution.fluides-service.com\/es\/wp-json\/wp\/v2\/media\/6087"}],"wp:attachment":[{"href":"https:\/\/www.distribution.fluides-service.com\/es\/wp-json\/wp\/v2\/media?parent=3709"}],"curies":[{"name":"wp","href":"https:\/\/api.w.org\/{rel}","templated":true}]}}