{"id":3695,"date":"2017-09-10T11:41:21","date_gmt":"2017-09-10T09:41:21","guid":{"rendered":"http:\/\/www.distribution.fluides-service.com\/equipo-medicion\/"},"modified":"2019-07-02T14:29:26","modified_gmt":"2019-07-02T12:29:26","slug":"equipo-medicion","status":"publish","type":"page","link":"https:\/\/www.distribution.fluides-service.com\/es\/nuestros-productos\/equipo-medicion\/","title":{"rendered":"Equipo \/ Medici\u00f3n"},"content":{"rendered":"[mk_page_section bg_image=\u00bbhttps:\/\/www.distribution.fluides-service.com\/wp-content\/uploads\/2017\/06\/image-produits-instrumentation-fluides-services.jpg\u00bb bg_position=\u00bbcenter center\u00bb bg_repeat=\u00bbno-repeat\u00bb bg_stretch=\u00bbtrue\u00bb video_loop=\u00bbfalse\u00bb full_height=\u00bbtrue\u00bb padding_top=\u00bb\u00bb padding_bottom=\u00bb\u00bb skip_arrow=\u00bbtrue\u00bb sidebar=\u00bbsidebar-1&#8243;][vc_column css=\u00bb.vc_custom_1499272999294{padding-top: 20% !important;}\u00bb][vc_column_text disable_pattern=\u00bbfalse\u00bb css=\u00bb.vc_custom_1562070496364{margin-bottom: 0px !important;}\u00bb]<img decoding=\"async\" loading=\"lazy\" class=\"opaque alignnone wp-image-159 size-full\" src=\"https:\/\/www.distribution.fluides-service.com\/wp-content\/uploads\/2017\/06\/instrumentation-fluides-services-distribution.png\" alt=\"\" width=\"110\" height=\"110\" srcset=\"https:\/\/www.distribution.fluides-service.com\/wp-content\/uploads\/2017\/06\/instrumentation-fluides-services-distribution.png 110w, https:\/\/www.distribution.fluides-service.com\/wp-content\/uploads\/2017\/06\/instrumentation-fluides-services-distribution-300x300.png 300w\" sizes=\"(max-width: 110px) 100vw, 110px\" \/><\/p>\n<h2><span style=\"background-color: rgba(255, 255, 255, 0.6); padding-bottom: 5px;\">Equipo \/ Medici\u00f3n<\/span><\/h2>\n<p>&nbsp;<\/p>\n<h3><span style=\"background-color: rgba(255, 255, 255, 0.6);\">Reconocidos fabricantes para las tecnolog\u00edas controladas<\/span><\/h3>\n[\/vc_column_text][\/vc_column][\/mk_page_section][vc_row][vc_column width=\u00bb1\/4&#8243; css=\u00bb.vc_custom_1506443035604{padding-top: 5% !important;padding-bottom: 5% !important;}\u00bb][vc_single_image image=\u00bb329&#8243; img_size=\u00bb80&#215;80&#8243; alignment=\u00bbcenter\u00bb][vc_column_text align=\u00bbcenter\u00bb css=\u00bb.vc_custom_1505036546782{margin-bottom: 0px !important;}\u00bb]\n<h6>Equipo<\/h6>\n[\/vc_column_text][vc_separator color=\u00bbcustom\u00bb el_width=\u00bb30&#8243; accent_color=\u00bb#d0382a\u00bb][vc_column_text align=\u00bbcenter\u00bb css=\u00bb.vc_custom_1505036556934{margin-bottom: 0px !important;}\u00bb]\n<p class=\"western\"><span style=\"font-family: Helvetica, serif;\"><span lang=\"es-ES\">Instrumentos de medici\u00f3n, transmisores, sondas, medidores, analizadores, indicadores de nivel. Tubing, fitting, manifold, caja de paso, cable, red de cableado&#8230;<\/span><\/span><\/p>\n[\/vc_column_text][\/vc_column][vc_column width=\u00bb1\/4&#8243; css=\u00bb.vc_custom_1506443028810{padding-top: 5% !important;padding-bottom: 5% !important;}\u00bb][vc_single_image image=\u00bb529&#8243; img_size=\u00bb80&#215;80&#8243; alignment=\u00bbcenter\u00bb][vc_column_text disable_pattern=\u00bbfalse\u00bb align=\u00bbcenter\u00bb css=\u00bb.vc_custom_1505036571901{margin-bottom: 0px !important;}\u00bb]\n<h6>Herramienta de medici\u00f3n mec\u00e1nica<\/h6>\n[\/vc_column_text][vc_separator color=\u00bbcustom\u00bb el_width=\u00bb30&#8243; accent_color=\u00bb#d0382a\u00bb][vc_column_text disable_pattern=\u00bbfalse\u00bb align=\u00bbcenter\u00bb css=\u00bb.vc_custom_1505036585484{margin-bottom: 0px !important;}\u00bb]\n<p class=\"western\"><span style=\"font-family: Helvetica, serif;\"><span lang=\"es-ES\">Instrumentos de controles en taller&#8230;<\/span><\/span><\/p>\n[\/vc_column_text][\/vc_column][vc_column width=\u00bb1\/4&#8243; css=\u00bb.vc_custom_1506443022885{padding-top: 5% !important;padding-bottom: 5% !important;}\u00bb][vc_single_image image=\u00bb531&#8243; img_size=\u00bb80&#215;80&#8243; alignment=\u00bbcenter\u00bb][vc_column_text disable_pattern=\u00bbfalse\u00bb align=\u00bbcenter\u00bb css=\u00bb.vc_custom_1505036601781{margin-bottom: 0px !important;}\u00bb]\n<h6>Tubing<\/h6>\n[\/vc_column_text][vc_separator color=\u00bbcustom\u00bb el_width=\u00bb30&#8243; accent_color=\u00bb#d0382a\u00bb][vc_column_text disable_pattern=\u00bbfalse\u00bb align=\u00bbcenter\u00bb css=\u00bb.vc_custom_1505036612030{margin-bottom: 0px !important;}\u00bb]\n<p class=\"western\"><span style=\"font-family: Helvetica, serif;\"><span lang=\"es-ES\">Equipo de tubing, en acero inoxidable 316 hasta en s\u00faper d\u00faplex. Certificados y posibles inspecciones&#8230;<\/span><\/span><\/p>\n[\/vc_column_text][\/vc_column][vc_column width=\u00bb1\/4&#8243; css=\u00bb.vc_custom_1506443016341{padding-top: 5% !important;padding-bottom: 5% !important;}\u00bb][vc_single_image image=\u00bb530&#8243; img_size=\u00bb80&#215;80&#8243; alignment=\u00bbcenter\u00bb][vc_column_text disable_pattern=\u00bbfalse\u00bb align=\u00bbcenter\u00bb css=\u00bb.vc_custom_1506445792532{margin-bottom: 0px !important;}\u00bb]\n<h6>Fittings<\/h6>\n[\/vc_column_text][vc_separator color=\u00bbcustom\u00bb el_width=\u00bb30&#8243; accent_color=\u00bb#d0382a\u00bb][vc_column_text disable_pattern=\u00bbfalse\u00bb align=\u00bbcenter\u00bb css=\u00bb.vc_custom_1505036639059{margin-bottom: 0px !important;}\u00bb]\n<p class=\"western\"><span style=\"font-family: Helvetica, serif;\"><span lang=\"es-ES\">Empalmes y adaptadores simples o de doble anillo, empalmes r\u00e1pidos, empalmes para soldar, empalmes de alta pureza, empalmes de alta resistencia, accesorios&#8230; <\/span><\/span><\/p>\n[\/vc_column_text][\/vc_column][\/vc_row][vc_row][vc_column width=\u00bb1\/4&#8243; css=\u00bb.vc_custom_1506443035604{padding-top: 5% !important;padding-bottom: 5% !important;}\u00bb][vc_single_image image=\u00bb532&#8243; img_size=\u00bb80&#215;80&#8243; alignment=\u00bbcenter\u00bb][vc_column_text align=\u00bbcenter\u00bb css=\u00bb.vc_custom_1505036662431{margin-bottom: 0px !important;}\u00bb]\n<h6>Manifolds<\/h6>\n[\/vc_column_text][vc_separator color=\u00bbcustom\u00bb el_width=\u00bb30&#8243; accent_color=\u00bb#d0382a\u00bb][vc_column_text align=\u00bbcenter\u00bb css=\u00bb.vc_custom_1505036674103{margin-bottom: 0px !important;}\u00bb]\n<p class=\"western\"><span style=\"font-family: Helvetica, serif;\"><span lang=\"es-ES\">Manifolds de conexiones: desde la v\u00e1lvula simple de aguja hasta la double block and bleed (DBB), seg\u00fan especificaciones <\/span><\/span><\/p>\n[\/vc_column_text][\/vc_column][vc_column width=\u00bb1\/4&#8243; css=\u00bb.vc_custom_1506443028810{padding-top: 5% !important;padding-bottom: 5% !important;}\u00bb][vc_single_image image=\u00bb487&#8243; img_size=\u00bb80&#215;80&#8243; alignment=\u00bbcenter\u00bb][vc_column_text align=\u00bbcenter\u00bb css=\u00bb.vc_custom_1505036694333{margin-bottom: 0px !important;}\u00bb]\n<h6>Red de cableado<\/h6>\n[\/vc_column_text][vc_separator color=\u00bbcustom\u00bb el_width=\u00bb30&#8243; accent_color=\u00bb#d0382a\u00bb][vc_column_text disable_pattern=\u00bbfalse\u00bb align=\u00bbcenter\u00bb css=\u00bb.vc_custom_1505036709164{margin-bottom: 0px !important;}\u00bb]Todo lo necesario para asegurar sus instalaciones de cables en el medio industrial. [\/vc_column_text][\/vc_column][vc_column width=\u00bb1\/4&#8243; css=\u00bb.vc_custom_1506443022885{padding-top: 5% !important;padding-bottom: 5% !important;}\u00bb][vc_single_image image=\u00bb486&#8243; img_size=\u00bb80&#215;80&#8243; alignment=\u00bbcenter\u00bb][vc_column_text align=\u00bbcenter\u00bb css=\u00bb.vc_custom_1505036729217{margin-bottom: 0px !important;}\u00bb]\n<h6>Cables el\u00e9ctricos<\/h6>\n[\/vc_column_text][vc_separator color=\u00bbcustom\u00bb el_width=\u00bb30&#8243; accent_color=\u00bb#d0382a\u00bb][vc_column_text disable_pattern=\u00bbfalse\u00bb align=\u00bbcenter\u00bb css=\u00bb.vc_custom_1505036741109{margin-bottom: 0px !important;}\u00bb]\n<p class=\"western\"><span style=\"font-family: Helvetica, serif;\"><span lang=\"es-ES\">Desde un cable est\u00e1ndar a un cable espec\u00edfico, seg\u00fan sus necesidades. Con o sin certificaci\u00f3n, con o sin ensayos de conformidad. <\/span><\/span><\/p>\n[\/vc_column_text][\/vc_column][vc_column width=\u00bb1\/4&#8243; css=\u00bb.vc_custom_1506443016341{padding-top: 5% !important;padding-bottom: 5% !important;}\u00bb][vc_single_image image=\u00bb485&#8243; img_size=\u00bb80&#215;80&#8243; alignment=\u00bbcenter\u00bb][vc_column_text align=\u00bbcenter\u00bb css=\u00bb.vc_custom_1506445774956{margin-bottom: 0px !important;}\u00bb]\n<h6>Caja de paso<\/h6>\n[\/vc_column_text][vc_separator color=\u00bbcustom\u00bb el_width=\u00bb30&#8243; accent_color=\u00bb#d0382a\u00bb][vc_column_text disable_pattern=\u00bbfalse\u00bb align=\u00bbcenter\u00bb css=\u00bb.vc_custom_1505036765737{margin-bottom: 0px !important;}\u00bb]\n<p class=\"western\"><span style=\"font-family: Helvetica, serif;\"><span lang=\"es-ES\">Todos los elementos de conexi\u00f3n necesarios para sus equipos, cajas, prensaestopas, bores y ra\u00edles, accesorios&#8230;<\/span><\/span><\/p>\n[\/vc_column_text][\/vc_column][\/vc_row][vc_row fullwidth=\u00bbtrue\u00bb id=\u00bbhistorique\u00bb][vc_column][vc_column_text el_class=\u00bbtitres-qui\u00bb css=\u00bb.vc_custom_1505036783772{margin-bottom: 0px !important;}\u00bb]\n<h2>Principales marcas colaboradoras:<\/h2>\n[\/vc_column_text][vc_separator color=\u00bbcustom\u00bb align=\u00bbalign_left\u00bb border_width=\u00bb5&#8243; el_width=\u00bb20&#8243; accent_color=\u00bb#d0382a\u00bb el_class=\u00bbpartenaire\u00bb][\/vc_column][\/vc_row][vc_row id=\u00bbhistorique\u00bb][vc_column css=\u00bb.vc_custom_1499274240066{padding-top: 4% !important;padding-bottom: 8% !important;}\u00bb][vc_column_text css=\u00bb.vc_custom_1505036797130{margin-bottom: 0px !important;}\u00bb]Podemos suministrar otras grandes marcas, <a href=\"http:\/\/www.distribution.fluides-service.com\/es\/contacto\/\">no dude en solicitar <\/a> m\u00e1s informaci\u00f3n.[\/vc_column_text][mk_clients style=\u00bbcolumn\u00bb column=\u00bb6&#8243; count=\u00bb-1&#8243; orderby=\u00bbtitle\u00bb height=\u00bb100&#8243; autoplay=\u00bbfalse\u00bb margin_bottom=\u00bb\u00bb clients=\u00bb4891, 4493, 4991, 4825, 5001, 5016, 4720, 4630, 4855, 4554, 4936, 4660, 4931, 4896, 4710, 4966, 4680, 4574, 4539, 4685, 4765, 4785, 4635, 4564&#8243;][\/vc_column][\/vc_row]\n","protected":false},"excerpt":{"rendered":"<p>[mk_page_section bg_image=\u00bbhttps:\/\/www.distribution.fluides-service.com\/wp-content\/uploads\/2017\/06\/image-produits-instrumentation-fluides-services.jpg\u00bb bg_position=\u00bbcenter center\u00bb bg_repeat=\u00bbno-repeat\u00bb bg_stretch=\u00bbtrue\u00bb video_loop=\u00bbfalse\u00bb full_height=\u00bbtrue\u00bb padding_top=\u00bb\u00bb padding_bottom=\u00bb\u00bb skip_arrow=\u00bbtrue\u00bb sidebar=\u00bbsidebar-1&#8243;][vc_column css=\u00bb.vc_custom_1499272999294{padding-top: 20% !important;}\u00bb][vc_column_text disable_pattern=\u00bbfalse\u00bb css=\u00bb.vc_custom_1562070496364{margin-bottom: 0px !important;}\u00bb] Equipo \/ Medici\u00f3n &nbsp; Reconocidos fabricantes para las tecnolog\u00edas controladas [\/vc_column_text][\/vc_column][\/mk_page_section][vc_row][vc_column width=\u00bb1\/4&#8243; css=\u00bb.vc_custom_1506443035604{padding-top: 5% !important;padding-bottom: 5% !important;}\u00bb][vc_single_image image=\u00bb329&#8243; img_size=\u00bb80&#215;80&#8243; alignment=\u00bbcenter\u00bb][vc_column_text align=\u00bbcenter\u00bb css=\u00bb.vc_custom_1505036546782{margin-bottom: 0px !important;}\u00bb] Equipo [\/vc_column_text][vc_separator color=\u00bbcustom\u00bb el_width=\u00bb30&#8243; accent_color=\u00bb#d0382a\u00bb][vc_column_text align=\u00bbcenter\u00bb css=\u00bb.vc_custom_1505036556934{margin-bottom: 0px !important;}\u00bb] Instrumentos de medici\u00f3n, [&hellip;]<\/p>\n","protected":false},"author":1,"featured_media":3114,"parent":3739,"menu_order":0,"comment_status":"closed","ping_status":"closed","template":"","meta":{"footnotes":""},"_links":{"self":[{"href":"https:\/\/www.distribution.fluides-service.com\/es\/wp-json\/wp\/v2\/pages\/3695"}],"collection":[{"href":"https:\/\/www.distribution.fluides-service.com\/es\/wp-json\/wp\/v2\/pages"}],"about":[{"href":"https:\/\/www.distribution.fluides-service.com\/es\/wp-json\/wp\/v2\/types\/page"}],"author":[{"embeddable":true,"href":"https:\/\/www.distribution.fluides-service.com\/es\/wp-json\/wp\/v2\/users\/1"}],"replies":[{"embeddable":true,"href":"https:\/\/www.distribution.fluides-service.com\/es\/wp-json\/wp\/v2\/comments?post=3695"}],"version-history":[{"count":2,"href":"https:\/\/www.distribution.fluides-service.com\/es\/wp-json\/wp\/v2\/pages\/3695\/revisions"}],"predecessor-version":[{"id":6328,"href":"https:\/\/www.distribution.fluides-service.com\/es\/wp-json\/wp\/v2\/pages\/3695\/revisions\/6328"}],"up":[{"embeddable":true,"href":"https:\/\/www.distribution.fluides-service.com\/es\/wp-json\/wp\/v2\/pages\/3739"}],"wp:featuredmedia":[{"embeddable":true,"href":"https:\/\/www.distribution.fluides-service.com\/es\/wp-json\/wp\/v2\/media\/3114"}],"wp:attachment":[{"href":"https:\/\/www.distribution.fluides-service.com\/es\/wp-json\/wp\/v2\/media?parent=3695"}],"curies":[{"name":"wp","href":"https:\/\/api.w.org\/{rel}","templated":true}]}}