{"id":3681,"date":"2017-09-10T11:13:03","date_gmt":"2017-09-10T09:13:03","guid":{"rendered":"http:\/\/www.distribution.fluides-service.com\/hidraulico-neumatico\/"},"modified":"2019-07-02T14:11:35","modified_gmt":"2019-07-02T12:11:35","slug":"hidraulico-neumatico","status":"publish","type":"page","link":"https:\/\/www.distribution.fluides-service.com\/es\/nuestros-productos\/hidraulico-neumatico\/","title":{"rendered":"Hidr\u00e1ulico \/ Neum\u00e1tico"},"content":{"rendered":"[mk_page_section bg_image=\u00bbhttps:\/\/www.distribution.fluides-service.com\/wp-content\/uploads\/2017\/06\/image-produits-hydraulique-pneumatique-fluides-services.jpg\u00bb bg_position=\u00bbcenter center\u00bb bg_repeat=\u00bbno-repeat\u00bb bg_stretch=\u00bbtrue\u00bb video_loop=\u00bbfalse\u00bb full_height=\u00bbtrue\u00bb padding_top=\u00bb\u00bb padding_bottom=\u00bb\u00bb skip_arrow=\u00bbtrue\u00bb sidebar=\u00bbsidebar-1&#8243;][vc_column css=\u00bb.vc_custom_1499272999294{padding-top: 20% !important;}\u00bb][vc_column_text disable_pattern=\u00bbfalse\u00bb css=\u00bb.vc_custom_1562069375851{margin-bottom: 0px !important;}\u00bb]<img decoding=\"async\" loading=\"lazy\" class=\"opaque alignnone wp-image-153 size-full\" src=\"https:\/\/www.distribution.fluides-service.com\/wp-content\/uploads\/2017\/06\/1hydraulique-fluides-services-distribution.png\" alt=\"\" width=\"110\" height=\"110\" srcset=\"https:\/\/www.distribution.fluides-service.com\/wp-content\/uploads\/2017\/06\/1hydraulique-fluides-services-distribution.png 110w, https:\/\/www.distribution.fluides-service.com\/wp-content\/uploads\/2017\/06\/1hydraulique-fluides-services-distribution-300x300.png 300w\" sizes=\"(max-width: 110px) 100vw, 110px\" \/><\/p>\n<h2><span style=\"background-color: rgba(255, 255, 255, 0.6);\">Hidr\u00e1ulico \/ Neum\u00e1tico<\/span><\/h2>\n<p>&nbsp;<\/p>\n<h3><span style=\"background-color: rgba(255, 255, 255, 0.6);\">El saber hacer de Fluides Service, desde un equipo est\u00e1ndar a uno personalizado <\/span><\/h3>\n[\/vc_column_text][\/vc_column][\/mk_page_section][vc_row][vc_column width=\u00bb1\/4&#8243; css=\u00bb.vc_custom_1506443035604{padding-top: 5% !important;padding-bottom: 5% !important;}\u00bb][vc_single_image image=\u00bb324&#8243; img_size=\u00bb80&#215;80&#8243; alignment=\u00bbcenter\u00bb][vc_column_text align=\u00bbcenter\u00bb css=\u00bb.vc_custom_1505034895462{margin-bottom: 0px !important;}\u00bb]\n<h6>Gatos hidr\u00e1ulicos<\/h6>\n[\/vc_column_text][vc_separator color=\u00bbcustom\u00bb el_width=\u00bb30&#8243; accent_color=\u00bb#d0382a\u00bb][vc_column_text align=\u00bbcenter\u00bb css=\u00bb.vc_custom_1505034906106{margin-bottom: 0px !important;}\u00bb]\n<p class=\"western\"><span style=\"font-family: Helvetica, serif;\"><span lang=\"es-ES\">Accionadores hidr\u00e1ulicos, gatos, motores y accesorios&#8230;<\/span><\/span><\/p>\n[\/vc_column_text][\/vc_column][vc_column width=\u00bb1\/4&#8243; css=\u00bb.vc_custom_1506443028810{padding-top: 5% !important;padding-bottom: 5% !important;}\u00bb][vc_single_image image=\u00bb333&#8243; img_size=\u00bb80&#215;80&#8243; alignment=\u00bbcenter\u00bb][vc_column_text disable_pattern=\u00bbfalse\u00bb align=\u00bbcenter\u00bb css=\u00bb.vc_custom_1505034923878{margin-bottom: 0px !important;}\u00bb]\n<h6>Mangueras hidr\u00e1ulicas<\/h6>\n[\/vc_column_text][vc_separator color=\u00bbcustom\u00bb el_width=\u00bb30&#8243; accent_color=\u00bb#d0382a\u00bb][vc_column_text disable_pattern=\u00bbfalse\u00bb align=\u00bbcenter\u00bb css=\u00bb.vc_custom_1505034935186{margin-bottom: 0px !important;}\u00bb]\n<p class=\"western\"><span style=\"font-family: Helvetica, serif;\"><span lang=\"es-ES\">Mangueras de baja y alta presi\u00f3n, de distinto material (pl\u00e1stico, caucho, metal&#8230;). Mangueras de vaciado, tubos, conectores&#8230; <\/span><\/span><\/p>\n[\/vc_column_text][\/vc_column][vc_column width=\u00bb1\/4&#8243; css=\u00bb.vc_custom_1506443022885{padding-top: 5% !important;padding-bottom: 5% !important;}\u00bb][vc_single_image image=\u00bb482&#8243; img_size=\u00bb80&#215;80&#8243; alignment=\u00bbcenter\u00bb][vc_column_text disable_pattern=\u00bbfalse\u00bb align=\u00bbcenter\u00bb css=\u00bb.vc_custom_1505034957734{margin-bottom: 0px !important;}\u00bb]\n<h6>Empalmes hidr\u00e1ulicos<\/h6>\n[\/vc_column_text][vc_separator color=\u00bbcustom\u00bb el_width=\u00bb30&#8243; accent_color=\u00bb#d0382a\u00bb][vc_column_text disable_pattern=\u00bbfalse\u00bb align=\u00bbcenter\u00bb css=\u00bb.vc_custom_1505034970251{margin-bottom: 0px !important;}\u00bb]\n<p class=\"western\"><span style=\"font-family: Helvetica, serif;\"><span lang=\"es-ES\">Empalmes hidr\u00e1ulicos, de baja, alta y muy alta presi\u00f3n. <\/span><\/span><span style=\"font-family: Helvetica, serif;\"><span lang=\"pt-BR\">Empalmes de bombeo, sim\u00e9tricos, expr\u00e9s, de leva. Acopladores, adaptadores&#8230; <\/span><\/span><\/p>\n[\/vc_column_text][\/vc_column][vc_column width=\u00bb1\/4&#8243; css=\u00bb.vc_custom_1506443016341{padding-top: 5% !important;padding-bottom: 5% !important;}\u00bb][vc_single_image image=\u00bb956&#8243; img_size=\u00bb80&#215;80&#8243; alignment=\u00bbcenter\u00bb][vc_column_text disable_pattern=\u00bbfalse\u00bb align=\u00bbcenter\u00bb css=\u00bb.vc_custom_1506446221588{margin-bottom: 0px !important;}\u00bb]\n<h6>Distribuidores<\/h6>\n[\/vc_column_text][vc_separator color=\u00bbcustom\u00bb el_width=\u00bb30&#8243; accent_color=\u00bb#d0382a\u00bb][vc_column_text disable_pattern=\u00bbfalse\u00bb align=\u00bbcenter\u00bb css=\u00bb.vc_custom_1505034998534{margin-bottom: 0px !important;}\u00bb]\n<p class=\"western\"><span style=\"font-family: Helvetica, serif;\"><span lang=\"pt-BR\">Distribuidores manuales o el\u00e9ctricos, controles, sujeci\u00f3n hidr\u00e1ulica&#8230; <\/span><\/span><\/p>\n[\/vc_column_text][\/vc_column][\/vc_row][vc_row][vc_column width=\u00bb1\/4&#8243; css=\u00bb.vc_custom_1506443035604{padding-top: 5% !important;padding-bottom: 5% !important;}\u00bb][vc_single_image image=\u00bb326&#8243; img_size=\u00bb80&#215;80&#8243; alignment=\u00bbcenter\u00bb][vc_column_text align=\u00bbcenter\u00bb css=\u00bb.vc_custom_1505035021308{margin-bottom: 0px !important;}\u00bb]\n<h6>Compresores<\/h6>\n[\/vc_column_text][vc_separator color=\u00bbcustom\u00bb el_width=\u00bb30&#8243; accent_color=\u00bb#d0382a\u00bb][vc_column_text align=\u00bbcenter\u00bb css=\u00bb.vc_custom_1505035031358{margin-bottom: 0px !important;}\u00bb]\n<p class=\"western\"><span style=\"font-family: Helvetica, serif;\"><span lang=\"pt-BR\">Compresores de aire: de pistones, centr\u00edfugos, de tornillo, lubricados o no, ATEX o est\u00e1ndar, accesorios&#8230; <\/span><\/span><\/p>\n[\/vc_column_text][\/vc_column][vc_column width=\u00bb1\/4&#8243; css=\u00bb.vc_custom_1506443028810{padding-top: 5% !important;padding-bottom: 5% !important;}\u00bb][vc_single_image image=\u00bb327&#8243; img_size=\u00bb80&#215;80&#8243; alignment=\u00bbcenter\u00bb][vc_column_text align=\u00bbcenter\u00bb css=\u00bb.vc_custom_1505035045544{margin-bottom: 0px !important;}\u00bb]\n<h6>Impermeabilidad<\/h6>\n[\/vc_column_text][vc_separator color=\u00bbcustom\u00bb el_width=\u00bb30&#8243; accent_color=\u00bb#d0382a\u00bb][vc_column_text disable_pattern=\u00bbfalse\u00bb align=\u00bbcenter\u00bb css=\u00bb.vc_custom_1505035055926{margin-bottom: 0px !important;}\u00bb]\n<p class=\"western\"><span style=\"font-family: Helvetica, serif;\"><span lang=\"es-ES\">Revestimientos mec\u00e1nicos de las bombas, juntas, juntas t\u00f3ricas, en espiral, planas con reborde, especiales&#8230; En unidades o en kit, cortadas o en placa. <\/span><\/span><\/p>\n[\/vc_column_text][\/vc_column][vc_column width=\u00bb1\/4&#8243; css=\u00bb.vc_custom_1506443022885{padding-top: 5% !important;padding-bottom: 5% !important;}\u00bb][vc_single_image image=\u00bb328&#8243; img_size=\u00bb80&#215;80&#8243; alignment=\u00bbcenter\u00bb][vc_column_text align=\u00bbcenter\u00bb css=\u00bb.vc_custom_1505035077336{margin-bottom: 0px !important;}\u00bb]\n<h6>Filtraci\u00f3n<\/h6>\n[\/vc_column_text][vc_separator color=\u00bbcustom\u00bb el_width=\u00bb30&#8243; accent_color=\u00bb#d0382a\u00bb][vc_column_text disable_pattern=\u00bbfalse\u00bb align=\u00bbcenter\u00bb css=\u00bb.vc_custom_1505035088775{margin-bottom: 0px !important;}\u00bb]\n<p class=\"western\"><span style=\"font-family: Helvetica, serif;\"><span lang=\"es-ES\">Filtros de aire de baja y alta presi\u00f3n (de cartuchos adaptables), filtros hidr\u00e1ulicos, purgadores, separadores&#8230;<\/span><\/span><\/p>\n[\/vc_column_text][\/vc_column][vc_column width=\u00bb1\/4&#8243; css=\u00bb.vc_custom_1506443016341{padding-top: 5% !important;padding-bottom: 5% !important;}\u00bb][vc_single_image image=\u00bb483&#8243; img_size=\u00bb80&#215;80&#8243; alignment=\u00bbcenter\u00bb][vc_column_text align=\u00bbcenter\u00bb css=\u00bb.vc_custom_1506446203006{margin-bottom: 0px !important;}\u00bb]\n<h6>Secadores de aire<\/h6>\n[\/vc_column_text][vc_separator color=\u00bbcustom\u00bb el_width=\u00bb30&#8243; accent_color=\u00bb#d0382a\u00bb][vc_column_text disable_pattern=\u00bbfalse\u00bb align=\u00bbcenter\u00bb css=\u00bb.vc_custom_1505035116634{margin-bottom: 0px !important;}\u00bb]\n<p class=\"western\"><span style=\"font-family: Helvetica, serif;\"><span lang=\"es-ES\">Secadores de aire por aire frigor\u00edfico, por absorci\u00f3n, est\u00e1ndar o de fabricaci\u00f3n a medida&#8230; Desecantes: aluminio, tamiz molecular&#8230; <\/span><\/span><\/p>\n[\/vc_column_text][\/vc_column][\/vc_row][vc_row fullwidth=\u00bbtrue\u00bb id=\u00bbhistorique\u00bb][vc_column][vc_column_text el_class=\u00bbtitres-qui\u00bb css=\u00bb.vc_custom_1505035139518{margin-bottom: 0px !important;}\u00bb]\n<h2>Principales marcas colaboradoras:<\/h2>\n[\/vc_column_text][vc_separator color=\u00bbcustom\u00bb align=\u00bbalign_left\u00bb border_width=\u00bb5&#8243; el_width=\u00bb20&#8243; accent_color=\u00bb#d0382a\u00bb el_class=\u00bbpartenaire\u00bb][\/vc_column][\/vc_row][vc_row id=\u00bbhistorique\u00bb][vc_column css=\u00bb.vc_custom_1499274240066{padding-top: 4% !important;padding-bottom: 8% !important;}\u00bb][vc_column_text css=\u00bb.vc_custom_1505035153814{margin-bottom: 0px !important;}\u00bb]Podemos suministrar otras grandes marcas, <a href=\"http:\/\/www.distribution.fluides-service.com\/es\/contacto\/\">no dude en solicitar <\/a> m\u00e1s informaci\u00f3n.[\/vc_column_text][mk_clients style=\u00bbcolumn\u00bb column=\u00bb6&#8243; count=\u00bb-1&#8243; orderby=\u00bbtitle\u00bb height=\u00bb100&#8243; autoplay=\u00bbfalse\u00bb margin_bottom=\u00bb\u00bb clients=\u00bb4860, 4635, 4865, 4946, 4549, 4528, 4815, 4735, 4745, 4996, 4810, 4961, 4513, 4926, 4845, 4941, 4655, 4916, 4584, 4589, 4750, 4820, 4604, 4705&#8243;][\/vc_column][\/vc_row]\n","protected":false},"excerpt":{"rendered":"<p>[mk_page_section bg_image=\u00bbhttps:\/\/www.distribution.fluides-service.com\/wp-content\/uploads\/2017\/06\/image-produits-hydraulique-pneumatique-fluides-services.jpg\u00bb bg_position=\u00bbcenter center\u00bb bg_repeat=\u00bbno-repeat\u00bb bg_stretch=\u00bbtrue\u00bb video_loop=\u00bbfalse\u00bb full_height=\u00bbtrue\u00bb padding_top=\u00bb\u00bb padding_bottom=\u00bb\u00bb skip_arrow=\u00bbtrue\u00bb sidebar=\u00bbsidebar-1&#8243;][vc_column css=\u00bb.vc_custom_1499272999294{padding-top: 20% !important;}\u00bb][vc_column_text disable_pattern=\u00bbfalse\u00bb css=\u00bb.vc_custom_1562069375851{margin-bottom: 0px !important;}\u00bb] Hidr\u00e1ulico \/ Neum\u00e1tico &nbsp; El saber hacer de Fluides Service, desde un equipo est\u00e1ndar a uno personalizado [\/vc_column_text][\/vc_column][\/mk_page_section][vc_row][vc_column width=\u00bb1\/4&#8243; css=\u00bb.vc_custom_1506443035604{padding-top: 5% !important;padding-bottom: 5% !important;}\u00bb][vc_single_image image=\u00bb324&#8243; img_size=\u00bb80&#215;80&#8243; alignment=\u00bbcenter\u00bb][vc_column_text align=\u00bbcenter\u00bb css=\u00bb.vc_custom_1505034895462{margin-bottom: 0px !important;}\u00bb] Gatos hidr\u00e1ulicos [\/vc_column_text][vc_separator color=\u00bbcustom\u00bb el_width=\u00bb30&#8243; [&hellip;]<\/p>\n","protected":false},"author":1,"featured_media":6042,"parent":3739,"menu_order":0,"comment_status":"closed","ping_status":"closed","template":"","meta":{"footnotes":""},"_links":{"self":[{"href":"https:\/\/www.distribution.fluides-service.com\/es\/wp-json\/wp\/v2\/pages\/3681"}],"collection":[{"href":"https:\/\/www.distribution.fluides-service.com\/es\/wp-json\/wp\/v2\/pages"}],"about":[{"href":"https:\/\/www.distribution.fluides-service.com\/es\/wp-json\/wp\/v2\/types\/page"}],"author":[{"embeddable":true,"href":"https:\/\/www.distribution.fluides-service.com\/es\/wp-json\/wp\/v2\/users\/1"}],"replies":[{"embeddable":true,"href":"https:\/\/www.distribution.fluides-service.com\/es\/wp-json\/wp\/v2\/comments?post=3681"}],"version-history":[{"count":3,"href":"https:\/\/www.distribution.fluides-service.com\/es\/wp-json\/wp\/v2\/pages\/3681\/revisions"}],"predecessor-version":[{"id":6316,"href":"https:\/\/www.distribution.fluides-service.com\/es\/wp-json\/wp\/v2\/pages\/3681\/revisions\/6316"}],"up":[{"embeddable":true,"href":"https:\/\/www.distribution.fluides-service.com\/es\/wp-json\/wp\/v2\/pages\/3739"}],"wp:featuredmedia":[{"embeddable":true,"href":"https:\/\/www.distribution.fluides-service.com\/es\/wp-json\/wp\/v2\/media\/6042"}],"wp:attachment":[{"href":"https:\/\/www.distribution.fluides-service.com\/es\/wp-json\/wp\/v2\/media?parent=3681"}],"curies":[{"name":"wp","href":"https:\/\/api.w.org\/{rel}","templated":true}]}}