{"id":3636,"date":"2017-09-10T10:40:46","date_gmt":"2017-09-10T08:40:46","guid":{"rendered":"http:\/\/www.distribution.fluides-service.com\/petroleo-y-gas\/"},"modified":"2019-07-02T16:11:08","modified_gmt":"2019-07-02T14:11:08","slug":"petroleo-y-gas","status":"publish","type":"page","link":"https:\/\/www.distribution.fluides-service.com\/es\/nuestros-sectores-de-actividad\/petroleo-y-gas\/","title":{"rendered":"Petr\u00f3leo y Gas"},"content":{"rendered":"[mk_page_section bg_image=\u00bbhttps:\/\/www.distribution.fluides-service.com\/wp-content\/uploads\/2017\/06\/slide-fluides-services-activite-oil-et-gas.jpg\u00bb bg_position=\u00bbright bottom\u00bb bg_repeat=\u00bbno-repeat\u00bb bg_stretch=\u00bbtrue\u00bb video_loop=\u00bbfalse\u00bb full_height=\u00bbtrue\u00bb padding_top=\u00bb\u00bb padding_bottom=\u00bb\u00bb skip_arrow=\u00bbtrue\u00bb sidebar=\u00bbsidebar-1&#8243;][vc_column css=\u00bb.vc_custom_1499273361776{padding-top: 20% !important;}\u00bb][vc_column_text disable_pattern=\u00bbfalse\u00bb css=\u00bb.vc_custom_1562076663444{margin-bottom: 0px !important;}\u00bb]<img decoding=\"async\" loading=\"lazy\" class=\"opaque alignnone wp-image-174 size-full\" src=\"https:\/\/www.distribution.fluides-service.com\/wp-content\/uploads\/2017\/06\/oilgas-fluides-services-distribution.png\" alt=\"\" width=\"110\" height=\"110\" srcset=\"https:\/\/www.distribution.fluides-service.com\/wp-content\/uploads\/2017\/06\/oilgas-fluides-services-distribution.png 110w, https:\/\/www.distribution.fluides-service.com\/wp-content\/uploads\/2017\/06\/oilgas-fluides-services-distribution-300x300.png 300w\" sizes=\"(max-width: 110px) 100vw, 110px\" \/><\/p>\n<h2><span style=\"background-color: rgba(255, 255, 255, 0.6);\">Petr\u00f3leo y Gas <\/span><\/h2>\n<p>&nbsp;<\/p>\n<h3><span style=\"background-color: rgba(255, 255, 255, 0.6);\"> Despu\u00e9s de m\u00e1s de 40 a\u00f1os a su lado, tenemos un excelente conocimiento de sus equipos, incluso de los antiguos, y de sus obligaciones y normas. Como Fluides Service Technologies, fabricante de m\u00e1quinas especiales, tenemos una misma identidad t\u00e9cnica. Desde consumibles a productos con gesti\u00f3n documental o proyectos especiales seg\u00fan especificaciones, le acompa\u00f1amos en todas sus tareas alrededor del mundo.<\/span><\/h3>\n[\/vc_column_text][\/vc_column][\/mk_page_section][vc_row][vc_column width=\u00bb1\/4&#8243; css=\u00bb.vc_custom_1506443035604{padding-top: 5% !important;padding-bottom: 5% !important;}\u00bb][vc_single_image image=\u00bb527&#8243; img_size=\u00bb80&#215;80&#8243; alignment=\u00bbcenter\u00bb][vc_column_text align=\u00bbcenter\u00bb css=\u00bb.vc_custom_1505315543188{margin-bottom: 0px !important;}\u00bb]\n<h6>MATERIAL IGN\u00cdFUGO<\/h6>\n[\/vc_column_text][vc_separator color=\u00bbjuicy_pink\u00bb el_width=\u00bb30&#8243;][vc_column_text align=\u00bbcenter\u00bb css=\u00bb.vc_custom_1505315553635{margin-bottom: 0px !important;}\u00bb]Material seguro y adaptado a las distintas zonas ATEX: nuestra actividad principal desde hace m\u00e1s de 40 a\u00f1os.[\/vc_column_text][\/vc_column][vc_column width=\u00bb1\/4&#8243; css=\u00bb.vc_custom_1506443028810{padding-top: 5% !important;padding-bottom: 5% !important;}\u00bb][vc_single_image image=\u00bb350&#8243; img_size=\u00bb80&#215;80&#8243; alignment=\u00bbcenter\u00bb][vc_column_text align=\u00bbcenter\u00bb css=\u00bb.vc_custom_1505315449137{margin-bottom: 0px !important;}\u00bb]\n<h6>M\u00c1QUINAS GIRATORIAS<\/h6>\n[\/vc_column_text][vc_separator color=\u00bbjuicy_pink\u00bb el_width=\u00bb30&#8243;][vc_column_text align=\u00bbcenter\u00bb css=\u00bb.vc_custom_1505315454917{margin-bottom: 0px !important;}\u00bb]Motores simples o acoplados, skid de bombeo, motores kit refiner\u00eda, compresores ATEX, kits y accesorios&#8230;[\/vc_column_text][\/vc_column][vc_column width=\u00bb1\/4&#8243; css=\u00bb.vc_custom_1506443022885{padding-top: 5% !important;padding-bottom: 5% !important;}\u00bb][vc_single_image image=\u00bb334&#8243; img_size=\u00bb80&#215;80&#8243; alignment=\u00bbcenter\u00bb][vc_column_text align=\u00bbcenter\u00bb css=\u00bb.vc_custom_1505315338117{margin-bottom: 0px !important;}\u00bb]\n<h6>TRANSMISI\u00d3N MEC\u00c1NICA<\/h6>\n[\/vc_column_text][vc_separator color=\u00bbjuicy_pink\u00bb el_width=\u00bb30&#8243;][vc_column_text align=\u00bbcenter\u00bb css=\u00bb.vc_custom_1505315346062{margin-bottom: 0px !important;}\u00bb]Rodamientos, correas, poleas, acoplamientos, cadenas, cardanes, reductores&#8230;[\/vc_column_text][\/vc_column][vc_column width=\u00bb1\/4&#8243; css=\u00bb.vc_custom_1506443016341{padding-top: 5% !important;padding-bottom: 5% !important;}\u00bb][vc_single_image image=\u00bb329&#8243; img_size=\u00bb80&#215;80&#8243; alignment=\u00bbcenter\u00bb][vc_column_text align=\u00bbcenter\u00bb css=\u00bb.vc_custom_1505315528866{margin-bottom: 0px !important;}\u00bb]\n<h6>EQUIPO<\/h6>\n[\/vc_column_text][vc_separator color=\u00bbjuicy_pink\u00bb el_width=\u00bb30&#8243;][vc_column_text align=\u00bbcenter\u00bb css=\u00bb.vc_custom_1505315519347{margin-bottom: 0px !important;}\u00bb]Las m\u00e1s importantes marcas de equipo especializadas en el sector del petr\u00f3leo y el gas (herramientas, sondas, analizadores, manifolds, tubing&#8230;)<br \/>\nEntregados con certificados.[\/vc_column_text][\/vc_column][\/vc_row][vc_row][vc_column width=\u00bb1\/4&#8243; css=\u00bb.vc_custom_1506443035604{padding-top: 5% !important;padding-bottom: 5% !important;}\u00bb][vc_single_image image=\u00bb331&#8243; img_size=\u00bb80&#215;80&#8243; alignment=\u00bbcenter\u00bb][vc_column_text align=\u00bbcenter\u00bb css=\u00bb.vc_custom_1505315802046{margin-bottom: 0px !important;}\u00bb]\n<h6>GRIFER\u00cdA<\/h6>\n[\/vc_column_text][vc_separator color=\u00bbjuicy_pink\u00bb el_width=\u00bb30&#8243;][vc_column_text align=\u00bbcenter\u00bb css=\u00bb.vc_custom_1505315793831{margin-bottom: 0px !important;}\u00bb]Desde v\u00e1lvulas de herramientas hasta v\u00e1lvulas de tuber\u00eda. Desde v\u00e1lvulas manuales hasta v\u00e1lvulas neum\u00e1ticas o el\u00e9ctricas. Seg\u00fan especificaciones, con certificados e inspecci\u00f3n&#8230;[\/vc_column_text][\/vc_column][vc_column width=\u00bb1\/4&#8243; css=\u00bb.vc_custom_1506443028810{padding-top: 5% !important;padding-bottom: 5% !important;}\u00bb][vc_single_image image=\u00bb325&#8243; img_size=\u00bb80&#215;80&#8243; alignment=\u00bbcenter\u00bb][vc_column_text align=\u00bbcenter\u00bb css=\u00bb.vc_custom_1505315399718{margin-bottom: 0px !important;}\u00bb]\n<h6>EPI (para EQUIPOS DE PROTECCI\u00d3N INDIVIDUAL)<\/h6>\n[\/vc_column_text][vc_separator color=\u00bbjuicy_pink\u00bb el_width=\u00bb30&#8243;][vc_column_text align=\u00bbcenter\u00bb css=\u00bb.vc_custom_1505315413262{margin-bottom: 0px !important;}\u00bb]Protecci\u00f3n para la cabeza, los ojos, las manos, los pies, protecci\u00f3n contra el ruido, respiratoria, contra el ahogamiento, ropa de trabajo[\/vc_column_text][\/vc_column][vc_column width=\u00bb1\/4&#8243; css=\u00bb.vc_custom_1506443022885{padding-top: 5% !important;padding-bottom: 5% !important;}\u00bb][vc_single_image image=\u00bb503&#8243; img_size=\u00bb80&#215;80&#8243; alignment=\u00bbcenter\u00bb][vc_column_text disable_pattern=\u00bbfalse\u00bb align=\u00bbcenter\u00bb css=\u00bb.vc_custom_1505315582421{margin-bottom: 0px !important;}\u00bb]\n<h6>CONEXIONES<\/h6>\n[\/vc_column_text][vc_separator color=\u00bbjuicy_pink\u00bb el_width=\u00bb30&#8243;][vc_column_text disable_pattern=\u00bbfalse\u00bb align=\u00bbcenter\u00bb css=\u00bb.vc_custom_1505315573297{margin-bottom: 0px !important;}\u00bb]Bridas, piping, DBB, SBB, empalmes, de retenci\u00f3n, juntas&#8230;<br \/>\nCon o sin pintura o tratamiento de superficie. Con certificados. Ensambladas, premontadas, comprobadas hidrogr\u00e1ficamente&#8230;[\/vc_column_text][\/vc_column][vc_column width=\u00bb1\/4&#8243; css=\u00bb.vc_custom_1506443016341{padding-top: 5% !important;padding-bottom: 5% !important;}\u00bb][vc_single_image image=\u00bb349&#8243; img_size=\u00bb80&#215;80&#8243; alignment=\u00bbcenter\u00bb][vc_column_text disable_pattern=\u00bbfalse\u00bb align=\u00bbcenter\u00bb css=\u00bb.vc_custom_1505315597951{margin-bottom: 0px !important;}\u00bb]\n<h6>ELEVACI\u00d3N OFFSHORE<\/h6>\n[\/vc_column_text][vc_separator color=\u00bbjuicy_pink\u00bb el_width=\u00bb30&#8243;][vc_column_text disable_pattern=\u00bbfalse\u00bb align=\u00bbcenter\u00bb css=\u00bb.vc_custom_1505315622879{margin-bottom: 0px !important;}\u00bb]Productos de elevaci\u00f3n eficaces y adaptados a sus necesidades (offshore, inspecci\u00f3n tercera parte&#8230;).<br \/>\nComponentes unitarios o conjuntos montados y certificados&#8230;[\/vc_column_text][\/vc_column][\/vc_row][vc_row][vc_column width=\u00bb1\/4&#8243; css=\u00bb.vc_custom_1506443035604{padding-top: 5% !important;padding-bottom: 5% !important;}\u00bb][vc_single_image image=\u00bb500&#8243; img_size=\u00bb80&#215;80&#8243; alignment=\u00bbcenter\u00bb][vc_column_text disable_pattern=\u00bbfalse\u00bb align=\u00bbcenter\u00bb css=\u00bb.vc_custom_1505315659230{margin-bottom: 0px !important;}\u00bb]\n<h6>GESTI\u00d3N DE PROYECTOS<\/h6>\n[\/vc_column_text][vc_separator color=\u00bbjuicy_pink\u00bb el_width=\u00bb30&#8243;][vc_column_text disable_pattern=\u00bbfalse\u00bb align=\u00bbcenter\u00bb css=\u00bb.vc_custom_1505315668929{margin-bottom: 0px !important;}\u00bb]Consideraci\u00f3n personalizada de las condiciones de sus proyectos: proyecto nuevo o revamping, seg\u00fan especificaciones, gesti\u00f3n de normas, con inspecci\u00f3n tercera parte (BV marino, DNV, ABS&#8230;)[\/vc_column_text][\/vc_column][vc_column width=\u00bb1\/4&#8243; css=\u00bb.vc_custom_1506443028810{padding-top: 5% !important;padding-bottom: 5% !important;}\u00bb][vc_single_image image=\u00bb502&#8243; img_size=\u00bb80&#215;80&#8243; alignment=\u00bbcenter\u00bb][vc_column_text disable_pattern=\u00bbfalse\u00bb align=\u00bbcenter\u00bb css=\u00bb.vc_custom_1505315690144{margin-bottom: 0px !important;}\u00bb]\n<h6>MATERIAL SEG\u00daN ESPECIFICACIONES<\/h6>\n[\/vc_column_text][vc_separator color=\u00bbjuicy_pink\u00bb el_width=\u00bb30&#8243;][vc_column_text disable_pattern=\u00bbfalse\u00bb align=\u00bbcenter\u00bb css=\u00bb.vc_custom_1505315697858{margin-bottom: 0px !important;}\u00bb]Material definido seg\u00fan especificaciones, con certificados e inspecciones&#8230;[\/vc_column_text][\/vc_column][vc_column width=\u00bb1\/4&#8243; css=\u00bb.vc_custom_1506443022885{padding-top: 5% !important;padding-bottom: 5% !important;}\u00bb][vc_single_image image=\u00bb501&#8243; img_size=\u00bb80&#215;80&#8243; alignment=\u00bbcenter\u00bb][vc_column_text align=\u00bbcenter\u00bb css=\u00bb.vc_custom_1505315710057{margin-bottom: 0px !important;}\u00bb]\n<h6>SUSTITUCI\u00d3N DE PRODUCTOS OBSOLETOS<\/h6>\n[\/vc_column_text][vc_separator color=\u00bbjuicy_pink\u00bb el_width=\u00bb30&#8243;][vc_column_text align=\u00bbcenter\u00bb css=\u00bb.vc_custom_1505315718254{margin-bottom: 0px !important;}\u00bb]Todo tipo de soluciones para piezas obsoletas, sustituciones, alargamientos de la duraci\u00f3n, normas espec\u00edficas, fabricaci\u00f3n de piezas sobre plano&#8230;[\/vc_column_text][\/vc_column][vc_column width=\u00bb1\/4&#8243; css=\u00bb.vc_custom_1506443016341{padding-top: 5% !important;padding-bottom: 5% !important;}\u00bb][vc_single_image image=\u00bb326&#8243; img_size=\u00bb80&#215;80&#8243; alignment=\u00bbcenter\u00bb][vc_column_text disable_pattern=\u00bbfalse\u00bb align=\u00bbcenter\u00bb css=\u00bb.vc_custom_1505315641139{margin-bottom: 0px !important;}\u00bb]\n<h6>COMPRESORES<\/h6>\n[\/vc_column_text][vc_separator color=\u00bbjuicy_pink\u00bb el_width=\u00bb30&#8243;][vc_column_text disable_pattern=\u00bbfalse\u00bb align=\u00bbcenter\u00bb css=\u00bb.vc_custom_1505315650003{margin-bottom: 0px !important;}\u00bb]Compresores de aire: de pistones, centr\u00edfugos, de tornillo, lubricados o no, ATEX o est\u00e1ndar, accesorios&#8230;[\/vc_column_text][\/vc_column][\/vc_row]\n","protected":false},"excerpt":{"rendered":"<p>Con 40 a\u00f1os de especializaci\u00f3n, desde material consumible a productos con especificaciones y gesti\u00f3n documental.<\/p>\n","protected":false},"author":1,"featured_media":2489,"parent":3650,"menu_order":0,"comment_status":"closed","ping_status":"closed","template":"","meta":{"footnotes":""},"_links":{"self":[{"href":"https:\/\/www.distribution.fluides-service.com\/es\/wp-json\/wp\/v2\/pages\/3636"}],"collection":[{"href":"https:\/\/www.distribution.fluides-service.com\/es\/wp-json\/wp\/v2\/pages"}],"about":[{"href":"https:\/\/www.distribution.fluides-service.com\/es\/wp-json\/wp\/v2\/types\/page"}],"author":[{"embeddable":true,"href":"https:\/\/www.distribution.fluides-service.com\/es\/wp-json\/wp\/v2\/users\/1"}],"replies":[{"embeddable":true,"href":"https:\/\/www.distribution.fluides-service.com\/es\/wp-json\/wp\/v2\/comments?post=3636"}],"version-history":[{"count":1,"href":"https:\/\/www.distribution.fluides-service.com\/es\/wp-json\/wp\/v2\/pages\/3636\/revisions"}],"predecessor-version":[{"id":6394,"href":"https:\/\/www.distribution.fluides-service.com\/es\/wp-json\/wp\/v2\/pages\/3636\/revisions\/6394"}],"up":[{"embeddable":true,"href":"https:\/\/www.distribution.fluides-service.com\/es\/wp-json\/wp\/v2\/pages\/3650"}],"wp:featuredmedia":[{"embeddable":true,"href":"https:\/\/www.distribution.fluides-service.com\/es\/wp-json\/wp\/v2\/media\/2489"}],"wp:attachment":[{"href":"https:\/\/www.distribution.fluides-service.com\/es\/wp-json\/wp\/v2\/media?parent=3636"}],"curies":[{"name":"wp","href":"https:\/\/api.w.org\/{rel}","templated":true}]}}