{"id":3578,"date":"2017-09-10T01:38:49","date_gmt":"2017-09-09T23:38:49","guid":{"rendered":"http:\/\/www.distribution.fluides-service.com\/madera\/"},"modified":"2019-07-02T15:28:16","modified_gmt":"2019-07-02T13:28:16","slug":"madera","status":"publish","type":"page","link":"https:\/\/www.distribution.fluides-service.com\/es\/nuestros-sectores-de-actividad\/madera\/","title":{"rendered":"Madera"},"content":{"rendered":"[mk_page_section bg_image=\u00bbhttps:\/\/www.distribution.fluides-service.com\/wp-content\/uploads\/2017\/06\/slide-bois.jpg\u00bb bg_position=\u00bbcenter center\u00bb bg_repeat=\u00bbno-repeat\u00bb bg_stretch=\u00bbtrue\u00bb video_loop=\u00bbfalse\u00bb full_height=\u00bbtrue\u00bb padding_top=\u00bb\u00bb padding_bottom=\u00bb\u00bb skip_arrow=\u00bbtrue\u00bb sidebar=\u00bbsidebar-1&#8243;][vc_column css=\u00bb.vc_custom_1499273361776{padding-top: 20% !important;}\u00bb][vc_column_text disable_pattern=\u00bbfalse\u00bb css=\u00bb.vc_custom_1562073964086{margin-bottom: 0px !important;}\u00bb]<img decoding=\"async\" loading=\"lazy\" class=\"opaque alignnone wp-image-171 size-full\" src=\"https:\/\/www.distribution.fluides-service.com\/wp-content\/uploads\/2017\/06\/bois-fluides-services-distribution.png\" alt=\"\" width=\"110\" height=\"110\" srcset=\"https:\/\/www.distribution.fluides-service.com\/wp-content\/uploads\/2017\/06\/bois-fluides-services-distribution.png 110w, https:\/\/www.distribution.fluides-service.com\/wp-content\/uploads\/2017\/06\/bois-fluides-services-distribution-300x300.png 300w\" sizes=\"(max-width: 110px) 100vw, 110px\" \/><\/p>\n<h2><span style=\"background-color: rgba(255, 255, 255, 0.6);\">Madera <\/span><\/h2>\n<p>&nbsp;<\/p>\n<h3><span style=\"background-color: rgba(255, 255, 255, 0.6);\">Nuestro amplio abanico de proveedores nos permite optimizar sus aprovisionamientos, simplificando sus esfuerzos log\u00edsticos. Y se beneficiar\u00e1 tambi\u00e9n de nuestro importante almacenamiento. Delegue en nosotros sus compras, nos ocuparemos de todo y usted seguir\u00e1 concentrado en su trabajo. <\/span><\/h3>\n[\/vc_column_text][\/vc_column][\/mk_page_section][vc_row][vc_column width=\u00bb1\/4&#8243; css=\u00bb.vc_custom_1506443035604{padding-top: 5% !important;padding-bottom: 5% !important;}\u00bb][vc_single_image image=\u00bb349&#8243; img_size=\u00bb80&#215;80&#8243; alignment=\u00bbcenter\u00bb][vc_column_text align=\u00bbcenter\u00bb css=\u00bb.vc_custom_1505316234218{margin-bottom: 0px !important;}\u00bb]\n<h6>ELEVACI\u00d3N<\/h6>\n[\/vc_column_text][vc_separator color=\u00bbjuicy_pink\u00bb el_width=\u00bb30&#8243;][vc_column_text align=\u00bbcenter\u00bb css=\u00bb.vc_custom_1505316245741{margin-bottom: 0px !important;}\u00bb]Componentes unitarios o conjuntos montados y certificados&#8230;[\/vc_column_text][\/vc_column][vc_column width=\u00bb1\/4&#8243; css=\u00bb.vc_custom_1506443028810{padding-top: 5% !important;padding-bottom: 5% !important;}\u00bb][vc_single_image image=\u00bb324&#8243; img_size=\u00bb80&#215;80&#8243; alignment=\u00bbcenter\u00bb][vc_column_text disable_pattern=\u00bbfalse\u00bb align=\u00bbcenter\u00bb css=\u00bb.vc_custom_1505315906665{margin-bottom: 0px !important;}\u00bb]\n<h6>COMPONENTES HIDR\u00c1ULICOS Y NEUM\u00c1TICOS<\/h6>\n[\/vc_column_text][vc_separator color=\u00bbjuicy_pink\u00bb el_width=\u00bb30&#8243;][vc_column_text disable_pattern=\u00bbfalse\u00bb align=\u00bbcenter\u00bb css=\u00bb.vc_custom_1505315912243{margin-bottom: 0px !important;}\u00bb]Compresores de aire, accionadores hidr\u00e1ulicos, gatos, motores y accesorios, filtros de aire o hidr\u00e1ulicos, purgadores, separadores, secadores de aire y desecantes&#8230;[\/vc_column_text][\/vc_column][vc_column width=\u00bb1\/4&#8243; css=\u00bb.vc_custom_1506443022885{padding-top: 5% !important;padding-bottom: 5% !important;}\u00bb][vc_single_image image=\u00bb334&#8243; img_size=\u00bb80&#215;80&#8243; alignment=\u00bbcenter\u00bb][vc_column_text align=\u00bbcenter\u00bb css=\u00bb.vc_custom_1505315867823{margin-bottom: 0px !important;}\u00bb]\n<h6>TRANSMISI\u00d3N MEC\u00c1NICA<\/h6>\n[\/vc_column_text][vc_separator color=\u00bbjuicy_pink\u00bb el_width=\u00bb30&#8243;][vc_column_text align=\u00bbcenter\u00bb css=\u00bb.vc_custom_1505315880208{margin-bottom: 0px !important;}\u00bb]Rodamientos, correas, poleas, acoplamientos, cadenas, cardanes, reductores&#8230;[\/vc_column_text][\/vc_column][vc_column width=\u00bb1\/4&#8243; css=\u00bb.vc_custom_1506443016341{padding-top: 5% !important;padding-bottom: 5% !important;}\u00bb][vc_single_image image=\u00bb350&#8243; img_size=\u00bb80&#215;80&#8243; alignment=\u00bbcenter\u00bb][vc_column_text disable_pattern=\u00bbfalse\u00bb align=\u00bbcenter\u00bb css=\u00bb.vc_custom_1505316119170{margin-bottom: 0px !important;}\u00bb]\n<h6>M\u00c1QUINAS GIRATORIAS<\/h6>\n[\/vc_column_text][vc_separator color=\u00bbjuicy_pink\u00bb el_width=\u00bb30&#8243;][vc_column_text disable_pattern=\u00bbfalse\u00bb align=\u00bbcenter\u00bb css=\u00bb.vc_custom_1505316136759{margin-bottom: 0px !important;}\u00bb]Motores simples o acoplados, skid de bombeo, grupos electr\u00f3genos, motores marinos e industriales, grupos hidr\u00e1ulicos&#8230;[\/vc_column_text][\/vc_column][\/vc_row][vc_row][vc_column width=\u00bb1\/4&#8243; css=\u00bb.vc_custom_1506443035604{padding-top: 5% !important;padding-bottom: 5% !important;}\u00bb][vc_single_image image=\u00bb325&#8243; img_size=\u00bb80&#215;80&#8243; alignment=\u00bbcenter\u00bb][vc_column_text disable_pattern=\u00bbfalse\u00bb align=\u00bbcenter\u00bb css=\u00bb.vc_custom_1505316036796{margin-bottom: 0px !important;}\u00bb]\n<h6>EPI (para EQUIPOS DE PROTECCI\u00d3N INDIVIDUAL)<\/h6>\n[\/vc_column_text][vc_separator color=\u00bbjuicy_pink\u00bb el_width=\u00bb30&#8243;][vc_column_text disable_pattern=\u00bbfalse\u00bb align=\u00bbcenter\u00bb css=\u00bb.vc_custom_1505316047607{margin-bottom: 0px !important;}\u00bb]Protecci\u00f3n para la cabeza, los ojos, las manos, los pies, protecci\u00f3n contra el ruido, respiratoria, contra el ahogamiento, ropa de trabajo[\/vc_column_text][\/vc_column][vc_column width=\u00bb1\/4&#8243; css=\u00bb.vc_custom_1506443028810{padding-top: 5% !important;padding-bottom: 5% !important;}\u00bb][vc_single_image image=\u00bb330&#8243; img_size=\u00bb80&#215;80&#8243; alignment=\u00bbcenter\u00bb][vc_column_text disable_pattern=\u00bbfalse\u00bb align=\u00bbcenter\u00bb css=\u00bb.vc_custom_1505315853407{margin-bottom: 0px !important;}\u00bb]\n<h6>HERRAMIENTAS<\/h6>\n[\/vc_column_text][vc_separator color=\u00bbjuicy_pink\u00bb el_width=\u00bb30&#8243;][vc_column_text disable_pattern=\u00bbfalse\u00bb align=\u00bbcenter\u00bb css=\u00bb.vc_custom_1505315843527{margin-bottom: 0px !important;}\u00bb]Varias gamas de herramientas manuales, port\u00e1tiles y el\u00e9ctricas de las marcas m\u00e1s importantes para sus taladradoras, pulidoras, atornilladores y otras herramientas port\u00e1tiles&#8230;[\/vc_column_text][\/vc_column][vc_column width=\u00bb1\/4&#8243; css=\u00bb.vc_custom_1506443022885{padding-top: 5% !important;padding-bottom: 5% !important;}\u00bb][vc_single_image image=\u00bb332&#8243; img_size=\u00bb80&#215;80&#8243; alignment=\u00bbcenter\u00bb][vc_column_text align=\u00bbcenter\u00bb css=\u00bb.vc_custom_1505316082004{margin-bottom: 0px !important;}\u00bb]\n<h6>TERCIARIO<\/h6>\n[\/vc_column_text][vc_separator color=\u00bbjuicy_pink\u00bb el_width=\u00bb30&#8243;][vc_column_text align=\u00bbcenter\u00bb css=\u00bb.vc_custom_1505316087393{margin-bottom: 0px !important;}\u00bb]Suministros, productos alimenticios (caf\u00e9, alimentos respetando la cadena de fr\u00edo&#8230;), veh\u00edculos (cl\u00e1sicos o modificados GNV) para las casetas y centros[\/vc_column_text][\/vc_column][vc_column width=\u00bb1\/4&#8243; css=\u00bb.vc_custom_1506443016341{padding-top: 5% !important;padding-bottom: 5% !important;}\u00bb][vc_single_image image=\u00bb513&#8243; img_size=\u00bb80&#215;80&#8243; alignment=\u00bbcenter\u00bb][vc_column_text align=\u00bbcenter\u00bb css=\u00bb.vc_custom_1505316017009{margin-bottom: 0px !important;}\u00bb]\n<h6>DISTRIBUCI\u00d3N M\u00d3VIL DE CARBURANTE<\/h6>\n[\/vc_column_text][vc_separator color=\u00bbjuicy_pink\u00bb el_width=\u00bb30&#8243;][vc_column_text align=\u00bbcenter\u00bb css=\u00bb.vc_custom_1505316025830{margin-bottom: 0px !important;}\u00bb]Soluciones configurables conformes a las normas y reglamentos: contenedor seguro y protegido que incluye almacenaje, distribuci\u00f3n y gesti\u00f3n, con uno o varios compartimentos.[\/vc_column_text][\/vc_column][\/vc_row][vc_row][vc_column width=\u00bb1\/4&#8243; css=\u00bb.vc_custom_1506443035604{padding-top: 5% !important;padding-bottom: 5% !important;}\u00bb][vc_single_image image=\u00bb333&#8243; img_size=\u00bb80&#215;80&#8243; alignment=\u00bbcenter\u00bb][vc_column_text disable_pattern=\u00bbfalse\u00bb align=\u00bbcenter\u00bb css=\u00bb.vc_custom_1505316156851{margin-bottom: 0px !important;}\u00bb]\n<h6>TRANSFERENCIA DE L\u00cdQUIDOS<\/h6>\n[\/vc_column_text][vc_separator color=\u00bbjuicy_pink\u00bb el_width=\u00bb30&#8243;][vc_column_text disable_pattern=\u00bbfalse\u00bb align=\u00bbcenter\u00bb css=\u00bb.vc_custom_1505316167551{margin-bottom: 0px !important;}\u00bb]Empalmes hidr\u00e1ulicos, empalmes de bombeo, expr\u00e9s, acopladores, distribuidores, controles hidr\u00e1ulicos, mangueras b\u00e1sicas y de alta presi\u00f3n, tubos, conectores&#8230;[\/vc_column_text][\/vc_column][vc_column width=\u00bb1\/4&#8243; css=\u00bb.vc_custom_1506443028810{padding-top: 5% !important;padding-bottom: 5% !important;}\u00bb][vc_single_image image=\u00bb326&#8243; img_size=\u00bb80&#215;80&#8243; alignment=\u00bbcenter\u00bb][vc_column_text align=\u00bbcenter\u00bb css=\u00bb.vc_custom_1505316182197{margin-bottom: 0px !important;}\u00bb]\n<h6>EQUIPOS DE TALLER<\/h6>\n[\/vc_column_text][vc_separator color=\u00bbjuicy_pink\u00bb el_width=\u00bb30&#8243;][vc_column_text align=\u00bbcenter\u00bb css=\u00bb.vc_custom_1505316204672{margin-bottom: 0px !important;}\u00bb]Herramientas de corte (fresas, brocas, tornillos de rosca, escariadores, placas de metal), material de soldadura (postas, sopletes, accesorios, consumibles certificados y herramientas de ensamblado&#8230;)[\/vc_column_text][\/vc_column][vc_column width=\u00bb1\/4&#8243; css=\u00bb.vc_custom_1506443022885{padding-top: 5% !important;padding-bottom: 5% !important;}\u00bb][vc_single_image image=\u00bb323&#8243; img_size=\u00bb80&#215;80&#8243; alignment=\u00bbcenter\u00bb][vc_column_text align=\u00bbcenter\u00bb css=\u00bb.vc_custom_1505316260019{margin-bottom: 0px !important;}\u00bb]\n<h6>ADHESIVOS Y LUBRICANTES<\/h6>\n[\/vc_column_text][vc_separator color=\u00bbjuicy_pink\u00bb el_width=\u00bb30&#8243;][vc_column_text align=\u00bbcenter\u00bb css=\u00bb.vc_custom_1505316270420{margin-bottom: 0px !important;}\u00bb]Adhesivo en tubo, en cartucho, productos desengrasantes, limpiadores, productos de impermeabilidad&#8230;[\/vc_column_text][\/vc_column][vc_column width=\u00bb1\/4&#8243; css=\u00bb.vc_custom_1506443016341{padding-top: 5% !important;padding-bottom: 5% !important;}\u00bb][vc_single_image image=\u00bb327&#8243; img_size=\u00bb80&#215;80&#8243; alignment=\u00bbcenter\u00bb][vc_column_text align=\u00bbcenter\u00bb css=\u00bb.vc_custom_1505315990883{margin-bottom: 0px !important;}\u00bb]\n<h6>IMPERMEABILIDAD<\/h6>\n[\/vc_column_text][vc_separator color=\u00bbjuicy_pink\u00bb el_width=\u00bb30&#8243;][vc_column_text align=\u00bbcenter\u00bb css=\u00bb.vc_custom_1505315999755{margin-bottom: 0px !important;}\u00bb]Revestimientos mec\u00e1nicos de las bombas, juntas, juntas t\u00f3ricas, en espiral, planas, con reborde, especiales&#8230;<br \/>\nEn unidades o en kit, cortadas o en placa.[\/vc_column_text][\/vc_column][\/vc_row]\n","protected":false},"excerpt":{"rendered":"<p>Una oferta de delegaci\u00f3n de compras para suministros optimizados y costes de log\u00edstica reducidos.<\/p>\n","protected":false},"author":1,"featured_media":6012,"parent":3650,"menu_order":0,"comment_status":"closed","ping_status":"closed","template":"","meta":{"footnotes":""},"_links":{"self":[{"href":"https:\/\/www.distribution.fluides-service.com\/es\/wp-json\/wp\/v2\/pages\/3578"}],"collection":[{"href":"https:\/\/www.distribution.fluides-service.com\/es\/wp-json\/wp\/v2\/pages"}],"about":[{"href":"https:\/\/www.distribution.fluides-service.com\/es\/wp-json\/wp\/v2\/types\/page"}],"author":[{"embeddable":true,"href":"https:\/\/www.distribution.fluides-service.com\/es\/wp-json\/wp\/v2\/users\/1"}],"replies":[{"embeddable":true,"href":"https:\/\/www.distribution.fluides-service.com\/es\/wp-json\/wp\/v2\/comments?post=3578"}],"version-history":[{"count":2,"href":"https:\/\/www.distribution.fluides-service.com\/es\/wp-json\/wp\/v2\/pages\/3578\/revisions"}],"predecessor-version":[{"id":6364,"href":"https:\/\/www.distribution.fluides-service.com\/es\/wp-json\/wp\/v2\/pages\/3578\/revisions\/6364"}],"up":[{"embeddable":true,"href":"https:\/\/www.distribution.fluides-service.com\/es\/wp-json\/wp\/v2\/pages\/3650"}],"wp:featuredmedia":[{"embeddable":true,"href":"https:\/\/www.distribution.fluides-service.com\/es\/wp-json\/wp\/v2\/media\/6012"}],"wp:attachment":[{"href":"https:\/\/www.distribution.fluides-service.com\/es\/wp-json\/wp\/v2\/media?parent=3578"}],"curies":[{"name":"wp","href":"https:\/\/api.w.org\/{rel}","templated":true}]}}