{"id":3564,"date":"2017-09-10T01:34:50","date_gmt":"2017-09-09T23:34:50","guid":{"rendered":"http:\/\/www.distribution.fluides-service.com\/agroalimentacion\/"},"modified":"2019-07-02T15:04:34","modified_gmt":"2019-07-02T13:04:34","slug":"agroalimentacion","status":"publish","type":"page","link":"https:\/\/www.distribution.fluides-service.com\/es\/nuestros-sectores-de-actividad\/agroalimentacion\/","title":{"rendered":"Agroalimentaci\u00f3n"},"content":{"rendered":"[mk_page_section bg_image=\u00bbhttps:\/\/www.distribution.fluides-service.com\/wp-content\/uploads\/2017\/06\/slide-agroalimentaire-fluides-services-distribution-1.jpg\u00bb bg_position=\u00bbcenter center\u00bb bg_repeat=\u00bbno-repeat\u00bb bg_stretch=\u00bbtrue\u00bb video_loop=\u00bbfalse\u00bb full_height=\u00bbtrue\u00bb padding_top=\u00bb\u00bb padding_bottom=\u00bb\u00bb skip_arrow=\u00bbtrue\u00bb sidebar=\u00bbsidebar-1&#8243;][vc_column css=\u00bb.vc_custom_1499273361776{padding-top: 20% !important;}\u00bb][vc_column_text disable_pattern=\u00bbfalse\u00bb css=\u00bb.vc_custom_1562072557752{margin-bottom: 0px !important;}\u00bb]<img decoding=\"async\" loading=\"lazy\" class=\"opaque alignnone wp-image-172\" src=\"https:\/\/www.distribution.fluides-service.com\/wp-content\/uploads\/2017\/06\/energy-fluides-services-distribution.png\" alt=\"\" width=\"80\" height=\"80\" srcset=\"https:\/\/www.distribution.fluides-service.com\/wp-content\/uploads\/2017\/06\/energy-fluides-services-distribution.png 110w, https:\/\/www.distribution.fluides-service.com\/wp-content\/uploads\/2017\/06\/energy-fluides-services-distribution-300x300.png 300w\" sizes=\"(max-width: 80px) 100vw, 80px\" \/><\/p>\n<h2><span style=\"background-color: rgba(255, 255, 255, 0.6);\">Agroalimentaci\u00f3n<\/span><\/h2>\n<p>&nbsp;<\/p>\n<h3><span style=\"background-color: rgba(255, 255, 255, 0.6);\">Como colaborador del sector agroalimenticio franc\u00e9s desde hace 150 a\u00f1os a trav\u00e9s de nuestro grupo, nuestras gamas de productos se adaptan perfectamente a las exigencias de higiene y productividad. \u00bfNo puede esperar? Tranquil\u00edcese, llevamos la capacidad de reacci\u00f3n en la sangre. En caso de emergencia, ponemos en pr\u00e1ctica soluciones log\u00edsticas para satisfacer sus exigencias. <\/span><\/h3>\n[\/vc_column_text][\/vc_column][\/mk_page_section][vc_row][vc_column width=\u00bb1\/4&#8243; css=\u00bb.vc_custom_1506443035604{padding-top: 5% !important;padding-bottom: 5% !important;}\u00bb][vc_single_image image=\u00bb327&#8243; img_size=\u00bb80&#215;80&#8243; alignment=\u00bbcenter\u00bb][vc_column_text align=\u00bbcenter\u00bb css=\u00bb.vc_custom_1505317044801{margin-bottom: 0px !important;}\u00bb]\n<h6>IMPERMEABILIDAD<\/h6>\n[\/vc_column_text][vc_separator color=\u00bbjuicy_pink\u00bb el_width=\u00bb30&#8243;][vc_column_text align=\u00bbcenter\u00bb css=\u00bb.vc_custom_1505317033952{margin-bottom: 0px !important;}\u00bb]Revestimientos mec\u00e1nicos de las bombas, juntas, juntas t\u00f3ricas, en espiral, planas, con reborde, especiales&#8230;<br \/>\nEn unidades o en kit, cortadas o en placa.[\/vc_column_text][\/vc_column][vc_column width=\u00bb1\/4&#8243; css=\u00bb.vc_custom_1506443028810{padding-top: 5% !important;padding-bottom: 5% !important;}\u00bb][vc_single_image image=\u00bb324&#8243; img_size=\u00bb80&#215;80&#8243; alignment=\u00bbcenter\u00bb][vc_column_text disable_pattern=\u00bbfalse\u00bb align=\u00bbcenter\u00bb css=\u00bb.vc_custom_1505316971886{margin-bottom: 0px !important;}\u00bb]\n<h6>COMPONENTES HIDR\u00c1ULICOS Y NEUM\u00c1TICOS<\/h6>\n[\/vc_column_text][vc_separator color=\u00bbjuicy_pink\u00bb el_width=\u00bb30&#8243;][vc_column_text disable_pattern=\u00bbfalse\u00bb align=\u00bbcenter\u00bb css=\u00bb.vc_custom_1505316982295{margin-bottom: 0px !important;}\u00bb]Compresores de aire, accionadores hidr\u00e1ulicos, gatos, motores y accesorios, filtros de aire o hidr\u00e1ulicos, purgadores, separadores, secadores de aire y desecantes&#8230;[\/vc_column_text][\/vc_column][vc_column width=\u00bb1\/4&#8243; css=\u00bb.vc_custom_1506443022885{padding-top: 5% !important;padding-bottom: 5% !important;}\u00bb][vc_single_image image=\u00bb326&#8243; img_size=\u00bb80&#215;80&#8243; alignment=\u00bbcenter\u00bb][vc_column_text align=\u00bbcenter\u00bb css=\u00bb.vc_custom_1505317169056{margin-bottom: 0px !important;}\u00bb]\n<h6>EQUIPOS DE TALLER<\/h6>\n[\/vc_column_text][vc_separator color=\u00bbjuicy_pink\u00bb el_width=\u00bb30&#8243;][vc_column_text align=\u00bbcenter\u00bb css=\u00bb.vc_custom_1505317176942{margin-bottom: 0px !important;}\u00bb]Herramientas de corte (fresas, brocas, tornillos de rosca, escariadores, placas de metal), material de soldadura (postas, sopletes, accesorios, consumibles certificados y herramientas de ensamblado&#8230;)[\/vc_column_text][\/vc_column][vc_column width=\u00bb1\/4&#8243; css=\u00bb.vc_custom_1506443016341{padding-top: 5% !important;padding-bottom: 5% !important;}\u00bb][vc_single_image image=\u00bb330&#8243; img_size=\u00bb80&#215;80&#8243; alignment=\u00bbcenter\u00bb][vc_column_text disable_pattern=\u00bbfalse\u00bb align=\u00bbcenter\u00bb css=\u00bb.vc_custom_1505316930908{margin-bottom: 0px !important;}\u00bb]\n<h6>HERRAMIENTAS<\/h6>\n[\/vc_column_text][vc_separator color=\u00bbjuicy_pink\u00bb el_width=\u00bb30&#8243;][vc_column_text disable_pattern=\u00bbfalse\u00bb align=\u00bbcenter\u00bb css=\u00bb.vc_custom_1505316919760{margin-bottom: 0px !important;}\u00bb]Varias gamas de herramientas manuales, port\u00e1tiles y el\u00e9ctricas de las marcas m\u00e1s importantes para sus taladradoras, pulidoras, atornilladores y otras herramientas port\u00e1tiles&#8230;[\/vc_column_text][\/vc_column][\/vc_row][vc_row][vc_column width=\u00bb1\/4&#8243; css=\u00bb.vc_custom_1506443035604{padding-top: 5% !important;padding-bottom: 5% !important;}\u00bb][vc_single_image image=\u00bb333&#8243; img_size=\u00bb80&#215;80&#8243; alignment=\u00bbcenter\u00bb][vc_column_text disable_pattern=\u00bbfalse\u00bb align=\u00bbcenter\u00bb css=\u00bb.vc_custom_1505317126410{margin-bottom: 0px !important;}\u00bb]\n<h6>TRANSFERENCIA DE L\u00cdQUIDOS<\/h6>\n[\/vc_column_text][vc_separator color=\u00bbjuicy_pink\u00bb el_width=\u00bb30&#8243;][vc_column_text disable_pattern=\u00bbfalse\u00bb align=\u00bbcenter\u00bb css=\u00bb.vc_custom_1505317139157{margin-bottom: 0px !important;}\u00bb]Empalmes hidr\u00e1ulicos, empalmes de bombeo, expr\u00e9s, acopladores, distribuidores, controles hidr\u00e1ulicos, mangueras b\u00e1sicas y de alta presi\u00f3n, tubos, conectores&#8230;[\/vc_column_text][\/vc_column][vc_column width=\u00bb1\/4&#8243; css=\u00bb.vc_custom_1506443028810{padding-top: 5% !important;padding-bottom: 5% !important;}\u00bb][vc_single_image image=\u00bb325&#8243; img_size=\u00bb80&#215;80&#8243; alignment=\u00bbcenter\u00bb][vc_column_text disable_pattern=\u00bbfalse\u00bb align=\u00bbcenter\u00bb css=\u00bb.vc_custom_1505317071068{margin-bottom: 0px !important;}\u00bb]\n<h6>EPI (para EQUIPOS DE PROTECCI\u00d3N INDIVIDUAL)<\/h6>\n[\/vc_column_text][vc_separator color=\u00bbjuicy_pink\u00bb el_width=\u00bb30&#8243;][vc_column_text disable_pattern=\u00bbfalse\u00bb align=\u00bbcenter\u00bb css=\u00bb.vc_custom_1505317078386{margin-bottom: 0px !important;}\u00bb]Protecci\u00f3n para la cabeza, los ojos, las manos, los pies, protecci\u00f3n contra el ruido, respiratoria, contra el ahogamiento, ropa de trabajo[\/vc_column_text][\/vc_column][vc_column width=\u00bb1\/4&#8243; css=\u00bb.vc_custom_1506443022885{padding-top: 5% !important;padding-bottom: 5% !important;}\u00bb][vc_single_image image=\u00bb334&#8243; img_size=\u00bb80&#215;80&#8243; alignment=\u00bbcenter\u00bb][vc_column_text align=\u00bbcenter\u00bb css=\u00bb.vc_custom_1505316946553{margin-bottom: 0px !important;}\u00bb]\n<h6>TRANSMISI\u00d3N MEC\u00c1NICA<\/h6>\n[\/vc_column_text][vc_separator color=\u00bbjuicy_pink\u00bb el_width=\u00bb30&#8243;][vc_column_text align=\u00bbcenter\u00bb css=\u00bb.vc_custom_1505316955294{margin-bottom: 0px !important;}\u00bb]Rodamientos, correas, poleas, acoplamientos, cadenas, cardanes, reductores&#8230;[\/vc_column_text][\/vc_column][vc_column width=\u00bb1\/4&#8243; css=\u00bb.vc_custom_1506443016341{padding-top: 5% !important;padding-bottom: 5% !important;}\u00bb][vc_single_image image=\u00bb328&#8243; img_size=\u00bb80&#215;80&#8243; alignment=\u00bbcenter\u00bb][vc_column_text disable_pattern=\u00bbfalse\u00bb align=\u00bbcenter\u00bb css=\u00bb.vc_custom_1505317234102{margin-bottom: 0px !important;}\u00bb]\n<h6>FILTRACI\u00d3N<\/h6>\n[\/vc_column_text][vc_separator color=\u00bbjuicy_pink\u00bb el_width=\u00bb30&#8243;][vc_column_text disable_pattern=\u00bbfalse\u00bb align=\u00bbcenter\u00bb css=\u00bb.vc_custom_1505317243244{margin-bottom: 0px !important;}\u00bb]Filtros de aire de baja y alta presi\u00f3n (de cartuchos adaptables), filtros hidr\u00e1ulicos, purgadores, separadores&#8230;[\/vc_column_text][\/vc_column][\/vc_row][vc_row][vc_column width=\u00bb1\/4&#8243; css=\u00bb.vc_custom_1506443035604{padding-top: 5% !important;padding-bottom: 5% !important;}\u00bb][vc_single_image image=\u00bb329&#8243; img_size=\u00bb80&#215;80&#8243; alignment=\u00bbcenter\u00bb][vc_column_text align=\u00bbcenter\u00bb css=\u00bb.vc_custom_1505317294786{margin-bottom: 0px !important;}\u00bb]\n<h6>EQUIPO<\/h6>\n[\/vc_column_text][vc_separator color=\u00bbjuicy_pink\u00bb el_width=\u00bb30&#8243;][vc_column_text align=\u00bbcenter\u00bb css=\u00bb.vc_custom_1505317284793{margin-bottom: 0px !important;}\u00bb]Instrumentos de medici\u00f3n, transmisores, sondas, medidores, analizadores, indicadores de nivel. Tubing, fitting, manifold, caja de paso, cable, red de cableado&#8230;[\/vc_column_text][\/vc_column][vc_column width=\u00bb1\/4&#8243; css=\u00bb.vc_custom_1506443028810{padding-top: 5% !important;padding-bottom: 5% !important;}\u00bb][vc_single_image image=\u00bb331&#8243; img_size=\u00bb80&#215;80&#8243; alignment=\u00bbcenter\u00bb][vc_column_text align=\u00bbcenter\u00bb css=\u00bb.vc_custom_1505317318600{margin-bottom: 0px !important;}\u00bb]\n<h6>GRIFER\u00cdA<\/h6>\n[\/vc_column_text][vc_separator color=\u00bbjuicy_pink\u00bb el_width=\u00bb30&#8243;][vc_column_text align=\u00bbcenter\u00bb css=\u00bb.vc_custom_1505317307853{margin-bottom: 0px !important;}\u00bb]Desde v\u00e1lvulas de herramientas hasta v\u00e1lvulas de tuber\u00eda. Desde v\u00e1lvulas manuales hasta v\u00e1lvulas neum\u00e1ticas o el\u00e9ctricas. Seg\u00fan especificaciones, con certificados e inspecci\u00f3n&#8230;[\/vc_column_text][\/vc_column][vc_column width=\u00bb1\/4&#8243; css=\u00bb.vc_custom_1506443022885{padding-top: 5% !important;padding-bottom: 5% !important;}\u00bb][vc_single_image image=\u00bb323&#8243; img_size=\u00bb80&#215;80&#8243; alignment=\u00bbcenter\u00bb][vc_column_text align=\u00bbcenter\u00bb css=\u00bb.vc_custom_1505317205922{margin-bottom: 0px !important;}\u00bb]\n<h6>ADHESIVOS Y LUBRICANTES<\/h6>\n[\/vc_column_text][vc_separator color=\u00bbjuicy_pink\u00bb el_width=\u00bb30&#8243;][vc_column_text align=\u00bbcenter\u00bb css=\u00bb.vc_custom_1505317213849{margin-bottom: 0px !important;}\u00bb]Adhesivo en tubo, en cartucho, productos desengrasantes, limpiadores, productos de impermeabilidad&#8230;[\/vc_column_text][\/vc_column][vc_column width=\u00bb1\/4&#8243; css=\u00bb.vc_custom_1506443016341{padding-top: 5% !important;padding-bottom: 5% !important;}\u00bb][vc_single_image image=\u00bb332&#8243; img_size=\u00bb80&#215;80&#8243; alignment=\u00bbcenter\u00bb][vc_column_text align=\u00bbcenter\u00bb css=\u00bb.vc_custom_1505317102923{margin-bottom: 0px !important;}\u00bb]\n<h6>TERCIARIO<\/h6>\n[\/vc_column_text][vc_separator color=\u00bbjuicy_pink\u00bb el_width=\u00bb30&#8243;][vc_column_text align=\u00bbcenter\u00bb css=\u00bb.vc_custom_1505317093312{margin-bottom: 0px !important;}\u00bb]Suministros, productos alimenticios (caf\u00e9, alimentos respetando la cadena de fr\u00edo&#8230;), veh\u00edculos (cl\u00e1sicos o modificados GNV) para las casetas y centros[\/vc_column_text][\/vc_column][\/vc_row]\n","protected":false},"excerpt":{"rendered":"<p>Una fuerte capacidad de reacci\u00f3n combinada con gamas de productos ajustadas a las exigencias del lugar. <\/p>\n","protected":false},"author":1,"featured_media":6018,"parent":3650,"menu_order":0,"comment_status":"closed","ping_status":"closed","template":"","meta":{"footnotes":""},"_links":{"self":[{"href":"https:\/\/www.distribution.fluides-service.com\/es\/wp-json\/wp\/v2\/pages\/3564"}],"collection":[{"href":"https:\/\/www.distribution.fluides-service.com\/es\/wp-json\/wp\/v2\/pages"}],"about":[{"href":"https:\/\/www.distribution.fluides-service.com\/es\/wp-json\/wp\/v2\/types\/page"}],"author":[{"embeddable":true,"href":"https:\/\/www.distribution.fluides-service.com\/es\/wp-json\/wp\/v2\/users\/1"}],"replies":[{"embeddable":true,"href":"https:\/\/www.distribution.fluides-service.com\/es\/wp-json\/wp\/v2\/comments?post=3564"}],"version-history":[{"count":2,"href":"https:\/\/www.distribution.fluides-service.com\/es\/wp-json\/wp\/v2\/pages\/3564\/revisions"}],"predecessor-version":[{"id":6352,"href":"https:\/\/www.distribution.fluides-service.com\/es\/wp-json\/wp\/v2\/pages\/3564\/revisions\/6352"}],"up":[{"embeddable":true,"href":"https:\/\/www.distribution.fluides-service.com\/es\/wp-json\/wp\/v2\/pages\/3650"}],"wp:featuredmedia":[{"embeddable":true,"href":"https:\/\/www.distribution.fluides-service.com\/es\/wp-json\/wp\/v2\/media\/6018"}],"wp:attachment":[{"href":"https:\/\/www.distribution.fluides-service.com\/es\/wp-json\/wp\/v2\/media?parent=3564"}],"curies":[{"name":"wp","href":"https:\/\/api.w.org\/{rel}","templated":true}]}}